{"id":1350,"date":"2021-02-28T18:28:16","date_gmt":"2021-02-28T17:28:16","guid":{"rendered":"https:\/\/komet.pl\/standardy-wspolpracy\/"},"modified":"2021-06-03T22:17:14","modified_gmt":"2021-06-03T20:17:14","slug":"notre-ethique","status":"publish","type":"page","link":"https:\/\/komet.pl\/fr\/notre-ethique\/","title":{"rendered":"Notre \u00e9thique"},"content":{"rendered":"\n<p><strong>NASZE STANDARDY WSP\u00d3\u0141PRACY OBEJMUJ\u0104:<\/strong><\/p>\n\n\n\n<ul><li>Bezpiecze\u0144stwo pracy<\/li><li>Partnerskie relacje<\/li><li>Przestrzeganie poufno\u015bci<\/li><li>Etyk\u0119 biznesow\u0105<\/li><li>Wzajemny rozw\u00f3j<\/li><\/ul>\n\n\n\n<p><strong>BEZPIECZE\u0143STWO PRACY<\/strong><\/p>\n\n\n\n<p>Prac\u0119 wykonujemy w oparciu o obowi\u0105zuj\u0105ce przepisy i normy, kt\u00f3re dotycz\u0105 bezpiecze\u0144stwa. Znajomo\u015b\u0107 zasad BHP, oraz ich przestrzeganie, jest dla nas bardzo istotna. Wszystkie pomieszczenia oraz urz\u0105dzenia, kt\u00f3rymi dysponujemy s\u0105 nale\u017cycie wyposa\u017cone, w pe\u0142ni sprawne oraz odpowiednio oznaczone. Zale\u017cy nam, by wszyscy nasi dostawcy r\u00f3wnie\u017c w spos\u00f3b bezpieczny prowadzili swoj\u0105 dzia\u0142alno\u015b\u0107.<\/p>\n\n\n\n<p><strong>PARTNERSKIE RELACJE<\/strong><\/p>\n\n\n\n<p>Budujemy d\u0142ugotrwa\u0142e, otwarte i przede wszystkim oparte na zaufaniu relacje z otoczeniem: partnerami, klientami, dostawcami. Stawiamy na kreatywno\u015b\u0107, efektywno\u015b\u0107, osoby, kt\u00f3re kieruj\u0105 si\u0119 w swych dzia\u0142aniach zar\u00f3wno intuicj\u0105, jak i wiedz\u0105 i do\u015bwiadczeniem. Wa\u017cne jest uto\u017csamianie si\u0119 z nasz\u0105 organizacj\u0105 i produktami. Wsp\u00f3\u0142pracujemy z otoczeniem w poszukiwaniu najlepszych rozwi\u0105za\u0144, kt\u00f3rych profesjonalne oferowanie jest naszym celem.<\/p>\n\n\n\n<p><strong>PRZESTRZEGANIE POUFNO\u015aCI<\/strong><\/p>\n\n\n\n<p>Rozumiemy jak istotne jest zachowanie w tajemnicy danych udost\u0119pnianych nam przez naszych partner\u00f3w i klient\u00f3w. S\u0105 to m.in. autorskie projekty, wizualizacje, opracowania techniczne, zdj\u0119cia itd. Szanujemy prawa autorskie i maj\u0105tkowe, ale te\u017c tego samego oczekujemy wzgl\u0119dem przygotowanych przez nas materia\u0142\u00f3w, kt\u00f3re udost\u0119pniamy na potrzeby wsp\u00f3\u0142pracy naszym partnerom.<\/p>\n\n\n\n<p><strong>ETYKA BIZNESOWA<\/strong><\/p>\n\n\n\n<p>Wszystkie dzia\u0142ania, kt\u00f3re podejmujemy s\u0105 zgodne z obowi\u0105zuj\u0105cym prawem, a nasza codzienna praca jest wykonywana w oparciu o obowi\u0105zuj\u0105ce przepisy. Przestrzegamy zasad etyki biznesowej; cechuje nas uczciwo\u015b\u0107, unikamy niejasno\u015bci, jak i wszelkich negatywnych postaw i zachowa\u0144. D\u0105\u017cymy do wsp\u00f3\u0142pracy z firmami, kt\u00f3re stosuj\u0105 podobne warto\u015bci.<\/p>\n\n\n\n<p><strong>WZAJEMNY ROZW\u00d3J<\/strong><\/p>\n\n\n\n<p>Dbamy o wizerunek przedsi\u0119biorstwa oraz naszych marek. Wprowadzili\u015bmy mo\u017cliwo\u015b\u0107 bie\u017c\u0105cej oceny naszej pracy za pomoc\u0105 formularza umieszczonego na stronie <a href=\"http:\/\/www.komet.pl\/\"><u>www.komet.pl<\/u><\/a> (zak\u0142adka wsp\u00f3\u0142praca). Zach\u0119camy do przesy\u0142ania opinii. Ka\u017cd\u0105 otrzyman\u0105 ocen\u0119 szczeg\u00f3\u0142owo analizujemy, poniewa\u017c wierzymy, \u017ce jest ona niezb\u0119dna do zapewnienia wysokich standard\u00f3w i wsp\u00f3lnego rozwoju.&nbsp;<\/p>\n","protected":false},"excerpt":{"rendered":"<p>NASZE STANDARDY WSP\u00d3\u0141PRACY OBEJMUJ\u0104: Bezpiecze\u0144stwo pracy Partnerskie relacje Przestrzeganie poufno\u015bci Etyk\u0119 biznesow\u0105 Wzajemny rozw\u00f3j BEZPIECZE\u0143STWO PRACY Prac\u0119 wykonujemy w oparciu o obowi\u0105zuj\u0105ce przepisy i normy, kt\u00f3re dotycz\u0105 bezpiecze\u0144stwa. Znajomo\u015b\u0107 zasad BHP, oraz ich przestrzeganie, jest dla nas bardzo istotna. Wszystkie pomieszczenia oraz urz\u0105dzenia, kt\u00f3rymi dysponujemy s\u0105 nale\u017cycie wyposa\u017cone, w pe\u0142ni sprawne oraz odpowiednio oznaczone. Zale\u017cy [&hellip;]<\/p>\n","protected":false},"author":1,"featured_media":0,"parent":0,"menu_order":0,"comment_status":"closed","ping_status":"closed","template":"","meta":{"inline_featured_image":false},"yoast_head":"<!-- This site is optimized with the Yoast SEO plugin v19.5.1 - https:\/\/yoast.com\/wordpress\/plugins\/seo\/ -->\n<title>Notre \u00e9thique - Komet<\/title>\n<meta name=\"robots\" content=\"index, follow, max-snippet:-1, max-image-preview:large, max-video-preview:-1\" \/>\n<link rel=\"canonical\" href=\"https:\/\/komet.pl\/fr\/notre-ethique\/\" \/>\n<meta property=\"og:locale\" content=\"fr_FR\" \/>\n<meta property=\"og:type\" content=\"article\" \/>\n<meta property=\"og:title\" content=\"Notre \u00e9thique - Komet\" \/>\n<meta property=\"og:description\" content=\"NASZE STANDARDY WSP\u00d3\u0141PRACY OBEJMUJ\u0104: Bezpiecze\u0144stwo pracy Partnerskie relacje Przestrzeganie poufno\u015bci Etyk\u0119 biznesow\u0105 Wzajemny rozw\u00f3j BEZPIECZE\u0143STWO PRACY Prac\u0119 wykonujemy w oparciu o obowi\u0105zuj\u0105ce przepisy i normy, kt\u00f3re dotycz\u0105 bezpiecze\u0144stwa. Znajomo\u015b\u0107 zasad BHP, oraz ich przestrzeganie, jest dla nas bardzo istotna. Wszystkie pomieszczenia oraz urz\u0105dzenia, kt\u00f3rymi dysponujemy s\u0105 nale\u017cycie wyposa\u017cone, w pe\u0142ni sprawne oraz odpowiednio oznaczone. Zale\u017cy [&hellip;]\" \/>\n<meta property=\"og:url\" content=\"https:\/\/komet.pl\/fr\/notre-ethique\/\" \/>\n<meta property=\"og:site_name\" content=\"Komet\" \/>\n<meta property=\"article:modified_time\" content=\"2021-06-03T20:17:14+00:00\" \/>\n<meta name=\"twitter:card\" content=\"summary_large_image\" \/>\n<meta name=\"twitter:label1\" content=\"Dur\u00e9e de lecture estim\u00e9e\" \/>\n\t<meta name=\"twitter:data1\" content=\"2 minutes\" \/>\n<script type=\"application\/ld+json\" class=\"yoast-schema-graph\">{\"@context\":\"https:\/\/schema.org\",\"@graph\":[{\"@type\":\"WebPage\",\"@id\":\"https:\/\/komet.pl\/fr\/notre-ethique\/\",\"url\":\"https:\/\/komet.pl\/fr\/notre-ethique\/\",\"name\":\"Notre \u00e9thique - Komet\",\"isPartOf\":{\"@id\":\"https:\/\/komet.pl\/#website\"},\"datePublished\":\"2021-02-28T17:28:16+00:00\",\"dateModified\":\"2021-06-03T20:17:14+00:00\",\"breadcrumb\":{\"@id\":\"https:\/\/komet.pl\/fr\/notre-ethique\/#breadcrumb\"},\"inLanguage\":\"fr-FR\",\"potentialAction\":[{\"@type\":\"ReadAction\",\"target\":[\"https:\/\/komet.pl\/fr\/notre-ethique\/\"]}]},{\"@type\":\"BreadcrumbList\",\"@id\":\"https:\/\/komet.pl\/fr\/notre-ethique\/#breadcrumb\",\"itemListElement\":[{\"@type\":\"ListItem\",\"position\":1,\"name\":\"Notre \u00e9thique\"}]},{\"@type\":\"WebSite\",\"@id\":\"https:\/\/komet.pl\/#website\",\"url\":\"https:\/\/komet.pl\/\",\"name\":\"Komet\",\"description\":\"Partner produkcyjny dla firm. Stal i malowanie proszkowe w jednym miejscu.\",\"potentialAction\":[{\"@type\":\"SearchAction\",\"target\":{\"@type\":\"EntryPoint\",\"urlTemplate\":\"https:\/\/komet.pl\/?s={search_term_string}\"},\"query-input\":\"required name=search_term_string\"}],\"inLanguage\":\"fr-FR\"}]}<\/script>\n<!-- \/ Yoast SEO plugin. -->","yoast_head_json":{"title":"Notre \u00e9thique - Komet","robots":{"index":"index","follow":"follow","max-snippet":"max-snippet:-1","max-image-preview":"max-image-preview:large","max-video-preview":"max-video-preview:-1"},"canonical":"https:\/\/komet.pl\/fr\/notre-ethique\/","og_locale":"fr_FR","og_type":"article","og_title":"Notre \u00e9thique - Komet","og_description":"NASZE STANDARDY WSP\u00d3\u0141PRACY OBEJMUJ\u0104: Bezpiecze\u0144stwo pracy Partnerskie relacje Przestrzeganie poufno\u015bci Etyk\u0119 biznesow\u0105 Wzajemny rozw\u00f3j BEZPIECZE\u0143STWO PRACY Prac\u0119 wykonujemy w oparciu o obowi\u0105zuj\u0105ce przepisy i normy, kt\u00f3re dotycz\u0105 bezpiecze\u0144stwa. Znajomo\u015b\u0107 zasad BHP, oraz ich przestrzeganie, jest dla nas bardzo istotna. Wszystkie pomieszczenia oraz urz\u0105dzenia, kt\u00f3rymi dysponujemy s\u0105 nale\u017cycie wyposa\u017cone, w pe\u0142ni sprawne oraz odpowiednio oznaczone. Zale\u017cy [&hellip;]","og_url":"https:\/\/komet.pl\/fr\/notre-ethique\/","og_site_name":"Komet","article_modified_time":"2021-06-03T20:17:14+00:00","twitter_card":"summary_large_image","twitter_misc":{"Dur\u00e9e de lecture estim\u00e9e":"2 minutes"},"schema":{"@context":"https:\/\/schema.org","@graph":[{"@type":"WebPage","@id":"https:\/\/komet.pl\/fr\/notre-ethique\/","url":"https:\/\/komet.pl\/fr\/notre-ethique\/","name":"Notre \u00e9thique - Komet","isPartOf":{"@id":"https:\/\/komet.pl\/#website"},"datePublished":"2021-02-28T17:28:16+00:00","dateModified":"2021-06-03T20:17:14+00:00","breadcrumb":{"@id":"https:\/\/komet.pl\/fr\/notre-ethique\/#breadcrumb"},"inLanguage":"fr-FR","potentialAction":[{"@type":"ReadAction","target":["https:\/\/komet.pl\/fr\/notre-ethique\/"]}]},{"@type":"BreadcrumbList","@id":"https:\/\/komet.pl\/fr\/notre-ethique\/#breadcrumb","itemListElement":[{"@type":"ListItem","position":1,"name":"Notre \u00e9thique"}]},{"@type":"WebSite","@id":"https:\/\/komet.pl\/#website","url":"https:\/\/komet.pl\/","name":"Komet","description":"Partner produkcyjny dla firm. Stal i malowanie proszkowe w jednym miejscu.","potentialAction":[{"@type":"SearchAction","target":{"@type":"EntryPoint","urlTemplate":"https:\/\/komet.pl\/?s={search_term_string}"},"query-input":"required name=search_term_string"}],"inLanguage":"fr-FR"}]}},"_links":{"self":[{"href":"https:\/\/komet.pl\/fr\/wp-json\/wp\/v2\/pages\/1350"}],"collection":[{"href":"https:\/\/komet.pl\/fr\/wp-json\/wp\/v2\/pages"}],"about":[{"href":"https:\/\/komet.pl\/fr\/wp-json\/wp\/v2\/types\/page"}],"author":[{"embeddable":true,"href":"https:\/\/komet.pl\/fr\/wp-json\/wp\/v2\/users\/1"}],"replies":[{"embeddable":true,"href":"https:\/\/komet.pl\/fr\/wp-json\/wp\/v2\/comments?post=1350"}],"version-history":[{"count":1,"href":"https:\/\/komet.pl\/fr\/wp-json\/wp\/v2\/pages\/1350\/revisions"}],"predecessor-version":[{"id":1627,"href":"https:\/\/komet.pl\/fr\/wp-json\/wp\/v2\/pages\/1350\/revisions\/1627"}],"wp:attachment":[{"href":"https:\/\/komet.pl\/fr\/wp-json\/wp\/v2\/media?parent=1350"}],"curies":[{"name":"wp","href":"https:\/\/api.w.org\/{rel}","templated":true}]}}