{"id":1338,"date":"2020-12-19T16:51:29","date_gmt":"2020-12-19T15:51:29","guid":{"rendered":"https:\/\/komet.pl\/projekty-unijne\/"},"modified":"2021-06-10T14:48:55","modified_gmt":"2021-06-10T12:48:55","slug":"projets-europeens","status":"publish","type":"page","link":"https:\/\/komet.pl\/fr\/projets-europeens\/","title":{"rendered":"Projets europ\u00e9ens"},"content":{"rendered":"\n<figure class=\"wp-block-image size-large\"><img loading=\"lazy\" width=\"992\" height=\"114\" src=\"https:\/\/komet.pl\/wp-content\/uploads\/2021\/05\/oHjAi-992x114.jpg\" alt=\"\" class=\"wp-image-1175\" srcset=\"https:\/\/komet.pl\/wp-content\/uploads\/2021\/05\/oHjAi-992x114.jpg 992w, https:\/\/komet.pl\/wp-content\/uploads\/2021\/05\/oHjAi-576x66.jpg 576w, https:\/\/komet.pl\/wp-content\/uploads\/2021\/05\/oHjAi-768x88.jpg 768w, https:\/\/komet.pl\/wp-content\/uploads\/2021\/05\/oHjAi-1536x176.jpg 1536w, https:\/\/komet.pl\/wp-content\/uploads\/2021\/05\/oHjAi-2048x235.jpg 2048w\" sizes=\"(max-width: 992px) 100vw, 992px\" \/><\/figure>\n\n\n\n<p>Le b\u00e9n\u00e9ficiaire, Komet Sp. z o.o., r\u00e9alise le projet ?&nbsp;Promotion de la marque My MODERN Home sur les march\u00e9s internationaux&nbsp;? dans le cadre du dispositif 3.3.3 Soutien aux PME dans la promotion des marques des produits ? Go to Brand. Le projet op\u00e9rationnel du d\u00e9veloppement intelligeant 2014-2020.<\/p>\n\n\n\n<p><strong>L?objectif du projet&nbsp;:<\/strong> D\u00e9velopper la pr\u00e9sence ? l?export d?une entreprise. Gr\u00e2ce ? ce programme, Komet pourra pr\u00e9senter ses gammes de mobilier d?int\u00e9rieur (entre autres sur le march\u00e9 ? fort potentiel ? Les \u00c9mirats Arabes Unis) ce qui aura un impact consid\u00e9rable sur son chiffre d?affaires et ses revenus. Ce projet d\u00e9veloppera le r\u00e9seau des partenaires et augmentera la visibilit\u00e9 de la marque My MODERN Home. La participation aux salons professionnels, ce qui reste notre objectif principal, renforcera la position de l?entreprise dans le secteur.<br><strong>R\u00e9sultats pr\u00e9vus&nbsp;: <\/strong>Augmentation du nombre des contacts internationaux et du chiffre d?affaires r\u00e9alis\u00e9 ? l?export.<br><strong>Valeur du projet&nbsp;: <\/strong>565&nbsp;900.00 PLN<br><strong>Subvention d?U.E&nbsp;:<\/strong> 424&nbsp;425.00 PLN<\/p>\n\n\n\n<figure class=\"wp-block-image size-large\"><img loading=\"lazy\" width=\"992\" height=\"114\" src=\"https:\/\/komet.pl\/wp-content\/uploads\/2021\/05\/oHjAi-1-992x114.jpg\" alt=\"\" class=\"wp-image-1178\" srcset=\"https:\/\/komet.pl\/wp-content\/uploads\/2021\/05\/oHjAi-1-992x114.jpg 992w, https:\/\/komet.pl\/wp-content\/uploads\/2021\/05\/oHjAi-1-576x66.jpg 576w, https:\/\/komet.pl\/wp-content\/uploads\/2021\/05\/oHjAi-1-768x88.jpg 768w, https:\/\/komet.pl\/wp-content\/uploads\/2021\/05\/oHjAi-1-1536x176.jpg 1536w, https:\/\/komet.pl\/wp-content\/uploads\/2021\/05\/oHjAi-1-2048x235.jpg 2048w\" sizes=\"(max-width: 992px) 100vw, 992px\" \/><\/figure>\n\n\n\n<p>Le b\u00e9n\u00e9ficiaire, Komet Sp. z o.o., r\u00e9alise le projet ?&nbsp;Promotion de la marque My MODERN Home sur les march\u00e9s internationaux&nbsp;? dans le cadre du dispositif 3.3.3 Soutien aux PME dans la promotion des marques des produits ? Go to Brand. Le projet op\u00e9rationnel du d\u00e9veloppement intelligeant 2014-2020.<\/p>\n\n\n\n<p><strong>L?objectif du projet&nbsp;:<\/strong> D\u00e9velopper la pr\u00e9sence ? l?export d?une entreprise. Gr\u00e2ce ? ce programme, Komet pourra pr\u00e9senter ses gammes de mobilier d?int\u00e9rieur (entre autres sur le march\u00e9 ? fort potentiel &#8211; Les \u00c9mirats Arabes Unis) ce qui aura un impact consid\u00e9rable sur son chiffre d?affaires et ses revenus. Ce projet d\u00e9veloppera le r\u00e9seau des partenaires et augmentera la visibilit\u00e9 de la marque My MODERN Home. La participation aux salons professionnels, ce qui reste notre objectif principal, renforcera la position de l?entreprise dans le secteur.<br><strong>R\u00e9sultats pr\u00e9vus&nbsp;: <\/strong>Augmentation du nombre des contacts internationaux et du chiffre d?affaires r\u00e9alis\u00e9 ? l?export.<br><strong>Valeur du projet&nbsp;:<\/strong> 546&nbsp;800.00 PLN<br><strong>Subvention d?U.E&nbsp;:<\/strong> 410 100.00 PLN<\/p>\n","protected":false},"excerpt":{"rendered":"<p>Le b\u00e9n\u00e9ficiaire, Komet Sp. z o.o., r\u00e9alise le projet ?&nbsp;Promotion de la marque My MODERN Home sur les march\u00e9s internationaux&nbsp;? dans le cadre du dispositif 3.3.3 Soutien aux PME dans la promotion des marques des produits ? Go to Brand. Le projet op\u00e9rationnel du d\u00e9veloppement intelligeant 2014-2020. L?objectif du projet&nbsp;: D\u00e9velopper la pr\u00e9sence ? l?export [&hellip;]<\/p>\n","protected":false},"author":1,"featured_media":0,"parent":0,"menu_order":0,"comment_status":"closed","ping_status":"closed","template":"page-projekty-unijne.php","meta":{"inline_featured_image":false},"yoast_head":"<!-- This site is optimized with the Yoast SEO plugin v19.5.1 - https:\/\/yoast.com\/wordpress\/plugins\/seo\/ -->\n<title>Projets europ\u00e9ens - Komet<\/title>\n<meta name=\"robots\" content=\"index, follow, max-snippet:-1, max-image-preview:large, max-video-preview:-1\" \/>\n<link rel=\"canonical\" href=\"https:\/\/komet.pl\/fr\/projets-europeens\/\" \/>\n<meta property=\"og:locale\" content=\"fr_FR\" \/>\n<meta property=\"og:type\" content=\"article\" \/>\n<meta property=\"og:title\" content=\"Projets europ\u00e9ens - Komet\" \/>\n<meta property=\"og:description\" content=\"Le b\u00e9n\u00e9ficiaire, Komet Sp. z o.o., r\u00e9alise le projet ?&nbsp;Promotion de la marque My MODERN Home sur les march\u00e9s internationaux&nbsp;? dans le cadre du dispositif 3.3.3 Soutien aux PME dans la promotion des marques des produits ? Go to Brand. Le projet op\u00e9rationnel du d\u00e9veloppement intelligeant 2014-2020. L?objectif du projet&nbsp;: D\u00e9velopper la pr\u00e9sence ? l?export [&hellip;]\" \/>\n<meta property=\"og:url\" content=\"https:\/\/komet.pl\/fr\/projets-europeens\/\" \/>\n<meta property=\"og:site_name\" content=\"Komet\" \/>\n<meta property=\"article:modified_time\" content=\"2021-06-10T12:48:55+00:00\" \/>\n<meta property=\"og:image\" content=\"https:\/\/komet.pl\/wp-content\/uploads\/2021\/05\/oHjAi-992x114.jpg\" \/>\n<meta name=\"twitter:card\" content=\"summary_large_image\" \/>\n<meta name=\"twitter:label1\" content=\"Dur\u00e9e de lecture estim\u00e9e\" \/>\n\t<meta name=\"twitter:data1\" content=\"2 minutes\" \/>\n<script type=\"application\/ld+json\" class=\"yoast-schema-graph\">{\"@context\":\"https:\/\/schema.org\",\"@graph\":[{\"@type\":\"WebPage\",\"@id\":\"https:\/\/komet.pl\/fr\/projets-europeens\/\",\"url\":\"https:\/\/komet.pl\/fr\/projets-europeens\/\",\"name\":\"Projets europ\u00e9ens - Komet\",\"isPartOf\":{\"@id\":\"https:\/\/komet.pl\/#website\"},\"datePublished\":\"2020-12-19T15:51:29+00:00\",\"dateModified\":\"2021-06-10T12:48:55+00:00\",\"breadcrumb\":{\"@id\":\"https:\/\/komet.pl\/fr\/projets-europeens\/#breadcrumb\"},\"inLanguage\":\"fr-FR\",\"potentialAction\":[{\"@type\":\"ReadAction\",\"target\":[\"https:\/\/komet.pl\/fr\/projets-europeens\/\"]}]},{\"@type\":\"BreadcrumbList\",\"@id\":\"https:\/\/komet.pl\/fr\/projets-europeens\/#breadcrumb\",\"itemListElement\":[{\"@type\":\"ListItem\",\"position\":1,\"name\":\"Projets europ\u00e9ens\"}]},{\"@type\":\"WebSite\",\"@id\":\"https:\/\/komet.pl\/#website\",\"url\":\"https:\/\/komet.pl\/\",\"name\":\"Komet\",\"description\":\"Partner produkcyjny dla firm. Stal i malowanie proszkowe w jednym miejscu.\",\"potentialAction\":[{\"@type\":\"SearchAction\",\"target\":{\"@type\":\"EntryPoint\",\"urlTemplate\":\"https:\/\/komet.pl\/?s={search_term_string}\"},\"query-input\":\"required name=search_term_string\"}],\"inLanguage\":\"fr-FR\"}]}<\/script>\n<!-- \/ Yoast SEO plugin. -->","yoast_head_json":{"title":"Projets europ\u00e9ens - Komet","robots":{"index":"index","follow":"follow","max-snippet":"max-snippet:-1","max-image-preview":"max-image-preview:large","max-video-preview":"max-video-preview:-1"},"canonical":"https:\/\/komet.pl\/fr\/projets-europeens\/","og_locale":"fr_FR","og_type":"article","og_title":"Projets europ\u00e9ens - Komet","og_description":"Le b\u00e9n\u00e9ficiaire, Komet Sp. z o.o., r\u00e9alise le projet ?&nbsp;Promotion de la marque My MODERN Home sur les march\u00e9s internationaux&nbsp;? dans le cadre du dispositif 3.3.3 Soutien aux PME dans la promotion des marques des produits ? Go to Brand. Le projet op\u00e9rationnel du d\u00e9veloppement intelligeant 2014-2020. L?objectif du projet&nbsp;: D\u00e9velopper la pr\u00e9sence ? l?export [&hellip;]","og_url":"https:\/\/komet.pl\/fr\/projets-europeens\/","og_site_name":"Komet","article_modified_time":"2021-06-10T12:48:55+00:00","og_image":[{"url":"https:\/\/komet.pl\/wp-content\/uploads\/2021\/05\/oHjAi-992x114.jpg"}],"twitter_card":"summary_large_image","twitter_misc":{"Dur\u00e9e de lecture estim\u00e9e":"2 minutes"},"schema":{"@context":"https:\/\/schema.org","@graph":[{"@type":"WebPage","@id":"https:\/\/komet.pl\/fr\/projets-europeens\/","url":"https:\/\/komet.pl\/fr\/projets-europeens\/","name":"Projets europ\u00e9ens - Komet","isPartOf":{"@id":"https:\/\/komet.pl\/#website"},"datePublished":"2020-12-19T15:51:29+00:00","dateModified":"2021-06-10T12:48:55+00:00","breadcrumb":{"@id":"https:\/\/komet.pl\/fr\/projets-europeens\/#breadcrumb"},"inLanguage":"fr-FR","potentialAction":[{"@type":"ReadAction","target":["https:\/\/komet.pl\/fr\/projets-europeens\/"]}]},{"@type":"BreadcrumbList","@id":"https:\/\/komet.pl\/fr\/projets-europeens\/#breadcrumb","itemListElement":[{"@type":"ListItem","position":1,"name":"Projets europ\u00e9ens"}]},{"@type":"WebSite","@id":"https:\/\/komet.pl\/#website","url":"https:\/\/komet.pl\/","name":"Komet","description":"Partner produkcyjny dla firm. Stal i malowanie proszkowe w jednym miejscu.","potentialAction":[{"@type":"SearchAction","target":{"@type":"EntryPoint","urlTemplate":"https:\/\/komet.pl\/?s={search_term_string}"},"query-input":"required name=search_term_string"}],"inLanguage":"fr-FR"}]}},"_links":{"self":[{"href":"https:\/\/komet.pl\/fr\/wp-json\/wp\/v2\/pages\/1338"}],"collection":[{"href":"https:\/\/komet.pl\/fr\/wp-json\/wp\/v2\/pages"}],"about":[{"href":"https:\/\/komet.pl\/fr\/wp-json\/wp\/v2\/types\/page"}],"author":[{"embeddable":true,"href":"https:\/\/komet.pl\/fr\/wp-json\/wp\/v2\/users\/1"}],"replies":[{"embeddable":true,"href":"https:\/\/komet.pl\/fr\/wp-json\/wp\/v2\/comments?post=1338"}],"version-history":[{"count":4,"href":"https:\/\/komet.pl\/fr\/wp-json\/wp\/v2\/pages\/1338\/revisions"}],"predecessor-version":[{"id":2217,"href":"https:\/\/komet.pl\/fr\/wp-json\/wp\/v2\/pages\/1338\/revisions\/2217"}],"wp:attachment":[{"href":"https:\/\/komet.pl\/fr\/wp-json\/wp\/v2\/media?parent=1338"}],"curies":[{"name":"wp","href":"https:\/\/api.w.org\/{rel}","templated":true}]}}