{"id":1329,"date":"2020-12-19T17:26:37","date_gmt":"2020-12-19T16:26:37","guid":{"rendered":"https:\/\/komet.pl\/polityka-cookies\/"},"modified":"2021-06-03T22:18:41","modified_gmt":"2021-06-03T20:18:41","slug":"politique-de-cookies","status":"publish","type":"page","link":"https:\/\/komet.pl\/fr\/politique-de-cookies\/","title":{"rendered":"Politique de cookies"},"content":{"rendered":"\n<p>Cookies, czyli ciasteczka to ma\u0142e pliki tekstowe wysy\u0142ane przez serwis internetowy, kt\u00f3ry przegl\u0105dasz i zapisywane na urz\u0105dzeniu z kt\u00f3rego korzystasz. Domy\u015blne ustawienia przegl\u0105darki internetowej zazwyczaj pozwalaj\u0105 nas zapisywanie ciasteczek i ich p\u00f3\u017aniejsze odczytanie przez serwer, kt\u00f3ry je utworzy\u0142. W dowolnej chwili masz mo\u017cliwo\u015b\u0107 zmiany tych ustawie\u0144. Musisz jednak wiedzie\u0107, \u017ce ca\u0142kowita rezygnacja z zapisu cookies utrudni Ci korzystanie z niekt\u00f3rych funkcji przegl\u0105danych serwis\u00f3w. Ciasteczka zawieraj\u0105 informacje potrzebne do optymalnego funkcjonowania serwis\u00f3w, w szczeg\u00f3lno\u015bci tych funkcji, kt\u00f3re s\u0105 potrzebne do autoryzacji (np. podczas logowania), uzupe\u0142nienia formularzy, czy personalizowania wygl\u0105du.<\/p>\n\n\n\n<p>Nie jest mo\u017cliwe zidentyfikowanie Twoich danych osobowych poprzez ciasteczka. Ponadto pliki te nie wp\u0142ywaj\u0105 w \u017caden spos\u00f3b na u\u017cywane przez Ciebie oprogramowanie, ani urz\u0105dzenie.<\/p>\n\n\n\n<p><strong>RODZAJE COOKIES<\/strong><\/p>\n\n\n\n<ul><li>pliki sesyjne ? s\u0105 aktywne jedynie w\u00f3wczas, gdy korzystasz z przegl\u0105darki internetowej do przegl\u0105dania stron Serwisu<\/li><li>pliki sta\u0142e ? s\u0105 przechowywane na urz\u0105dzeniu przez d\u0142u\u017cszy czas po to, by wybrane przez Ciebie ustawienia nie zosta\u0142y utracone oraz, by mo\u017cliwe by\u0142o identyfikowanie przez w\u0142a\u015bciciela Serwisu nowych i powracaj\u0105cych u\u017cytkownik\u00f3w.<\/li><\/ul>\n\n\n\n<p><strong>ZBIERAMY COOKIES<\/strong><\/p>\n\n\n\n<p>Gromadzimy ciasteczka w celach statystycznych. S\u0142u\u017c\u0105 nam one do analizy ruchu u\u017cytkownik\u00f3w w Serwisie. Naszym celem jest lepsze zrozumienie sposobu korzystania z naszego Serwisu przez u\u017cytkownik\u00f3w, kt\u00f3rzy go odwiedzaj\u0105. Takie dzia\u0142anie umo\u017cliwia nam prac\u0119 nad popraw\u0105 funkcjonowania Serwisu, by by\u0142 on dla Ciebie jak najbardziej przyjazny. Dzi\u0119ki ciasteczkom mo\u017cemy wy\u015bwietla\u0107 Ci stron\u0119 zgodnie z Twoimi preferencjami. Zyskujesz szybszy i wygodniejszy dost\u0119p do wa\u017cnych tre\u015bci Serwisu.<\/p>\n\n\n\n<p><strong>ANALIZA STATYSTYK I REMARKETING<\/strong><\/p>\n\n\n\n<p>Aby lepiej zrozumie\u0107 w jaki spos\u00f3b i jak cz\u0119sto u\u017cytkownicy korzystaj\u0105 z Serwisu, stosujemy Google Analytics do analizy anonimowych statystyk wizyt w Serwisie. To pozwala nam ulepsza\u0107 Serwis, zar\u00f3wno pod k\u0105tem przyjaznego wygl\u0105du dla u\u017cytkownik\u00f3w, jak i publikacji warto\u015bciowych tre\u015bci, a tak\u017ce mo\u017ce s\u0142u\u017cy\u0107 nam do cel\u00f3w zwi\u0105zanych z prezentowaniem reklam jak najbardziej dopasowanych do preferencji u\u017cytkownika. Korzystamy z Facebook pixel w celu zarz\u0105dzania reklamami na Facebooku oraz by m\u00f3c prowadzi\u0107 dzia\u0142ania remarketingowe. Szczeg\u00f3\u0142owe informacje na temat tych narz\u0119dzi znajdziesz na stronach:<\/p>\n\n\n\n<ul><li>Google analytics: https:\/\/marketingplatform.google.com\/about\/analytics\/terms\/pl\/<\/li><li>Pixel Facebooka: https:\/\/www.facebook.com\/privacy\/explanation<\/li><\/ul>\n\n\n\n<p><strong>USUWANIE COOKIES<\/strong><\/p>\n\n\n\n<p>Mo\u017cesz usun\u0105\u0107 pliki cookies w dowolnym momencie zmieniaj\u0105c ustawienia w przegl\u0105darce internetowej, kt\u00f3rej u\u017cywasz. Masz mo\u017cliwo\u015b\u0107 usuni\u0119cia wcze\u015bniej zapisanych plik\u00f3w, jak i ograniczenia bie\u017c\u0105cego zapisu cz\u0119\u015bciowo lub w ca\u0142o\u015bci.<\/p>\n","protected":false},"excerpt":{"rendered":"<p>Cookies, czyli ciasteczka to ma\u0142e pliki tekstowe wysy\u0142ane przez serwis internetowy, kt\u00f3ry przegl\u0105dasz i zapisywane na urz\u0105dzeniu z kt\u00f3rego korzystasz. Domy\u015blne ustawienia przegl\u0105darki internetowej zazwyczaj pozwalaj\u0105 nas zapisywanie ciasteczek i ich p\u00f3\u017aniejsze odczytanie przez serwer, kt\u00f3ry je utworzy\u0142. W dowolnej chwili masz mo\u017cliwo\u015b\u0107 zmiany tych ustawie\u0144. Musisz jednak wiedzie\u0107, \u017ce ca\u0142kowita rezygnacja z zapisu cookies [&hellip;]<\/p>\n","protected":false},"author":1,"featured_media":0,"parent":0,"menu_order":0,"comment_status":"closed","ping_status":"closed","template":"","meta":{"inline_featured_image":false},"yoast_head":"<!-- This site is optimized with the Yoast SEO plugin v19.5.1 - https:\/\/yoast.com\/wordpress\/plugins\/seo\/ -->\n<title>Politique de cookies - Komet<\/title>\n<meta name=\"robots\" content=\"index, follow, max-snippet:-1, max-image-preview:large, max-video-preview:-1\" \/>\n<link rel=\"canonical\" href=\"https:\/\/komet.pl\/fr\/politique-de-cookies\/\" \/>\n<meta property=\"og:locale\" content=\"fr_FR\" \/>\n<meta property=\"og:type\" content=\"article\" \/>\n<meta property=\"og:title\" content=\"Politique de cookies - Komet\" \/>\n<meta property=\"og:description\" content=\"Cookies, czyli ciasteczka to ma\u0142e pliki tekstowe wysy\u0142ane przez serwis internetowy, kt\u00f3ry przegl\u0105dasz i zapisywane na urz\u0105dzeniu z kt\u00f3rego korzystasz. Domy\u015blne ustawienia przegl\u0105darki internetowej zazwyczaj pozwalaj\u0105 nas zapisywanie ciasteczek i ich p\u00f3\u017aniejsze odczytanie przez serwer, kt\u00f3ry je utworzy\u0142. W dowolnej chwili masz mo\u017cliwo\u015b\u0107 zmiany tych ustawie\u0144. Musisz jednak wiedzie\u0107, \u017ce ca\u0142kowita rezygnacja z zapisu cookies [&hellip;]\" \/>\n<meta property=\"og:url\" content=\"https:\/\/komet.pl\/fr\/politique-de-cookies\/\" \/>\n<meta property=\"og:site_name\" content=\"Komet\" \/>\n<meta property=\"article:modified_time\" content=\"2021-06-03T20:18:41+00:00\" \/>\n<meta name=\"twitter:card\" content=\"summary_large_image\" \/>\n<meta name=\"twitter:label1\" content=\"Dur\u00e9e de lecture estim\u00e9e\" \/>\n\t<meta name=\"twitter:data1\" content=\"2 minutes\" \/>\n<script type=\"application\/ld+json\" class=\"yoast-schema-graph\">{\"@context\":\"https:\/\/schema.org\",\"@graph\":[{\"@type\":\"WebPage\",\"@id\":\"https:\/\/komet.pl\/fr\/politique-de-cookies\/\",\"url\":\"https:\/\/komet.pl\/fr\/politique-de-cookies\/\",\"name\":\"Politique de cookies - Komet\",\"isPartOf\":{\"@id\":\"https:\/\/komet.pl\/#website\"},\"datePublished\":\"2020-12-19T16:26:37+00:00\",\"dateModified\":\"2021-06-03T20:18:41+00:00\",\"breadcrumb\":{\"@id\":\"https:\/\/komet.pl\/fr\/politique-de-cookies\/#breadcrumb\"},\"inLanguage\":\"fr-FR\",\"potentialAction\":[{\"@type\":\"ReadAction\",\"target\":[\"https:\/\/komet.pl\/fr\/politique-de-cookies\/\"]}]},{\"@type\":\"BreadcrumbList\",\"@id\":\"https:\/\/komet.pl\/fr\/politique-de-cookies\/#breadcrumb\",\"itemListElement\":[{\"@type\":\"ListItem\",\"position\":1,\"name\":\"Politique de cookies\"}]},{\"@type\":\"WebSite\",\"@id\":\"https:\/\/komet.pl\/#website\",\"url\":\"https:\/\/komet.pl\/\",\"name\":\"Komet\",\"description\":\"Partner produkcyjny dla firm. Stal i malowanie proszkowe w jednym miejscu.\",\"potentialAction\":[{\"@type\":\"SearchAction\",\"target\":{\"@type\":\"EntryPoint\",\"urlTemplate\":\"https:\/\/komet.pl\/?s={search_term_string}\"},\"query-input\":\"required name=search_term_string\"}],\"inLanguage\":\"fr-FR\"}]}<\/script>\n<!-- \/ Yoast SEO plugin. -->","yoast_head_json":{"title":"Politique de cookies - Komet","robots":{"index":"index","follow":"follow","max-snippet":"max-snippet:-1","max-image-preview":"max-image-preview:large","max-video-preview":"max-video-preview:-1"},"canonical":"https:\/\/komet.pl\/fr\/politique-de-cookies\/","og_locale":"fr_FR","og_type":"article","og_title":"Politique de cookies - Komet","og_description":"Cookies, czyli ciasteczka to ma\u0142e pliki tekstowe wysy\u0142ane przez serwis internetowy, kt\u00f3ry przegl\u0105dasz i zapisywane na urz\u0105dzeniu z kt\u00f3rego korzystasz. Domy\u015blne ustawienia przegl\u0105darki internetowej zazwyczaj pozwalaj\u0105 nas zapisywanie ciasteczek i ich p\u00f3\u017aniejsze odczytanie przez serwer, kt\u00f3ry je utworzy\u0142. W dowolnej chwili masz mo\u017cliwo\u015b\u0107 zmiany tych ustawie\u0144. Musisz jednak wiedzie\u0107, \u017ce ca\u0142kowita rezygnacja z zapisu cookies [&hellip;]","og_url":"https:\/\/komet.pl\/fr\/politique-de-cookies\/","og_site_name":"Komet","article_modified_time":"2021-06-03T20:18:41+00:00","twitter_card":"summary_large_image","twitter_misc":{"Dur\u00e9e de lecture estim\u00e9e":"2 minutes"},"schema":{"@context":"https:\/\/schema.org","@graph":[{"@type":"WebPage","@id":"https:\/\/komet.pl\/fr\/politique-de-cookies\/","url":"https:\/\/komet.pl\/fr\/politique-de-cookies\/","name":"Politique de cookies - Komet","isPartOf":{"@id":"https:\/\/komet.pl\/#website"},"datePublished":"2020-12-19T16:26:37+00:00","dateModified":"2021-06-03T20:18:41+00:00","breadcrumb":{"@id":"https:\/\/komet.pl\/fr\/politique-de-cookies\/#breadcrumb"},"inLanguage":"fr-FR","potentialAction":[{"@type":"ReadAction","target":["https:\/\/komet.pl\/fr\/politique-de-cookies\/"]}]},{"@type":"BreadcrumbList","@id":"https:\/\/komet.pl\/fr\/politique-de-cookies\/#breadcrumb","itemListElement":[{"@type":"ListItem","position":1,"name":"Politique de cookies"}]},{"@type":"WebSite","@id":"https:\/\/komet.pl\/#website","url":"https:\/\/komet.pl\/","name":"Komet","description":"Partner produkcyjny dla firm. Stal i malowanie proszkowe w jednym miejscu.","potentialAction":[{"@type":"SearchAction","target":{"@type":"EntryPoint","urlTemplate":"https:\/\/komet.pl\/?s={search_term_string}"},"query-input":"required name=search_term_string"}],"inLanguage":"fr-FR"}]}},"_links":{"self":[{"href":"https:\/\/komet.pl\/fr\/wp-json\/wp\/v2\/pages\/1329"}],"collection":[{"href":"https:\/\/komet.pl\/fr\/wp-json\/wp\/v2\/pages"}],"about":[{"href":"https:\/\/komet.pl\/fr\/wp-json\/wp\/v2\/types\/page"}],"author":[{"embeddable":true,"href":"https:\/\/komet.pl\/fr\/wp-json\/wp\/v2\/users\/1"}],"replies":[{"embeddable":true,"href":"https:\/\/komet.pl\/fr\/wp-json\/wp\/v2\/comments?post=1329"}],"version-history":[{"count":1,"href":"https:\/\/komet.pl\/fr\/wp-json\/wp\/v2\/pages\/1329\/revisions"}],"predecessor-version":[{"id":1754,"href":"https:\/\/komet.pl\/fr\/wp-json\/wp\/v2\/pages\/1329\/revisions\/1754"}],"wp:attachment":[{"href":"https:\/\/komet.pl\/fr\/wp-json\/wp\/v2\/media?parent=1329"}],"curies":[{"name":"wp","href":"https:\/\/api.w.org\/{rel}","templated":true}]}}