{"id":1311,"date":"2021-02-28T18:29:01","date_gmt":"2021-02-28T17:29:01","guid":{"rendered":"https:\/\/komet.pl\/gwarancje\/"},"modified":"2021-06-03T22:21:09","modified_gmt":"2021-06-03T20:21:09","slug":"garanties","status":"publish","type":"page","link":"https:\/\/komet.pl\/fr\/garanties\/","title":{"rendered":"Garanties"},"content":{"rendered":"\n<p>WARUNKI GWARANCJI MALOWANIA PROSZKOWEGO<\/p>\n\n\n\n<p><strong>Komet Sp. z o.o. udziela gwarancji na pow\u0142ok\u0119 malowania proszkowego w&nbsp;zakresie:<\/strong><\/p>\n\n\n\n<ul><li>zgodno\u015bci barwy (kolor RAL),<\/li><li>grubo\u015bci pow\u0142oki (60-120 ?m; odchylenie do 20%)<\/li><li>jako\u015bci pow\u0142oki (przyczepno\u015b\u0107, odporno\u015b\u0107 na zat\u0142uszczenia, brak p\u0119cherzy)<\/li><\/ul>\n\n\n\n<p>Okres gwarancji wynosi 2 lata i rozpoczyna si\u0119 w momencie odbioru realizacji przez Zleceniodawc\u0119.<\/p>\n\n\n\n<p><strong>Gwarancja obowi\u0105zuje wy\u0142\u0105cznie, gdy spe\u0142nione s\u0105 nast\u0119puj\u0105ce warunki:<\/strong><\/p>\n\n\n\n<ul><li>produkty s\u0105 u\u017cytkowane i przechowywane w standardowych warunkach atmosferycznych<\/li><li>produkty nie mia\u0142y styczno\u015bci z agresywnie oddzia\u0142uj\u0105cymi czynnikami<\/li><li>przekazane do malowania produkty nie posiada\u0142y defekt\u00f3w (materia\u0142 i wykonanie)<\/li><li>przekazane do malowania produkty nie mia\u0142y styczno\u015bci z substancjami, kt\u00f3re mog\u0142yby spowodowa\u0107 uszkodzenie pow\u0142oki, r\u00f3wnie\u017c z op\u00f3\u017anieniem czasowym<\/li><li>w trakcie transportu wymalowane produkty lub elementy by\u0142y odpowiednio zabezpieczone<\/li><li>produkty lub elementy nie zosta\u0142y uszkodzone w trakcie roz\u0142adunku, monta\u017cu, u\u017cytkowania<\/li><\/ul>\n\n\n\n<p><strong>Gwarancja nie obejmuje:<\/strong><\/p>\n\n\n\n<ul><li>uszkodze\u0144 mechanicznych i&nbsp; chemicznych powsta\u0142ych po zrealizowaniu us\u0142ugi<\/li><li>us\u0142ugi realizowanej z wykorzystaniem farby proszkowej dostarczonej przez Zleceniodawc\u0119 b\u0105d\u017a zakupionej od dostawcy, kt\u00f3rego wskaza\u0142 Zleceniodawca<\/li><li>us\u0142ugi przemalowania produkt\u00f3w na inny kolor (naniesienie kolejnej warstwy pow\u0142oki)<\/li><li>pow\u0142oki na produktach, kt\u00f3re zosta\u0142y wykonane niezgodnie ze sztuk\u0105; w tym odkszta\u0142ce\u0144 powsta\u0142ych na skutek nadmiernych napr\u0119\u017ce\u0144 konstrukcji, r\u00f3wnie\u017c z op\u00f3\u017anieniem czasowym<\/li><li>uszkodze\u0144 powsta\u0142ych podczas monta\u017cu lub niew\u0142a\u015bciwego u\u017cytkowania<\/li><li>wady powsta\u0142e na skutek dzia\u0142ania si\u0142y wy\u017cszej, kl\u0119sk \u017cywio\u0142owych<\/li><li>naturalnego zu\u017cycia lub zmian zwi\u0105zanych z normalnym procesem starzenia<\/li><li>nadmiernej ekspozycji produkt\u00f3w lub element\u00f3w na dzia\u0142anie promieniowania ultrafioletowego lub wilgoci (mo\u017cliwo\u015b\u0107 powstania plam i&nbsp;przebarwie\u0144)<\/li><li>w przypadku styczno\u015bci z materia\u0142ami, kt\u00f3re mog\u0105 powodowa\u0107 korozj\u0119<\/li><li>subiektywnych wad, kt\u00f3re nie maj\u0105 wp\u0142ywu na estetyczny wygl\u0105d wykonanej us\u0142ugi<\/li><li>roszcze\u0144 po\u015brednich, na kt\u00f3re wykonawca nie ma wp\u0142ywu, np. utrata zadowolenia, klient\u00f3w itp.<\/li><\/ul>\n\n\n\n<p><strong>Ocena jako\u015bci pow\u0142oki:<\/strong><\/p>\n\n\n\n<ul><li>pow\u0142ok\u0119 ocenia si\u0119 wy\u0142\u0105cznie na istotnej (widocznej dla ko\u0144cowego u\u017cytkownika) powierzchni produktu. Istotno\u015b\u0107 powierzchni wskazuje Zleceniodawca przed rozpocz\u0119ciem wykonania us\u0142ugi. &#8211; istotna powierzchnia nie mo\u017ce zawiera\u0107 wg\u0142\u0119bie\u0144, ani miejsc trudnodost\u0119pnych w procesie malowania<\/li><li>w trakcie oceny jako\u015bci pow\u0142oki weryfikowane s\u0105 wszelkie uszkodzenia mechaniczne, rozpatrywany jest spos\u00f3b u\u017cytkowania produkt\u00f3w, w tym nara\u017cenie produkt\u00f3w na dzia\u0142anie intensywnych czynnik\u00f3w atmosferycznych.<\/li><\/ul>\n\n\n\n<p><strong>Zalecenia dotycz\u0105ce konserwacji:<\/strong><\/p>\n\n\n\n<ul><li>by zachowa\u0107 estetyczny wygl\u0105d pow\u0142oki, produkty nale\u017cy oczyszcza\u0107 z zabrudze\u0144, stosownie do potrzeb<\/li><li>na terenach, na kt\u00f3rych pow\u0142oka mo\u017ce wchodzi\u0107 w kontakt ze st\u0119\u017conymi zanieczyszczeniami atmosferycznymi (chemicznymi); takich jak tereny przemys\u0142owe, nadmorskie, konieczne jest zwi\u0119kszenie cz\u0119stotliwo\u015bci usuwania zanieczyszcze\u0144 z produkt\u00f3w<\/li><li>niekt\u00f3re \u015brodki czyszcz\u0105ce mog\u0105 prowadzi\u0107 do uszkodzenia pow\u0142oki. Agresywne \u015brodki czyszcz\u0105ce mog\u0105 zapocz\u0105tkowa\u0107 proces korozji. Ich stosowanie jest zabronione<\/li><li>do mycia pow\u0142oki zalecamy u\u017cywa\u0107 oboj\u0119tne \u015brodki czyszcz\u0105ce, o pH w przedziale od 5 do 8.<\/li><\/ul>\n\n\n\n<p>Niniejsze warunki gwarancji wchodz\u0105 w \u017cycie z dniem 01.03.2021 roku.<\/p>\n\n\n\n<p>Komet Sp. z o.o.<\/p>\n","protected":false},"excerpt":{"rendered":"<p>WARUNKI GWARANCJI MALOWANIA PROSZKOWEGO Komet Sp. z o.o. udziela gwarancji na pow\u0142ok\u0119 malowania proszkowego w&nbsp;zakresie: zgodno\u015bci barwy (kolor RAL), grubo\u015bci pow\u0142oki (60-120 ?m; odchylenie do 20%) jako\u015bci pow\u0142oki (przyczepno\u015b\u0107, odporno\u015b\u0107 na zat\u0142uszczenia, brak p\u0119cherzy) Okres gwarancji wynosi 2 lata i rozpoczyna si\u0119 w momencie odbioru realizacji przez Zleceniodawc\u0119. Gwarancja obowi\u0105zuje wy\u0142\u0105cznie, gdy spe\u0142nione s\u0105 nast\u0119puj\u0105ce [&hellip;]<\/p>\n","protected":false},"author":1,"featured_media":4371,"parent":0,"menu_order":0,"comment_status":"closed","ping_status":"closed","template":"","meta":{"inline_featured_image":false},"yoast_head":"<!-- This site is optimized with the Yoast SEO plugin v19.5.1 - https:\/\/yoast.com\/wordpress\/plugins\/seo\/ -->\n<title>Garanties - Komet<\/title>\n<meta name=\"robots\" content=\"index, follow, max-snippet:-1, max-image-preview:large, max-video-preview:-1\" \/>\n<link rel=\"canonical\" href=\"https:\/\/komet.pl\/fr\/garanties\/\" \/>\n<meta property=\"og:locale\" content=\"fr_FR\" \/>\n<meta property=\"og:type\" content=\"article\" \/>\n<meta property=\"og:title\" content=\"Garanties - Komet\" \/>\n<meta property=\"og:description\" content=\"WARUNKI GWARANCJI MALOWANIA PROSZKOWEGO Komet Sp. z o.o. udziela gwarancji na pow\u0142ok\u0119 malowania proszkowego w&nbsp;zakresie: zgodno\u015bci barwy (kolor RAL), grubo\u015bci pow\u0142oki (60-120 ?m; odchylenie do 20%) jako\u015bci pow\u0142oki (przyczepno\u015b\u0107, odporno\u015b\u0107 na zat\u0142uszczenia, brak p\u0119cherzy) Okres gwarancji wynosi 2 lata i rozpoczyna si\u0119 w momencie odbioru realizacji przez Zleceniodawc\u0119. Gwarancja obowi\u0105zuje wy\u0142\u0105cznie, gdy spe\u0142nione s\u0105 nast\u0119puj\u0105ce [&hellip;]\" \/>\n<meta property=\"og:url\" content=\"https:\/\/komet.pl\/fr\/garanties\/\" \/>\n<meta property=\"og:site_name\" content=\"Komet\" \/>\n<meta property=\"article:modified_time\" content=\"2021-06-03T20:21:09+00:00\" \/>\n<meta name=\"twitter:card\" content=\"summary_large_image\" \/>\n<meta name=\"twitter:label1\" content=\"Dur\u00e9e de lecture estim\u00e9e\" \/>\n\t<meta name=\"twitter:data1\" content=\"2 minutes\" \/>\n<script type=\"application\/ld+json\" class=\"yoast-schema-graph\">{\"@context\":\"https:\/\/schema.org\",\"@graph\":[{\"@type\":\"WebPage\",\"@id\":\"https:\/\/komet.pl\/fr\/garanties\/\",\"url\":\"https:\/\/komet.pl\/fr\/garanties\/\",\"name\":\"Garanties - Komet\",\"isPartOf\":{\"@id\":\"https:\/\/komet.pl\/#website\"},\"datePublished\":\"2021-02-28T17:29:01+00:00\",\"dateModified\":\"2021-06-03T20:21:09+00:00\",\"breadcrumb\":{\"@id\":\"https:\/\/komet.pl\/fr\/garanties\/#breadcrumb\"},\"inLanguage\":\"fr-FR\",\"potentialAction\":[{\"@type\":\"ReadAction\",\"target\":[\"https:\/\/komet.pl\/fr\/garanties\/\"]}]},{\"@type\":\"BreadcrumbList\",\"@id\":\"https:\/\/komet.pl\/fr\/garanties\/#breadcrumb\",\"itemListElement\":[{\"@type\":\"ListItem\",\"position\":1,\"name\":\"Garanties\"}]},{\"@type\":\"WebSite\",\"@id\":\"https:\/\/komet.pl\/#website\",\"url\":\"https:\/\/komet.pl\/\",\"name\":\"Komet\",\"description\":\"Partner produkcyjny dla firm. Stal i malowanie proszkowe w jednym miejscu.\",\"potentialAction\":[{\"@type\":\"SearchAction\",\"target\":{\"@type\":\"EntryPoint\",\"urlTemplate\":\"https:\/\/komet.pl\/?s={search_term_string}\"},\"query-input\":\"required name=search_term_string\"}],\"inLanguage\":\"fr-FR\"}]}<\/script>\n<!-- \/ Yoast SEO plugin. -->","yoast_head_json":{"title":"Garanties - Komet","robots":{"index":"index","follow":"follow","max-snippet":"max-snippet:-1","max-image-preview":"max-image-preview:large","max-video-preview":"max-video-preview:-1"},"canonical":"https:\/\/komet.pl\/fr\/garanties\/","og_locale":"fr_FR","og_type":"article","og_title":"Garanties - Komet","og_description":"WARUNKI GWARANCJI MALOWANIA PROSZKOWEGO Komet Sp. z o.o. udziela gwarancji na pow\u0142ok\u0119 malowania proszkowego w&nbsp;zakresie: zgodno\u015bci barwy (kolor RAL), grubo\u015bci pow\u0142oki (60-120 ?m; odchylenie do 20%) jako\u015bci pow\u0142oki (przyczepno\u015b\u0107, odporno\u015b\u0107 na zat\u0142uszczenia, brak p\u0119cherzy) Okres gwarancji wynosi 2 lata i rozpoczyna si\u0119 w momencie odbioru realizacji przez Zleceniodawc\u0119. Gwarancja obowi\u0105zuje wy\u0142\u0105cznie, gdy spe\u0142nione s\u0105 nast\u0119puj\u0105ce [&hellip;]","og_url":"https:\/\/komet.pl\/fr\/garanties\/","og_site_name":"Komet","article_modified_time":"2021-06-03T20:21:09+00:00","twitter_card":"summary_large_image","twitter_misc":{"Dur\u00e9e de lecture estim\u00e9e":"2 minutes"},"schema":{"@context":"https:\/\/schema.org","@graph":[{"@type":"WebPage","@id":"https:\/\/komet.pl\/fr\/garanties\/","url":"https:\/\/komet.pl\/fr\/garanties\/","name":"Garanties - Komet","isPartOf":{"@id":"https:\/\/komet.pl\/#website"},"datePublished":"2021-02-28T17:29:01+00:00","dateModified":"2021-06-03T20:21:09+00:00","breadcrumb":{"@id":"https:\/\/komet.pl\/fr\/garanties\/#breadcrumb"},"inLanguage":"fr-FR","potentialAction":[{"@type":"ReadAction","target":["https:\/\/komet.pl\/fr\/garanties\/"]}]},{"@type":"BreadcrumbList","@id":"https:\/\/komet.pl\/fr\/garanties\/#breadcrumb","itemListElement":[{"@type":"ListItem","position":1,"name":"Garanties"}]},{"@type":"WebSite","@id":"https:\/\/komet.pl\/#website","url":"https:\/\/komet.pl\/","name":"Komet","description":"Partner produkcyjny dla firm. Stal i malowanie proszkowe w jednym miejscu.","potentialAction":[{"@type":"SearchAction","target":{"@type":"EntryPoint","urlTemplate":"https:\/\/komet.pl\/?s={search_term_string}"},"query-input":"required name=search_term_string"}],"inLanguage":"fr-FR"}]}},"_links":{"self":[{"href":"https:\/\/komet.pl\/fr\/wp-json\/wp\/v2\/pages\/1311"}],"collection":[{"href":"https:\/\/komet.pl\/fr\/wp-json\/wp\/v2\/pages"}],"about":[{"href":"https:\/\/komet.pl\/fr\/wp-json\/wp\/v2\/types\/page"}],"author":[{"embeddable":true,"href":"https:\/\/komet.pl\/fr\/wp-json\/wp\/v2\/users\/1"}],"replies":[{"embeddable":true,"href":"https:\/\/komet.pl\/fr\/wp-json\/wp\/v2\/comments?post=1311"}],"version-history":[{"count":1,"href":"https:\/\/komet.pl\/fr\/wp-json\/wp\/v2\/pages\/1311\/revisions"}],"predecessor-version":[{"id":1774,"href":"https:\/\/komet.pl\/fr\/wp-json\/wp\/v2\/pages\/1311\/revisions\/1774"}],"wp:featuredmedia":[{"embeddable":true,"href":"https:\/\/komet.pl\/fr\/wp-json\/wp\/v2\/media\/4371"}],"wp:attachment":[{"href":"https:\/\/komet.pl\/fr\/wp-json\/wp\/v2\/media?parent=1311"}],"curies":[{"name":"wp","href":"https:\/\/api.w.org\/{rel}","templated":true}]}}