{"id":1290,"date":"2021-03-09T16:43:09","date_gmt":"2021-03-09T15:43:09","guid":{"rendered":"https:\/\/komet.pl\/spawacz\/"},"modified":"2021-06-08T21:02:55","modified_gmt":"2021-06-08T19:02:55","slug":"soudeur","status":"publish","type":"page","link":"https:\/\/komet.pl\/fr\/carrieres\/soudeur\/","title":{"rendered":"Soudeur"},"content":{"rendered":"\n<p>Lieu de travail\u00a0: le si?ge de Komet Sp. z o.o.<\/p>\n\n\n\n<p><strong><strong>Description du poste<\/strong><\/strong><\/p>\n\n\n\n<ul><li>soudage MIG\/MAG, TIG,<\/li><li>r\u00e9alisation des projets de production selon les fiches techniques,<\/li><li>contr\u00f4le qualit\u00e9 de chaque d\u00e9tail et de chaque \u00e9l\u00e9ment du produit.<\/li><\/ul>\n\n\n\n<p><strong><strong>Nos attentes<\/strong><\/strong><\/p>\n\n\n\n<ul><li>exp\u00e9rience sur le m?me poste,<\/li><li>comp\u00e9tences et connaissances des outils de travail du soudeur,<\/li><li>compr\u00e9hension des fiches techniques,<\/li><li>facult\u00e9s manuelles,<\/li><li>sens de l?imagination,<\/li><li>pr\u00e9cision et m\u00e9ticulosit\u00e9, sens de responsabilit\u00e9,<\/li><li>esprit d?\u00e9quipe.<\/li><\/ul>\n\n\n\n<p><strong><strong>Nous proposons<\/strong><\/strong><\/p>\n\n\n\n<ul><li>un emploi stable et un contrat de travail,<\/li><li>tr?s bonnes conditions de travail (un poste \u00e9quip\u00e9 dans un atelier ferm\u00e9 et chauff\u00e9),<\/li><li>r\u00e9mun\u00e9ration attractive,<\/li><li>possibilit\u00e9 d?\u00e9volution.<\/li><\/ul>\n\n\n\n<p><strong><strong>Nous garantissons<\/strong><\/strong><\/p>\n\n\n\n<ul><li>formations,<\/li><li>parking,<\/li><li>avantages de l?entreprise (programme Jeune Parent, carte Multisport etc).<\/li><\/ul>\n\n\n\n<p><strong><strong>Nous prenons particuli?rement soin de<\/strong><\/strong><\/p>\n\n\n\n<ul><li>la bonne ambiance et des conditions de travail agr\u00e9ables.<\/li><\/ul>\n","protected":false},"excerpt":{"rendered":"<p>Lieu de travail\u00a0: le si?ge de Komet Sp. z o.o. Description du poste soudage MIG\/MAG, TIG, r\u00e9alisation des projets de production selon les fiches techniques, contr\u00f4le qualit\u00e9 de chaque d\u00e9tail et de chaque \u00e9l\u00e9ment du produit. Nos attentes exp\u00e9rience sur le m?me poste, comp\u00e9tences et connaissances des outils de travail du soudeur, compr\u00e9hension des fiches [&hellip;]<\/p>\n","protected":false},"author":1,"featured_media":1291,"parent":2443,"menu_order":0,"comment_status":"closed","ping_status":"closed","template":"page-strona.php","meta":{"inline_featured_image":false},"yoast_head":"<!-- This site is optimized with the Yoast SEO plugin v19.5.1 - https:\/\/yoast.com\/wordpress\/plugins\/seo\/ -->\n<title>Soudeur - Komet<\/title>\n<meta name=\"robots\" content=\"index, follow, max-snippet:-1, max-image-preview:large, max-video-preview:-1\" \/>\n<link rel=\"canonical\" href=\"https:\/\/komet.pl\/fr\/carrieres\/soudeur\/\" \/>\n<meta property=\"og:locale\" content=\"fr_FR\" \/>\n<meta property=\"og:type\" content=\"article\" \/>\n<meta property=\"og:title\" content=\"Soudeur - Komet\" \/>\n<meta property=\"og:description\" content=\"Lieu de travail\u00a0: le si?ge de Komet Sp. z o.o. Description du poste soudage MIG\/MAG, TIG, r\u00e9alisation des projets de production selon les fiches techniques, contr\u00f4le qualit\u00e9 de chaque d\u00e9tail et de chaque \u00e9l\u00e9ment du produit. Nos attentes exp\u00e9rience sur le m?me poste, comp\u00e9tences et connaissances des outils de travail du soudeur, compr\u00e9hension des fiches [&hellip;]\" \/>\n<meta property=\"og:url\" content=\"https:\/\/komet.pl\/fr\/carrieres\/soudeur\/\" \/>\n<meta property=\"og:site_name\" content=\"Komet\" \/>\n<meta property=\"article:modified_time\" content=\"2021-06-08T19:02:55+00:00\" \/>\n<meta property=\"og:image\" content=\"https:\/\/komet.pl\/wp-content\/uploads\/2021\/04\/3A_KonkurencyjneWynagrodzenie-scaled.jpg\" \/>\n\t<meta property=\"og:image:width\" content=\"2560\" \/>\n\t<meta property=\"og:image:height\" content=\"1440\" \/>\n\t<meta property=\"og:image:type\" content=\"image\/jpeg\" \/>\n<meta name=\"twitter:card\" content=\"summary_large_image\" \/>\n<meta name=\"twitter:label1\" content=\"Dur\u00e9e de lecture estim\u00e9e\" \/>\n\t<meta name=\"twitter:data1\" content=\"1 minute\" \/>\n<script type=\"application\/ld+json\" class=\"yoast-schema-graph\">{\"@context\":\"https:\/\/schema.org\",\"@graph\":[{\"@type\":\"WebPage\",\"@id\":\"https:\/\/komet.pl\/fr\/carrieres\/soudeur\/\",\"url\":\"https:\/\/komet.pl\/fr\/carrieres\/soudeur\/\",\"name\":\"Soudeur - Komet\",\"isPartOf\":{\"@id\":\"https:\/\/komet.pl\/#website\"},\"datePublished\":\"2021-03-09T15:43:09+00:00\",\"dateModified\":\"2021-06-08T19:02:55+00:00\",\"breadcrumb\":{\"@id\":\"https:\/\/komet.pl\/fr\/carrieres\/soudeur\/#breadcrumb\"},\"inLanguage\":\"fr-FR\",\"potentialAction\":[{\"@type\":\"ReadAction\",\"target\":[\"https:\/\/komet.pl\/fr\/carrieres\/soudeur\/\"]}]},{\"@type\":\"BreadcrumbList\",\"@id\":\"https:\/\/komet.pl\/fr\/carrieres\/soudeur\/#breadcrumb\",\"itemListElement\":[{\"@type\":\"ListItem\",\"position\":1,\"name\":\"Carri?res\",\"item\":\"https:\/\/komet.pl\/fr\/carrieres\/\"},{\"@type\":\"ListItem\",\"position\":2,\"name\":\"Soudeur\"}]},{\"@type\":\"WebSite\",\"@id\":\"https:\/\/komet.pl\/#website\",\"url\":\"https:\/\/komet.pl\/\",\"name\":\"Komet\",\"description\":\"Partner produkcyjny dla firm. Stal i malowanie proszkowe w jednym miejscu.\",\"potentialAction\":[{\"@type\":\"SearchAction\",\"target\":{\"@type\":\"EntryPoint\",\"urlTemplate\":\"https:\/\/komet.pl\/?s={search_term_string}\"},\"query-input\":\"required name=search_term_string\"}],\"inLanguage\":\"fr-FR\"}]}<\/script>\n<!-- \/ Yoast SEO plugin. -->","yoast_head_json":{"title":"Soudeur - Komet","robots":{"index":"index","follow":"follow","max-snippet":"max-snippet:-1","max-image-preview":"max-image-preview:large","max-video-preview":"max-video-preview:-1"},"canonical":"https:\/\/komet.pl\/fr\/carrieres\/soudeur\/","og_locale":"fr_FR","og_type":"article","og_title":"Soudeur - Komet","og_description":"Lieu de travail\u00a0: le si?ge de Komet Sp. z o.o. Description du poste soudage MIG\/MAG, TIG, r\u00e9alisation des projets de production selon les fiches techniques, contr\u00f4le qualit\u00e9 de chaque d\u00e9tail et de chaque \u00e9l\u00e9ment du produit. Nos attentes exp\u00e9rience sur le m?me poste, comp\u00e9tences et connaissances des outils de travail du soudeur, compr\u00e9hension des fiches [&hellip;]","og_url":"https:\/\/komet.pl\/fr\/carrieres\/soudeur\/","og_site_name":"Komet","article_modified_time":"2021-06-08T19:02:55+00:00","og_image":[{"width":2560,"height":1440,"url":"https:\/\/komet.pl\/wp-content\/uploads\/2021\/04\/3A_KonkurencyjneWynagrodzenie-scaled.jpg","type":"image\/jpeg"}],"twitter_card":"summary_large_image","twitter_misc":{"Dur\u00e9e de lecture estim\u00e9e":"1 minute"},"schema":{"@context":"https:\/\/schema.org","@graph":[{"@type":"WebPage","@id":"https:\/\/komet.pl\/fr\/carrieres\/soudeur\/","url":"https:\/\/komet.pl\/fr\/carrieres\/soudeur\/","name":"Soudeur - Komet","isPartOf":{"@id":"https:\/\/komet.pl\/#website"},"datePublished":"2021-03-09T15:43:09+00:00","dateModified":"2021-06-08T19:02:55+00:00","breadcrumb":{"@id":"https:\/\/komet.pl\/fr\/carrieres\/soudeur\/#breadcrumb"},"inLanguage":"fr-FR","potentialAction":[{"@type":"ReadAction","target":["https:\/\/komet.pl\/fr\/carrieres\/soudeur\/"]}]},{"@type":"BreadcrumbList","@id":"https:\/\/komet.pl\/fr\/carrieres\/soudeur\/#breadcrumb","itemListElement":[{"@type":"ListItem","position":1,"name":"Carri?res","item":"https:\/\/komet.pl\/fr\/carrieres\/"},{"@type":"ListItem","position":2,"name":"Soudeur"}]},{"@type":"WebSite","@id":"https:\/\/komet.pl\/#website","url":"https:\/\/komet.pl\/","name":"Komet","description":"Partner produkcyjny dla firm. Stal i malowanie proszkowe w jednym miejscu.","potentialAction":[{"@type":"SearchAction","target":{"@type":"EntryPoint","urlTemplate":"https:\/\/komet.pl\/?s={search_term_string}"},"query-input":"required name=search_term_string"}],"inLanguage":"fr-FR"}]}},"_links":{"self":[{"href":"https:\/\/komet.pl\/fr\/wp-json\/wp\/v2\/pages\/1290"}],"collection":[{"href":"https:\/\/komet.pl\/fr\/wp-json\/wp\/v2\/pages"}],"about":[{"href":"https:\/\/komet.pl\/fr\/wp-json\/wp\/v2\/types\/page"}],"author":[{"embeddable":true,"href":"https:\/\/komet.pl\/fr\/wp-json\/wp\/v2\/users\/1"}],"replies":[{"embeddable":true,"href":"https:\/\/komet.pl\/fr\/wp-json\/wp\/v2\/comments?post=1290"}],"version-history":[{"count":2,"href":"https:\/\/komet.pl\/fr\/wp-json\/wp\/v2\/pages\/1290\/revisions"}],"predecessor-version":[{"id":2054,"href":"https:\/\/komet.pl\/fr\/wp-json\/wp\/v2\/pages\/1290\/revisions\/2054"}],"up":[{"embeddable":true,"href":"https:\/\/komet.pl\/fr\/wp-json\/wp\/v2\/pages\/2443"}],"wp:featuredmedia":[{"embeddable":true,"href":"https:\/\/komet.pl\/fr\/wp-json\/wp\/v2\/media\/1291"}],"wp:attachment":[{"href":"https:\/\/komet.pl\/fr\/wp-json\/wp\/v2\/media?parent=1290"}],"curies":[{"name":"wp","href":"https:\/\/api.w.org\/{rel}","templated":true}]}}