{"id":1284,"date":"2021-01-10T16:13:01","date_gmt":"2021-01-10T15:13:01","guid":{"rendered":"https:\/\/komet.pl\/specjalista-ds-eksportu\/"},"modified":"2021-06-08T20:58:11","modified_gmt":"2021-06-08T18:58:11","slug":"charge-daffaires-a-lexport","status":"publish","type":"page","link":"https:\/\/komet.pl\/fr\/carrieres\/charge-daffaires-a-lexport\/","title":{"rendered":"Charg\u00e9 d?affaires ? l?export"},"content":{"rendered":"\n<p>Si vous ?tes int\u00e9ress\u00e9 par le d\u00e9veloppement international, vous connaissez des langues \u00e9trang?res, poss\u00e9dez des qualit\u00e9s relationnelles, savez fid\u00e9liser une client?le exigeante et en plus vous ?tes quelqu?un d?engag\u00e9, cette offre peut vous correspondre?<\/p>\n\n\n\n<p>Lieu de travail\u00a0: le si?ge de Komet Sp. z o.o.<\/p>\n\n\n\n<p><strong><strong>Description du poste<\/strong><\/strong><\/p>\n\n\n\n<ul><li>prospection de la client?le B2B, d\u00e9veloppement du r\u00e9seau des partenaires,<\/li><li>d\u00e9veloppement des ventes et suivi des projets de nos clients internationaux,<\/li><li>participation aux RdVs clients et salons professionnels nationaux et internationaux,<\/li><li>pr\u00e9parations des offres, n\u00e9gociation des conditions de ventes, suivie de la production,<\/li><li>collaboration avec notre bureau d?\u00e9tudes,<\/li><li>veille concurrentielle et pr\u00e9paration de la documentation n\u00e9cessaire pour les besoins de son d\u00e9partement et la Direction de l?entreprise,<\/li><li>promotion de la marque et participation ? la construction de la notori\u00e9t\u00e9 de l?entreprise et de la visibilit\u00e9 de la marque en accord avec son image et ses valeurs.<\/li><\/ul>\n\n\n\n<p><strong><strong>Nos attentes<\/strong><\/strong><\/p>\n\n\n\n<ul><li>qualit\u00e9s relationnelles indispensables ? la construction des partenariats sur du long terme,<\/li><li>ouverture d?esprit, engagement, motivation, culture g\u00e9n\u00e9rale, esprit d?\u00e9quipe,<\/li><li>connaissances en langues\u00a0: anglais, fran\u00e7ais ou allemand,<\/li><li>connaissance d?une deuxi?me langue \u00e9trang?re serait un plus,<\/li><li>min. 2 ans d?exp\u00e9rience sur un poste similaire,<\/li><li>bonne organisation du travail, autonomie et sens de responsabilit\u00e9<\/li><\/ul>\n\n\n\n<p><strong>Nous proposons<\/strong><\/p>\n\n\n\n<ul><li>contrat de travail au sein d?une entreprise dynamique,<\/li><li>\u00e9quipe soud\u00e9e et contexte international du travail,<\/li><li>participation aux projets passionnants,<\/li><li>d\u00e9veloppement de ta carri?re,<\/li><li>flexibilit\u00e9 par rapport aux horaires.<\/li><\/ul>\n\n\n\n<p><strong><strong>Nous garantissons<\/strong><\/strong><\/p>\n\n\n\n<ul><li>outils de travail ? un ordinateur et un t\u00e9l\u00e9phone portable,<\/li><li>formation n\u00e9cessaire ? notre organisation et produits,<\/li><li>nombreux avantages de l?entreprise<\/li><li>bon caf\u00e9 ? volont\u00e9.<\/li><\/ul>\n\n\n\n<p><strong><strong>Nous prenons particuli?rement soin de<\/strong><\/strong><\/p>\n\n\n\n<ul><li>la bonne ambiance et des conditions de travail agr\u00e9ables.<\/li><\/ul>\n","protected":false},"excerpt":{"rendered":"<p>Si vous ?tes int\u00e9ress\u00e9 par le d\u00e9veloppement international, vous connaissez des langues \u00e9trang?res, poss\u00e9dez des qualit\u00e9s relationnelles, savez fid\u00e9liser une client?le exigeante et en plus vous ?tes quelqu?un d?engag\u00e9, cette offre peut vous correspondre? Lieu de travail\u00a0: le si?ge de Komet Sp. z o.o. Description du poste prospection de la client?le B2B, d\u00e9veloppement du r\u00e9seau [&hellip;]<\/p>\n","protected":false},"author":1,"featured_media":1285,"parent":2443,"menu_order":0,"comment_status":"closed","ping_status":"closed","template":"page-strona.php","meta":{"inline_featured_image":false},"yoast_head":"<!-- This site is optimized with the Yoast SEO plugin v19.5.1 - https:\/\/yoast.com\/wordpress\/plugins\/seo\/ -->\n<title>Charg\u00e9 d?affaires ? l?export - Komet<\/title>\n<meta name=\"robots\" content=\"index, follow, max-snippet:-1, max-image-preview:large, max-video-preview:-1\" \/>\n<link rel=\"canonical\" href=\"https:\/\/komet.pl\/fr\/carrieres\/charge-daffaires-a-lexport\/\" \/>\n<meta property=\"og:locale\" content=\"fr_FR\" \/>\n<meta property=\"og:type\" content=\"article\" \/>\n<meta property=\"og:title\" content=\"Charg\u00e9 d?affaires ? l?export - Komet\" \/>\n<meta property=\"og:description\" content=\"Si vous ?tes int\u00e9ress\u00e9 par le d\u00e9veloppement international, vous connaissez des langues \u00e9trang?res, poss\u00e9dez des qualit\u00e9s relationnelles, savez fid\u00e9liser une client?le exigeante et en plus vous ?tes quelqu?un d?engag\u00e9, cette offre peut vous correspondre? Lieu de travail\u00a0: le si?ge de Komet Sp. z o.o. Description du poste prospection de la client?le B2B, d\u00e9veloppement du r\u00e9seau [&hellip;]\" \/>\n<meta property=\"og:url\" content=\"https:\/\/komet.pl\/fr\/carrieres\/charge-daffaires-a-lexport\/\" \/>\n<meta property=\"og:site_name\" content=\"Komet\" \/>\n<meta property=\"article:modified_time\" content=\"2021-06-08T18:58:11+00:00\" \/>\n<meta property=\"og:image\" content=\"https:\/\/komet.pl\/wp-content\/uploads\/2021\/04\/AdobeStock_287005186-scaled.jpeg\" \/>\n\t<meta property=\"og:image:width\" content=\"2560\" \/>\n\t<meta property=\"og:image:height\" content=\"1273\" \/>\n\t<meta property=\"og:image:type\" content=\"image\/jpeg\" \/>\n<meta name=\"twitter:card\" content=\"summary_large_image\" \/>\n<meta name=\"twitter:label1\" content=\"Dur\u00e9e de lecture estim\u00e9e\" \/>\n\t<meta name=\"twitter:data1\" content=\"2 minutes\" \/>\n<script type=\"application\/ld+json\" class=\"yoast-schema-graph\">{\"@context\":\"https:\/\/schema.org\",\"@graph\":[{\"@type\":\"WebPage\",\"@id\":\"https:\/\/komet.pl\/fr\/carrieres\/charge-daffaires-a-lexport\/\",\"url\":\"https:\/\/komet.pl\/fr\/carrieres\/charge-daffaires-a-lexport\/\",\"name\":\"Charg\u00e9 d?affaires ? l?export - Komet\",\"isPartOf\":{\"@id\":\"https:\/\/komet.pl\/#website\"},\"datePublished\":\"2021-01-10T15:13:01+00:00\",\"dateModified\":\"2021-06-08T18:58:11+00:00\",\"breadcrumb\":{\"@id\":\"https:\/\/komet.pl\/fr\/carrieres\/charge-daffaires-a-lexport\/#breadcrumb\"},\"inLanguage\":\"fr-FR\",\"potentialAction\":[{\"@type\":\"ReadAction\",\"target\":[\"https:\/\/komet.pl\/fr\/carrieres\/charge-daffaires-a-lexport\/\"]}]},{\"@type\":\"BreadcrumbList\",\"@id\":\"https:\/\/komet.pl\/fr\/carrieres\/charge-daffaires-a-lexport\/#breadcrumb\",\"itemListElement\":[{\"@type\":\"ListItem\",\"position\":1,\"name\":\"Carri?res\",\"item\":\"https:\/\/komet.pl\/fr\/carrieres\/\"},{\"@type\":\"ListItem\",\"position\":2,\"name\":\"Charg\u00e9 d?affaires ? l?export\"}]},{\"@type\":\"WebSite\",\"@id\":\"https:\/\/komet.pl\/#website\",\"url\":\"https:\/\/komet.pl\/\",\"name\":\"Komet\",\"description\":\"Partner produkcyjny dla firm. Stal i malowanie proszkowe w jednym miejscu.\",\"potentialAction\":[{\"@type\":\"SearchAction\",\"target\":{\"@type\":\"EntryPoint\",\"urlTemplate\":\"https:\/\/komet.pl\/?s={search_term_string}\"},\"query-input\":\"required name=search_term_string\"}],\"inLanguage\":\"fr-FR\"}]}<\/script>\n<!-- \/ Yoast SEO plugin. -->","yoast_head_json":{"title":"Charg\u00e9 d?affaires ? l?export - Komet","robots":{"index":"index","follow":"follow","max-snippet":"max-snippet:-1","max-image-preview":"max-image-preview:large","max-video-preview":"max-video-preview:-1"},"canonical":"https:\/\/komet.pl\/fr\/carrieres\/charge-daffaires-a-lexport\/","og_locale":"fr_FR","og_type":"article","og_title":"Charg\u00e9 d?affaires ? l?export - Komet","og_description":"Si vous ?tes int\u00e9ress\u00e9 par le d\u00e9veloppement international, vous connaissez des langues \u00e9trang?res, poss\u00e9dez des qualit\u00e9s relationnelles, savez fid\u00e9liser une client?le exigeante et en plus vous ?tes quelqu?un d?engag\u00e9, cette offre peut vous correspondre? Lieu de travail\u00a0: le si?ge de Komet Sp. z o.o. Description du poste prospection de la client?le B2B, d\u00e9veloppement du r\u00e9seau [&hellip;]","og_url":"https:\/\/komet.pl\/fr\/carrieres\/charge-daffaires-a-lexport\/","og_site_name":"Komet","article_modified_time":"2021-06-08T18:58:11+00:00","og_image":[{"width":2560,"height":1273,"url":"https:\/\/komet.pl\/wp-content\/uploads\/2021\/04\/AdobeStock_287005186-scaled.jpeg","type":"image\/jpeg"}],"twitter_card":"summary_large_image","twitter_misc":{"Dur\u00e9e de lecture estim\u00e9e":"2 minutes"},"schema":{"@context":"https:\/\/schema.org","@graph":[{"@type":"WebPage","@id":"https:\/\/komet.pl\/fr\/carrieres\/charge-daffaires-a-lexport\/","url":"https:\/\/komet.pl\/fr\/carrieres\/charge-daffaires-a-lexport\/","name":"Charg\u00e9 d?affaires ? l?export - Komet","isPartOf":{"@id":"https:\/\/komet.pl\/#website"},"datePublished":"2021-01-10T15:13:01+00:00","dateModified":"2021-06-08T18:58:11+00:00","breadcrumb":{"@id":"https:\/\/komet.pl\/fr\/carrieres\/charge-daffaires-a-lexport\/#breadcrumb"},"inLanguage":"fr-FR","potentialAction":[{"@type":"ReadAction","target":["https:\/\/komet.pl\/fr\/carrieres\/charge-daffaires-a-lexport\/"]}]},{"@type":"BreadcrumbList","@id":"https:\/\/komet.pl\/fr\/carrieres\/charge-daffaires-a-lexport\/#breadcrumb","itemListElement":[{"@type":"ListItem","position":1,"name":"Carri?res","item":"https:\/\/komet.pl\/fr\/carrieres\/"},{"@type":"ListItem","position":2,"name":"Charg\u00e9 d?affaires ? l?export"}]},{"@type":"WebSite","@id":"https:\/\/komet.pl\/#website","url":"https:\/\/komet.pl\/","name":"Komet","description":"Partner produkcyjny dla firm. Stal i malowanie proszkowe w jednym miejscu.","potentialAction":[{"@type":"SearchAction","target":{"@type":"EntryPoint","urlTemplate":"https:\/\/komet.pl\/?s={search_term_string}"},"query-input":"required name=search_term_string"}],"inLanguage":"fr-FR"}]}},"_links":{"self":[{"href":"https:\/\/komet.pl\/fr\/wp-json\/wp\/v2\/pages\/1284"}],"collection":[{"href":"https:\/\/komet.pl\/fr\/wp-json\/wp\/v2\/pages"}],"about":[{"href":"https:\/\/komet.pl\/fr\/wp-json\/wp\/v2\/types\/page"}],"author":[{"embeddable":true,"href":"https:\/\/komet.pl\/fr\/wp-json\/wp\/v2\/users\/1"}],"replies":[{"embeddable":true,"href":"https:\/\/komet.pl\/fr\/wp-json\/wp\/v2\/comments?post=1284"}],"version-history":[{"count":2,"href":"https:\/\/komet.pl\/fr\/wp-json\/wp\/v2\/pages\/1284\/revisions"}],"predecessor-version":[{"id":2050,"href":"https:\/\/komet.pl\/fr\/wp-json\/wp\/v2\/pages\/1284\/revisions\/2050"}],"up":[{"embeddable":true,"href":"https:\/\/komet.pl\/fr\/wp-json\/wp\/v2\/pages\/2443"}],"wp:featuredmedia":[{"embeddable":true,"href":"https:\/\/komet.pl\/fr\/wp-json\/wp\/v2\/media\/1285"}],"wp:attachment":[{"href":"https:\/\/komet.pl\/fr\/wp-json\/wp\/v2\/media?parent=1284"}],"curies":[{"name":"wp","href":"https:\/\/api.w.org\/{rel}","templated":true}]}}