{"id":1075,"date":"2021-03-10T00:40:47","date_gmt":"2021-03-09T23:40:47","guid":{"rendered":"https:\/\/komet.pl\/kierowca-magazynier\/"},"modified":"2021-05-28T23:00:20","modified_gmt":"2021-05-28T21:00:20","slug":"driver-and-warehouse-worker","status":"publish","type":"page","link":"https:\/\/komet.pl\/en\/career\/driver-and-warehouse-worker\/","title":{"rendered":"Driver and warehouse worker"},"content":{"rendered":"\n<p>Miejsce pracy: siedziba Komet Sp. z o.o.<\/p>\n\n\n\n<p><strong>Opis stanowiska<\/strong><\/p>\n\n\n\n<ul><li>kierowanie pojazdami dostawczymi do 3,5 t.,<\/li><li>roz\u0142adunek dostaw i za\u0142adunek wysy\u0142ek,<\/li><li>kompletowanie i pakowanie wysy\u0142ek,<\/li><li>obs\u0142uga dokumentacji przewozowej i magazynowej.<\/li><\/ul>\n\n\n\n<p><strong>Nasze oczekiwania<\/strong><\/p>\n\n\n\n<ul><li>prawo jazdy kat. B,<\/li><li>bezpieczny transport \u0142adunk\u00f3w,<\/li><li>umiej\u0119tno\u015b\u0107 sprawnego korzystania z nawigacji GPS,<\/li><li>uprawnienia na w\u00f3zek wid\u0142owy,<\/li><li>wysoka motywacja i dobra organizacja pracy,<\/li><li>uczciwo\u015b\u0107&nbsp;i&nbsp;odpowiedzialno\u015b\u0107.<\/li><\/ul>\n\n\n\n<p><strong>Oferujemy<\/strong><\/p>\n\n\n\n<ul><li>stabilne zatrudnienie w oparciu o umow\u0119 o prac\u0119,<\/li><li>prac\u0119 w godzinach 7:00-15:00 lub 7:30-15:30,<\/li><li>telefon s\u0142u\u017cbowy (smartfon).<\/li><\/ul>\n\n\n\n<p><strong>Zapewniamy<\/strong><\/p>\n\n\n\n<ul><li>szkolenie wprowadzaj\u0105ce,<\/li><li>parking samochodowy dla pracownik\u00f3w,<\/li><li>mo\u017cliwo\u015b\u0107 do\u0142\u0105czenia do programu M\u0142ody rodzic,<\/li><li>dofinansowanie do karty Multisport.<\/li><\/ul>\n\n\n\n<p><strong>Dbamy o<\/strong><\/p>\n\n\n\n<ul><li>mi\u0142\u0105 atmosfer\u0119 i przyjazne warunki pracy.<\/li><\/ul>\n","protected":false},"excerpt":{"rendered":"<p>Miejsce pracy: siedziba Komet Sp. z o.o. Opis stanowiska kierowanie pojazdami dostawczymi do 3,5 t., roz\u0142adunek dostaw i za\u0142adunek wysy\u0142ek, kompletowanie i pakowanie wysy\u0142ek, obs\u0142uga dokumentacji przewozowej i magazynowej. Nasze oczekiwania prawo jazdy kat. B, bezpieczny transport \u0142adunk\u00f3w, umiej\u0119tno\u015b\u0107 sprawnego korzystania z nawigacji GPS, uprawnienia na w\u00f3zek wid\u0142owy, wysoka motywacja i dobra organizacja pracy, uczciwo\u015b\u0107&nbsp;i&nbsp;odpowiedzialno\u015b\u0107. [&hellip;]<\/p>\n","protected":false},"author":1,"featured_media":1028,"parent":2442,"menu_order":0,"comment_status":"closed","ping_status":"closed","template":"page-strona.php","meta":{"inline_featured_image":false},"yoast_head":"<!-- This site is optimized with the Yoast SEO plugin v19.5.1 - https:\/\/yoast.com\/wordpress\/plugins\/seo\/ -->\n<title>Driver and warehouse worker - Komet<\/title>\n<meta name=\"robots\" content=\"index, follow, max-snippet:-1, max-image-preview:large, max-video-preview:-1\" \/>\n<link rel=\"canonical\" href=\"https:\/\/komet.pl\/en\/career\/driver-and-warehouse-worker\/\" \/>\n<meta property=\"og:locale\" content=\"en_US\" \/>\n<meta property=\"og:type\" content=\"article\" \/>\n<meta property=\"og:title\" content=\"Driver and warehouse worker - Komet\" \/>\n<meta property=\"og:description\" content=\"Miejsce pracy: siedziba Komet Sp. z o.o. Opis stanowiska kierowanie pojazdami dostawczymi do 3,5 t., roz\u0142adunek dostaw i za\u0142adunek wysy\u0142ek, kompletowanie i pakowanie wysy\u0142ek, obs\u0142uga dokumentacji przewozowej i magazynowej. Nasze oczekiwania prawo jazdy kat. B, bezpieczny transport \u0142adunk\u00f3w, umiej\u0119tno\u015b\u0107 sprawnego korzystania z nawigacji GPS, uprawnienia na w\u00f3zek wid\u0142owy, wysoka motywacja i dobra organizacja pracy, uczciwo\u015b\u0107&nbsp;i&nbsp;odpowiedzialno\u015b\u0107. [&hellip;]\" \/>\n<meta property=\"og:url\" content=\"https:\/\/komet.pl\/en\/career\/driver-and-warehouse-worker\/\" \/>\n<meta property=\"og:site_name\" content=\"Komet\" \/>\n<meta property=\"article:modified_time\" content=\"2021-05-28T21:00:20+00:00\" \/>\n<meta property=\"og:image\" content=\"https:\/\/komet.pl\/wp-content\/uploads\/2021\/04\/AdobeStock_303329524-scaled.jpeg\" \/>\n\t<meta property=\"og:image:width\" content=\"2560\" \/>\n\t<meta property=\"og:image:height\" content=\"1709\" \/>\n\t<meta property=\"og:image:type\" content=\"image\/jpeg\" \/>\n<meta name=\"twitter:card\" content=\"summary_large_image\" \/>\n<meta name=\"twitter:label1\" content=\"Est. reading time\" \/>\n\t<meta name=\"twitter:data1\" content=\"1 minute\" \/>\n<script type=\"application\/ld+json\" class=\"yoast-schema-graph\">{\"@context\":\"https:\/\/schema.org\",\"@graph\":[{\"@type\":\"WebPage\",\"@id\":\"https:\/\/komet.pl\/en\/career\/driver-and-warehouse-worker\/\",\"url\":\"https:\/\/komet.pl\/en\/career\/driver-and-warehouse-worker\/\",\"name\":\"Driver and warehouse worker - Komet\",\"isPartOf\":{\"@id\":\"https:\/\/komet.pl\/#website\"},\"datePublished\":\"2021-03-09T23:40:47+00:00\",\"dateModified\":\"2021-05-28T21:00:20+00:00\",\"breadcrumb\":{\"@id\":\"https:\/\/komet.pl\/en\/career\/driver-and-warehouse-worker\/#breadcrumb\"},\"inLanguage\":\"en-US\",\"potentialAction\":[{\"@type\":\"ReadAction\",\"target\":[\"https:\/\/komet.pl\/en\/career\/driver-and-warehouse-worker\/\"]}]},{\"@type\":\"BreadcrumbList\",\"@id\":\"https:\/\/komet.pl\/en\/career\/driver-and-warehouse-worker\/#breadcrumb\",\"itemListElement\":[{\"@type\":\"ListItem\",\"position\":1,\"name\":\"Career\",\"item\":\"https:\/\/komet.pl\/en\/career\/\"},{\"@type\":\"ListItem\",\"position\":2,\"name\":\"Driver and warehouse worker\"}]},{\"@type\":\"WebSite\",\"@id\":\"https:\/\/komet.pl\/#website\",\"url\":\"https:\/\/komet.pl\/\",\"name\":\"Komet\",\"description\":\"Partner produkcyjny dla firm. Stal i malowanie proszkowe w jednym miejscu.\",\"potentialAction\":[{\"@type\":\"SearchAction\",\"target\":{\"@type\":\"EntryPoint\",\"urlTemplate\":\"https:\/\/komet.pl\/?s={search_term_string}\"},\"query-input\":\"required name=search_term_string\"}],\"inLanguage\":\"en-US\"}]}<\/script>\n<!-- \/ Yoast SEO plugin. -->","yoast_head_json":{"title":"Driver and warehouse worker - Komet","robots":{"index":"index","follow":"follow","max-snippet":"max-snippet:-1","max-image-preview":"max-image-preview:large","max-video-preview":"max-video-preview:-1"},"canonical":"https:\/\/komet.pl\/en\/career\/driver-and-warehouse-worker\/","og_locale":"en_US","og_type":"article","og_title":"Driver and warehouse worker - Komet","og_description":"Miejsce pracy: siedziba Komet Sp. z o.o. Opis stanowiska kierowanie pojazdami dostawczymi do 3,5 t., roz\u0142adunek dostaw i za\u0142adunek wysy\u0142ek, kompletowanie i pakowanie wysy\u0142ek, obs\u0142uga dokumentacji przewozowej i magazynowej. Nasze oczekiwania prawo jazdy kat. B, bezpieczny transport \u0142adunk\u00f3w, umiej\u0119tno\u015b\u0107 sprawnego korzystania z nawigacji GPS, uprawnienia na w\u00f3zek wid\u0142owy, wysoka motywacja i dobra organizacja pracy, uczciwo\u015b\u0107&nbsp;i&nbsp;odpowiedzialno\u015b\u0107. [&hellip;]","og_url":"https:\/\/komet.pl\/en\/career\/driver-and-warehouse-worker\/","og_site_name":"Komet","article_modified_time":"2021-05-28T21:00:20+00:00","og_image":[{"width":2560,"height":1709,"url":"https:\/\/komet.pl\/wp-content\/uploads\/2021\/04\/AdobeStock_303329524-scaled.jpeg","type":"image\/jpeg"}],"twitter_card":"summary_large_image","twitter_misc":{"Est. reading time":"1 minute"},"schema":{"@context":"https:\/\/schema.org","@graph":[{"@type":"WebPage","@id":"https:\/\/komet.pl\/en\/career\/driver-and-warehouse-worker\/","url":"https:\/\/komet.pl\/en\/career\/driver-and-warehouse-worker\/","name":"Driver and warehouse worker - Komet","isPartOf":{"@id":"https:\/\/komet.pl\/#website"},"datePublished":"2021-03-09T23:40:47+00:00","dateModified":"2021-05-28T21:00:20+00:00","breadcrumb":{"@id":"https:\/\/komet.pl\/en\/career\/driver-and-warehouse-worker\/#breadcrumb"},"inLanguage":"en-US","potentialAction":[{"@type":"ReadAction","target":["https:\/\/komet.pl\/en\/career\/driver-and-warehouse-worker\/"]}]},{"@type":"BreadcrumbList","@id":"https:\/\/komet.pl\/en\/career\/driver-and-warehouse-worker\/#breadcrumb","itemListElement":[{"@type":"ListItem","position":1,"name":"Career","item":"https:\/\/komet.pl\/en\/career\/"},{"@type":"ListItem","position":2,"name":"Driver and warehouse worker"}]},{"@type":"WebSite","@id":"https:\/\/komet.pl\/#website","url":"https:\/\/komet.pl\/","name":"Komet","description":"Partner produkcyjny dla firm. Stal i malowanie proszkowe w jednym miejscu.","potentialAction":[{"@type":"SearchAction","target":{"@type":"EntryPoint","urlTemplate":"https:\/\/komet.pl\/?s={search_term_string}"},"query-input":"required name=search_term_string"}],"inLanguage":"en-US"}]}},"_links":{"self":[{"href":"https:\/\/komet.pl\/en\/wp-json\/wp\/v2\/pages\/1075"}],"collection":[{"href":"https:\/\/komet.pl\/en\/wp-json\/wp\/v2\/pages"}],"about":[{"href":"https:\/\/komet.pl\/en\/wp-json\/wp\/v2\/types\/page"}],"author":[{"embeddable":true,"href":"https:\/\/komet.pl\/en\/wp-json\/wp\/v2\/users\/1"}],"replies":[{"embeddable":true,"href":"https:\/\/komet.pl\/en\/wp-json\/wp\/v2\/comments?post=1075"}],"version-history":[{"count":1,"href":"https:\/\/komet.pl\/en\/wp-json\/wp\/v2\/pages\/1075\/revisions"}],"predecessor-version":[{"id":1098,"href":"https:\/\/komet.pl\/en\/wp-json\/wp\/v2\/pages\/1075\/revisions\/1098"}],"up":[{"embeddable":true,"href":"https:\/\/komet.pl\/en\/wp-json\/wp\/v2\/pages\/2442"}],"wp:featuredmedia":[{"embeddable":true,"href":"https:\/\/komet.pl\/en\/wp-json\/wp\/v2\/media\/1028"}],"wp:attachment":[{"href":"https:\/\/komet.pl\/en\/wp-json\/wp\/v2\/media?parent=1075"}],"curies":[{"name":"wp","href":"https:\/\/api.w.org\/{rel}","templated":true}]}}