{"id":2128,"date":"2021-06-09T20:34:21","date_gmt":"2021-06-09T18:34:21","guid":{"rendered":"https:\/\/komet.pl\/malowanie-proszkowe\/"},"modified":"2021-06-09T23:17:18","modified_gmt":"2021-06-09T21:17:18","slug":"pulverbeschichtung","status":"publish","type":"page","link":"https:\/\/komet.pl\/de\/dienstleistung\/pulverbeschichtung\/","title":{"rendered":"Pulverbeschichtung"},"content":{"rendered":"\n<p>Specjalizujemy si\u0119 w malowaniu proszkowym. Oferujemy szeroki wyb\u00f3r kolor\u00f3w (RAL) oraz przyst\u0119pne terminy realizacji. Nasza malarnia proszkowa wyposa\u017cona jest w automatyczn\u0105 lini\u0119 (produkcja seryjna), jak r\u00f3wnie\u017c kabiny manualne (kr\u00f3tkie serie). Gwarantujemy najwy\u017csz\u0105 jako\u015b\u0107 pow\u0142oki, kt\u00f3ra wymaga 3 etap\u00f3w: w\u0142a\u015bciwego oczyszczenia produktu (myjka), umiej\u0119tnego naniesienia farby oraz prawid\u0142owego procesu jej utwardzenia.<\/p>\n","protected":false},"excerpt":{"rendered":"<p>Specjalizujemy si\u0119 w malowaniu proszkowym. Oferujemy szeroki wyb\u00f3r kolor\u00f3w (RAL) oraz przyst\u0119pne terminy realizacji. Nasza malarnia proszkowa wyposa\u017cona jest w automatyczn\u0105 lini\u0119 (produkcja seryjna), jak r\u00f3wnie\u017c kabiny manualne (kr\u00f3tkie serie). Gwarantujemy najwy\u017csz\u0105 jako\u015b\u0107 pow\u0142oki, kt\u00f3ra wymaga 3 etap\u00f3w: w\u0142a\u015bciwego oczyszczenia produktu (myjka), umiej\u0119tnego naniesienia farby oraz prawid\u0142owego procesu jej utwardzenia.<\/p>\n","protected":false},"author":1,"featured_media":3712,"parent":2157,"menu_order":1,"comment_status":"closed","ping_status":"closed","template":"page-malowanie-proszkowe.php","meta":{"inline_featured_image":false},"yoast_head":"<!-- This site is optimized with the Yoast SEO plugin v19.5.1 - https:\/\/yoast.com\/wordpress\/plugins\/seo\/ -->\n<title>Pulverbeschichtung - Komet<\/title>\n<meta name=\"robots\" content=\"index, follow, max-snippet:-1, max-image-preview:large, max-video-preview:-1\" \/>\n<link rel=\"canonical\" href=\"https:\/\/komet.pl\/de\/dienstleistung\/pulverbeschichtung\/\" \/>\n<meta property=\"og:locale\" content=\"de_DE\" \/>\n<meta property=\"og:type\" content=\"article\" \/>\n<meta property=\"og:title\" content=\"Pulverbeschichtung - Komet\" \/>\n<meta property=\"og:description\" content=\"Specjalizujemy si\u0119 w malowaniu proszkowym. Oferujemy szeroki wyb\u00f3r kolor\u00f3w (RAL) oraz przyst\u0119pne terminy realizacji. Nasza malarnia proszkowa wyposa\u017cona jest w automatyczn\u0105 lini\u0119 (produkcja seryjna), jak r\u00f3wnie\u017c kabiny manualne (kr\u00f3tkie serie). Gwarantujemy najwy\u017csz\u0105 jako\u015b\u0107 pow\u0142oki, kt\u00f3ra wymaga 3 etap\u00f3w: w\u0142a\u015bciwego oczyszczenia produktu (myjka), umiej\u0119tnego naniesienia farby oraz prawid\u0142owego procesu jej utwardzenia.\" \/>\n<meta property=\"og:url\" content=\"https:\/\/komet.pl\/de\/dienstleistung\/pulverbeschichtung\/\" \/>\n<meta property=\"og:site_name\" content=\"Komet\" \/>\n<meta property=\"article:modified_time\" content=\"2021-06-09T21:17:18+00:00\" \/>\n<meta property=\"og:image\" content=\"https:\/\/komet.pl\/wp-content\/uploads\/2020\/12\/OWkqv-1.jpg\" \/>\n\t<meta property=\"og:image:width\" content=\"1440\" \/>\n\t<meta property=\"og:image:height\" content=\"1080\" \/>\n\t<meta property=\"og:image:type\" content=\"image\/jpeg\" \/>\n<meta name=\"twitter:card\" content=\"summary_large_image\" \/>\n<meta name=\"twitter:label1\" content=\"Gesch\u00e4tzte Lesezeit\" \/>\n\t<meta name=\"twitter:data1\" content=\"1\u00a0Minute\" \/>\n<script type=\"application\/ld+json\" class=\"yoast-schema-graph\">{\"@context\":\"https:\/\/schema.org\",\"@graph\":[{\"@type\":\"WebPage\",\"@id\":\"https:\/\/komet.pl\/de\/dienstleistung\/pulverbeschichtung\/\",\"url\":\"https:\/\/komet.pl\/de\/dienstleistung\/pulverbeschichtung\/\",\"name\":\"Pulverbeschichtung - Komet\",\"isPartOf\":{\"@id\":\"https:\/\/komet.pl\/#website\"},\"datePublished\":\"2021-06-09T18:34:21+00:00\",\"dateModified\":\"2021-06-09T21:17:18+00:00\",\"breadcrumb\":{\"@id\":\"https:\/\/komet.pl\/de\/dienstleistung\/pulverbeschichtung\/#breadcrumb\"},\"inLanguage\":\"de\",\"potentialAction\":[{\"@type\":\"ReadAction\",\"target\":[\"https:\/\/komet.pl\/de\/dienstleistung\/pulverbeschichtung\/\"]}]},{\"@type\":\"BreadcrumbList\",\"@id\":\"https:\/\/komet.pl\/de\/dienstleistung\/pulverbeschichtung\/#breadcrumb\",\"itemListElement\":[{\"@type\":\"ListItem\",\"position\":1,\"name\":\"Dienstleistung\",\"item\":\"https:\/\/komet.pl\/de\/dienstleistung\/\"},{\"@type\":\"ListItem\",\"position\":2,\"name\":\"Pulverbeschichtung\"}]},{\"@type\":\"WebSite\",\"@id\":\"https:\/\/komet.pl\/#website\",\"url\":\"https:\/\/komet.pl\/\",\"name\":\"Komet\",\"description\":\"Partner produkcyjny dla firm. Stal i malowanie proszkowe w jednym miejscu.\",\"potentialAction\":[{\"@type\":\"SearchAction\",\"target\":{\"@type\":\"EntryPoint\",\"urlTemplate\":\"https:\/\/komet.pl\/?s={search_term_string}\"},\"query-input\":\"required name=search_term_string\"}],\"inLanguage\":\"de\"}]}<\/script>\n<!-- \/ Yoast SEO plugin. -->","yoast_head_json":{"title":"Pulverbeschichtung - Komet","robots":{"index":"index","follow":"follow","max-snippet":"max-snippet:-1","max-image-preview":"max-image-preview:large","max-video-preview":"max-video-preview:-1"},"canonical":"https:\/\/komet.pl\/de\/dienstleistung\/pulverbeschichtung\/","og_locale":"de_DE","og_type":"article","og_title":"Pulverbeschichtung - Komet","og_description":"Specjalizujemy si\u0119 w malowaniu proszkowym. Oferujemy szeroki wyb\u00f3r kolor\u00f3w (RAL) oraz przyst\u0119pne terminy realizacji. Nasza malarnia proszkowa wyposa\u017cona jest w automatyczn\u0105 lini\u0119 (produkcja seryjna), jak r\u00f3wnie\u017c kabiny manualne (kr\u00f3tkie serie). Gwarantujemy najwy\u017csz\u0105 jako\u015b\u0107 pow\u0142oki, kt\u00f3ra wymaga 3 etap\u00f3w: w\u0142a\u015bciwego oczyszczenia produktu (myjka), umiej\u0119tnego naniesienia farby oraz prawid\u0142owego procesu jej utwardzenia.","og_url":"https:\/\/komet.pl\/de\/dienstleistung\/pulverbeschichtung\/","og_site_name":"Komet","article_modified_time":"2021-06-09T21:17:18+00:00","og_image":[{"width":1440,"height":1080,"url":"https:\/\/komet.pl\/wp-content\/uploads\/2020\/12\/OWkqv-1.jpg","type":"image\/jpeg"}],"twitter_card":"summary_large_image","twitter_misc":{"Gesch\u00e4tzte Lesezeit":"1\u00a0Minute"},"schema":{"@context":"https:\/\/schema.org","@graph":[{"@type":"WebPage","@id":"https:\/\/komet.pl\/de\/dienstleistung\/pulverbeschichtung\/","url":"https:\/\/komet.pl\/de\/dienstleistung\/pulverbeschichtung\/","name":"Pulverbeschichtung - Komet","isPartOf":{"@id":"https:\/\/komet.pl\/#website"},"datePublished":"2021-06-09T18:34:21+00:00","dateModified":"2021-06-09T21:17:18+00:00","breadcrumb":{"@id":"https:\/\/komet.pl\/de\/dienstleistung\/pulverbeschichtung\/#breadcrumb"},"inLanguage":"de","potentialAction":[{"@type":"ReadAction","target":["https:\/\/komet.pl\/de\/dienstleistung\/pulverbeschichtung\/"]}]},{"@type":"BreadcrumbList","@id":"https:\/\/komet.pl\/de\/dienstleistung\/pulverbeschichtung\/#breadcrumb","itemListElement":[{"@type":"ListItem","position":1,"name":"Dienstleistung","item":"https:\/\/komet.pl\/de\/dienstleistung\/"},{"@type":"ListItem","position":2,"name":"Pulverbeschichtung"}]},{"@type":"WebSite","@id":"https:\/\/komet.pl\/#website","url":"https:\/\/komet.pl\/","name":"Komet","description":"Partner produkcyjny dla firm. Stal i malowanie proszkowe w jednym miejscu.","potentialAction":[{"@type":"SearchAction","target":{"@type":"EntryPoint","urlTemplate":"https:\/\/komet.pl\/?s={search_term_string}"},"query-input":"required name=search_term_string"}],"inLanguage":"de"}]}},"_links":{"self":[{"href":"https:\/\/komet.pl\/de\/wp-json\/wp\/v2\/pages\/2128"}],"collection":[{"href":"https:\/\/komet.pl\/de\/wp-json\/wp\/v2\/pages"}],"about":[{"href":"https:\/\/komet.pl\/de\/wp-json\/wp\/v2\/types\/page"}],"author":[{"embeddable":true,"href":"https:\/\/komet.pl\/de\/wp-json\/wp\/v2\/users\/1"}],"replies":[{"embeddable":true,"href":"https:\/\/komet.pl\/de\/wp-json\/wp\/v2\/comments?post=2128"}],"version-history":[{"count":3,"href":"https:\/\/komet.pl\/de\/wp-json\/wp\/v2\/pages\/2128\/revisions"}],"predecessor-version":[{"id":2179,"href":"https:\/\/komet.pl\/de\/wp-json\/wp\/v2\/pages\/2128\/revisions\/2179"}],"up":[{"embeddable":true,"href":"https:\/\/komet.pl\/de\/wp-json\/wp\/v2\/pages\/2157"}],"wp:featuredmedia":[{"embeddable":true,"href":"https:\/\/komet.pl\/de\/wp-json\/wp\/v2\/media\/3712"}],"wp:attachment":[{"href":"https:\/\/komet.pl\/de\/wp-json\/wp\/v2\/media?parent=2128"}],"curies":[{"name":"wp","href":"https:\/\/api.w.org\/{rel}","templated":true}]}}