{"id":1340,"date":"2020-12-19T16:51:29","date_gmt":"2020-12-19T15:51:29","guid":{"rendered":"https:\/\/komet.pl\/projekty-unijne\/"},"modified":"2021-06-10T14:48:45","modified_gmt":"2021-06-10T12:48:45","slug":"eu-projekte","status":"publish","type":"page","link":"https:\/\/komet.pl\/de\/eu-projekte\/","title":{"rendered":"EU-Projekte"},"content":{"rendered":"\n<figure class=\"wp-block-image size-large\"><img loading=\"lazy\" width=\"992\" height=\"114\" src=\"https:\/\/komet.pl\/wp-content\/uploads\/2021\/05\/oHjAi-992x114.jpg\" alt=\"\" class=\"wp-image-1175\" srcset=\"https:\/\/komet.pl\/wp-content\/uploads\/2021\/05\/oHjAi-992x114.jpg 992w, https:\/\/komet.pl\/wp-content\/uploads\/2021\/05\/oHjAi-576x66.jpg 576w, https:\/\/komet.pl\/wp-content\/uploads\/2021\/05\/oHjAi-768x88.jpg 768w, https:\/\/komet.pl\/wp-content\/uploads\/2021\/05\/oHjAi-1536x176.jpg 1536w, https:\/\/komet.pl\/wp-content\/uploads\/2021\/05\/oHjAi-2048x235.jpg 2048w\" sizes=\"(max-width: 992px) 100vw, 992px\" \/><\/figure>\n\n\n\n<p>Die Beg\u00fcnstigte Komet Sp. z o.o. setzt das folgende Projekt um: ?Bewerbung der Produktmarke ?My MODERN Home? auf ausl\u00e4ndischen M\u00e4rkten? im Rahmen der Unterma\u00dfnahme 3.3.3. Unterst\u00fctzung kleiner und mittelst\u00e4ndischer Unternehmen bei der Bewerbung von Produktmarken &#8211; Go to Brand. Operationelles Programm Intelligente Entwicklung 2014-2020.<\/p>\n\n\n\n<p><strong>Ziel des Projektes:&nbsp;<\/strong>Erweiterung der Exportaktivit\u00e4t der Firma. Dank der Umsetzung dieses Projektes kann Komet Produkte aus der M\u00f6belbranche auf ausl\u00e4ndischen M\u00e4rkten (u. a. auf dem vielversprechenden Markt der Vereinigten Arabischen Emirate) anbieten, dadurch kann der Umsatz erh\u00f6ht werden. Die Projektabwicklung tr\u00e4gt auch dazu bei, dass neue Gesch\u00e4ftskontakte gekn\u00fcpft werden und dass die Produktmarke My MODERN Home entwickelt wird. Teilnahme an Messen als Aussteller, worauf das Unternehmen seine Aktivit\u00e4t konzentriert, verst\u00e4rkt die Stellung der Firma in der Branche.<br><strong>Geplante Effekte:&nbsp;<\/strong>Erh\u00f6hung der Anzahl ausl\u00e4ndischer Gesch\u00e4ftsvertr\u00e4ge, Erh\u00f6hung des Exportumsatzes.<br><strong>Wert des Projektes:<\/strong> 565 900,00 PLN<br><strong>Zuschuss aus den EU-Fonds:<\/strong> 424 425,00 PLN<\/p>\n\n\n\n<figure class=\"wp-block-image size-large\"><img loading=\"lazy\" width=\"992\" height=\"114\" src=\"https:\/\/komet.pl\/wp-content\/uploads\/2021\/05\/oHjAi-1-992x114.jpg\" alt=\"\" class=\"wp-image-1178\" srcset=\"https:\/\/komet.pl\/wp-content\/uploads\/2021\/05\/oHjAi-1-992x114.jpg 992w, https:\/\/komet.pl\/wp-content\/uploads\/2021\/05\/oHjAi-1-576x66.jpg 576w, https:\/\/komet.pl\/wp-content\/uploads\/2021\/05\/oHjAi-1-768x88.jpg 768w, https:\/\/komet.pl\/wp-content\/uploads\/2021\/05\/oHjAi-1-1536x176.jpg 1536w, https:\/\/komet.pl\/wp-content\/uploads\/2021\/05\/oHjAi-1-2048x235.jpg 2048w\" sizes=\"(max-width: 992px) 100vw, 992px\" \/><\/figure>\n\n\n\n<p>Die Beg\u00fcnstigte Komet Sp. z o.o. setzt das folgende Projekt um: ?Erh\u00f6hung der Bedeutung der Produktmarke ?My MODERN Home? von Komet Sp. z o.o. auf ausl\u00e4ndischen M\u00e4rkten? im Rahmen der Unterma\u00dfnahme 3.3.3. Unterst\u00fctzung kleiner und mittelst\u00e4ndischer Unternehmen bei der Bewerbung von Produktmarken &#8211; Go to Brand. Operationelles Programm Intelligente Entwicklung 2014-2020.<\/p>\n\n\n\n<p><strong>Ziel des Projektes<\/strong><strong>:<\/strong> Erweiterung der Exportaktivit\u00e4t der Firma. Dank der Umsetzung dieses Projektes kann Komet Produkte aus der M\u00f6belbranche auf ausl\u00e4ndischen M\u00e4rkten (u. a. auf dem vielversprechenden russischen Markt) anbieten, dadurch kann der Umsatz erh\u00f6ht werden. Die Projektabwicklung tr\u00e4gt auch dazu bei, dass neue Gesch\u00e4ftskontakte gekn\u00fcpft werden und dass die Produktmarke von Komet beworben wird. Teilnahme an Messen als Aussteller, worauf das Unternehmen seine Aktivit\u00e4t konzentriert, verst\u00e4rkt die Stellung der Firma in der Branche.<br><strong>Geplante Effekte:&nbsp;<\/strong>Erh\u00f6hung der Anzahl ausl\u00e4ndischer Gesch\u00e4ftsvertr\u00e4ge, Erh\u00f6hung des Exportumsatzes.<br><strong>Wert des Projektes:<\/strong> 546 800,00 PLN<br><strong>Zuschuss aus den EU-Fonds:<\/strong> 410 100,00 PLN<\/p>\n","protected":false},"excerpt":{"rendered":"<p>Die Beg\u00fcnstigte Komet Sp. z o.o. setzt das folgende Projekt um: ?Bewerbung der Produktmarke ?My MODERN Home? auf ausl\u00e4ndischen M\u00e4rkten? im Rahmen der Unterma\u00dfnahme 3.3.3. Unterst\u00fctzung kleiner und mittelst\u00e4ndischer Unternehmen bei der Bewerbung von Produktmarken &#8211; Go to Brand. Operationelles Programm Intelligente Entwicklung 2014-2020. Ziel des Projektes:&nbsp;Erweiterung der Exportaktivit\u00e4t der Firma. Dank der Umsetzung dieses [&hellip;]<\/p>\n","protected":false},"author":1,"featured_media":0,"parent":0,"menu_order":0,"comment_status":"closed","ping_status":"closed","template":"page-projekty-unijne.php","meta":{"inline_featured_image":false},"yoast_head":"<!-- This site is optimized with the Yoast SEO plugin v19.5.1 - https:\/\/yoast.com\/wordpress\/plugins\/seo\/ -->\n<title>EU-Projekte - Komet<\/title>\n<meta name=\"robots\" content=\"index, follow, max-snippet:-1, max-image-preview:large, max-video-preview:-1\" \/>\n<link rel=\"canonical\" href=\"https:\/\/komet.pl\/de\/eu-projekte\/\" \/>\n<meta property=\"og:locale\" content=\"de_DE\" \/>\n<meta property=\"og:type\" content=\"article\" \/>\n<meta property=\"og:title\" content=\"EU-Projekte - Komet\" \/>\n<meta property=\"og:description\" content=\"Die Beg\u00fcnstigte Komet Sp. z o.o. setzt das folgende Projekt um: ?Bewerbung der Produktmarke ?My MODERN Home? auf ausl\u00e4ndischen M\u00e4rkten? im Rahmen der Unterma\u00dfnahme 3.3.3. Unterst\u00fctzung kleiner und mittelst\u00e4ndischer Unternehmen bei der Bewerbung von Produktmarken &#8211; Go to Brand. Operationelles Programm Intelligente Entwicklung 2014-2020. Ziel des Projektes:&nbsp;Erweiterung der Exportaktivit\u00e4t der Firma. Dank der Umsetzung dieses [&hellip;]\" \/>\n<meta property=\"og:url\" content=\"https:\/\/komet.pl\/de\/eu-projekte\/\" \/>\n<meta property=\"og:site_name\" content=\"Komet\" \/>\n<meta property=\"article:modified_time\" content=\"2021-06-10T12:48:45+00:00\" \/>\n<meta property=\"og:image\" content=\"https:\/\/komet.pl\/wp-content\/uploads\/2021\/05\/oHjAi-992x114.jpg\" \/>\n<meta name=\"twitter:card\" content=\"summary_large_image\" \/>\n<meta name=\"twitter:label1\" content=\"Gesch\u00e4tzte Lesezeit\" \/>\n\t<meta name=\"twitter:data1\" content=\"2\u00a0Minuten\" \/>\n<script type=\"application\/ld+json\" class=\"yoast-schema-graph\">{\"@context\":\"https:\/\/schema.org\",\"@graph\":[{\"@type\":\"WebPage\",\"@id\":\"https:\/\/komet.pl\/de\/eu-projekte\/\",\"url\":\"https:\/\/komet.pl\/de\/eu-projekte\/\",\"name\":\"EU-Projekte - Komet\",\"isPartOf\":{\"@id\":\"https:\/\/komet.pl\/#website\"},\"datePublished\":\"2020-12-19T15:51:29+00:00\",\"dateModified\":\"2021-06-10T12:48:45+00:00\",\"breadcrumb\":{\"@id\":\"https:\/\/komet.pl\/de\/eu-projekte\/#breadcrumb\"},\"inLanguage\":\"de\",\"potentialAction\":[{\"@type\":\"ReadAction\",\"target\":[\"https:\/\/komet.pl\/de\/eu-projekte\/\"]}]},{\"@type\":\"BreadcrumbList\",\"@id\":\"https:\/\/komet.pl\/de\/eu-projekte\/#breadcrumb\",\"itemListElement\":[{\"@type\":\"ListItem\",\"position\":1,\"name\":\"EU-Projekte\"}]},{\"@type\":\"WebSite\",\"@id\":\"https:\/\/komet.pl\/#website\",\"url\":\"https:\/\/komet.pl\/\",\"name\":\"Komet\",\"description\":\"Partner produkcyjny dla firm. Stal i malowanie proszkowe w jednym miejscu.\",\"potentialAction\":[{\"@type\":\"SearchAction\",\"target\":{\"@type\":\"EntryPoint\",\"urlTemplate\":\"https:\/\/komet.pl\/?s={search_term_string}\"},\"query-input\":\"required name=search_term_string\"}],\"inLanguage\":\"de\"}]}<\/script>\n<!-- \/ Yoast SEO plugin. -->","yoast_head_json":{"title":"EU-Projekte - Komet","robots":{"index":"index","follow":"follow","max-snippet":"max-snippet:-1","max-image-preview":"max-image-preview:large","max-video-preview":"max-video-preview:-1"},"canonical":"https:\/\/komet.pl\/de\/eu-projekte\/","og_locale":"de_DE","og_type":"article","og_title":"EU-Projekte - Komet","og_description":"Die Beg\u00fcnstigte Komet Sp. z o.o. setzt das folgende Projekt um: ?Bewerbung der Produktmarke ?My MODERN Home? auf ausl\u00e4ndischen M\u00e4rkten? im Rahmen der Unterma\u00dfnahme 3.3.3. Unterst\u00fctzung kleiner und mittelst\u00e4ndischer Unternehmen bei der Bewerbung von Produktmarken &#8211; Go to Brand. Operationelles Programm Intelligente Entwicklung 2014-2020. Ziel des Projektes:&nbsp;Erweiterung der Exportaktivit\u00e4t der Firma. Dank der Umsetzung dieses [&hellip;]","og_url":"https:\/\/komet.pl\/de\/eu-projekte\/","og_site_name":"Komet","article_modified_time":"2021-06-10T12:48:45+00:00","og_image":[{"url":"https:\/\/komet.pl\/wp-content\/uploads\/2021\/05\/oHjAi-992x114.jpg"}],"twitter_card":"summary_large_image","twitter_misc":{"Gesch\u00e4tzte Lesezeit":"2\u00a0Minuten"},"schema":{"@context":"https:\/\/schema.org","@graph":[{"@type":"WebPage","@id":"https:\/\/komet.pl\/de\/eu-projekte\/","url":"https:\/\/komet.pl\/de\/eu-projekte\/","name":"EU-Projekte - Komet","isPartOf":{"@id":"https:\/\/komet.pl\/#website"},"datePublished":"2020-12-19T15:51:29+00:00","dateModified":"2021-06-10T12:48:45+00:00","breadcrumb":{"@id":"https:\/\/komet.pl\/de\/eu-projekte\/#breadcrumb"},"inLanguage":"de","potentialAction":[{"@type":"ReadAction","target":["https:\/\/komet.pl\/de\/eu-projekte\/"]}]},{"@type":"BreadcrumbList","@id":"https:\/\/komet.pl\/de\/eu-projekte\/#breadcrumb","itemListElement":[{"@type":"ListItem","position":1,"name":"EU-Projekte"}]},{"@type":"WebSite","@id":"https:\/\/komet.pl\/#website","url":"https:\/\/komet.pl\/","name":"Komet","description":"Partner produkcyjny dla firm. Stal i malowanie proszkowe w jednym miejscu.","potentialAction":[{"@type":"SearchAction","target":{"@type":"EntryPoint","urlTemplate":"https:\/\/komet.pl\/?s={search_term_string}"},"query-input":"required name=search_term_string"}],"inLanguage":"de"}]}},"_links":{"self":[{"href":"https:\/\/komet.pl\/de\/wp-json\/wp\/v2\/pages\/1340"}],"collection":[{"href":"https:\/\/komet.pl\/de\/wp-json\/wp\/v2\/pages"}],"about":[{"href":"https:\/\/komet.pl\/de\/wp-json\/wp\/v2\/types\/page"}],"author":[{"embeddable":true,"href":"https:\/\/komet.pl\/de\/wp-json\/wp\/v2\/users\/1"}],"replies":[{"embeddable":true,"href":"https:\/\/komet.pl\/de\/wp-json\/wp\/v2\/comments?post=1340"}],"version-history":[{"count":3,"href":"https:\/\/komet.pl\/de\/wp-json\/wp\/v2\/pages\/1340\/revisions"}],"predecessor-version":[{"id":2215,"href":"https:\/\/komet.pl\/de\/wp-json\/wp\/v2\/pages\/1340\/revisions\/2215"}],"wp:attachment":[{"href":"https:\/\/komet.pl\/de\/wp-json\/wp\/v2\/media?parent=1340"}],"curies":[{"name":"wp","href":"https:\/\/api.w.org\/{rel}","templated":true}]}}