{"id":1333,"date":"2021-02-28T18:28:45","date_gmt":"2021-02-28T17:28:45","guid":{"rendered":"https:\/\/komet.pl\/polityka-jakosci\/"},"modified":"2021-06-08T19:09:11","modified_gmt":"2021-06-08T17:09:11","slug":"qualitaetspolitik","status":"publish","type":"page","link":"https:\/\/komet.pl\/de\/qualitaetspolitik\/","title":{"rendered":"Qualit\u00e4tspolitik"},"content":{"rendered":"\n<p><strong><strong>DIE UALIT\u00c4TSPOLITIK BEI KOMET SP. Z O.O. UMFASST:<\/strong><\/strong><\/p>\n\n\n\n<ul><li>Die Produktausf\u00fchrungs- und die Dienstleistungserbringungsqualit\u00e4t.<\/li><li>Die Kundenservicequalit\u00e4t.<\/li><li>Die Qualit\u00e4t der Zusammenarbeit mit den Lieferanten.<\/li><li>Die Qualit\u00e4t der Arbeit beim Unternehmen.<\/li><\/ul>\n\n\n\n<p><strong><strong>PRODUKTAUSF\u00dcHRUNGS- UND DIENSTLEISTUNGSERBRINGUNGSQUALIT\u00c4T<\/strong><\/strong><\/p>\n\n\n\n<p>Unsere Organisation, die Fertigkeiten des Teams, die Erfahrung, fachkundige Lieferanten und der entsprechende Maschinenpark erm\u00f6glichen es uns, eine hohe Produkt- und Dienstleistungsqualit\u00e4t zu erzielen, die unsere Kunden erwarten. Wir sorgen f\u00fcr alle Details, in jeder Stufe der Auftragsabwicklung. Deswegen k\u00f6nnen wir die kompliziertesten Aufgaben erfolgreich umsetzen.<\/p>\n\n\n\n<p><strong><strong>KUNDENSERVICEQUALIT\u00c4T<\/strong><\/strong><\/p>\n\n\n\n<p>Wir streben den besten Service f\u00fcr unsere Kunden an. Der Erfolg einer Zusammenarbeit h\u00e4ngt vom gegenseitigen Verst\u00e4ndnis, von entsprechender \u00dcbermittlung oder Kl\u00e4rung von Details, von Offenheit und Engagement ab. Wir sorgen f\u00fcr eine freundschaftliche Beziehung zu unseren Kunden. Der beste Ma\u00dfstab der Qualit\u00e4t von unserem Service ist die partnerschaftliche Zusammenarbeit, die seit Jahren l\u00e4uft.<\/p>\n\n\n\n<p><strong><strong>QUALIT\u00c4T DER ZUSAMMENARBEIT MIT LIEFERANTEN<\/strong><\/strong><\/p>\n\n\n\n<p>Zusammenarbeit mit Profis erm\u00f6glicht uns effektives Handeln. Zu unseren Lieferanten geh\u00f6ren sowohl kleine, als auch gro\u00dfe Unternehmen. Was sie verbindet, sind die Redlichkeit, Termintreue, Zuverl\u00e4ssigkeit und Flexibilit\u00e4t. Wir wissen unsere Lieferanten zu sch\u00e4tzen, weil uns die Anstrengung bewusst ist, die darin steckt, uns t\u00e4glich Materialien, Produkte und Dienstleistungen zu liefern.<\/p>\n\n\n\n<p><strong><strong>QUALIT\u00c4T DER ARBEIT IM UNTERNEHMEN<\/strong><\/strong><\/p>\n\n\n\n<p>Wir handeln anhand von \u00fcbersichtlichen und gerechten Regeln. Wir engagieren uns gern in neue, oft ehrgeizige Aufgaben, weil uns ihre Ergebnisse die gr\u00f6\u00dfte Zufriedenheit geben und Entwicklung erm\u00f6glichen. In unserem Team f\u00fchlen wir uns komfortabel. Die Arbeitsbedingungen sind uns freundlich. Wir haben Ordnung gern, weil sie die Qualit\u00e4t unserer Arbeit positiv beeinflusst.<\/p>\n\n\n\n<p>Mit dieser Politik identifizieren sich alle Mitarbeiter von Komet Sp. z o.o. Unsere Stakeholder und die Mitarbeiter der Firma k\u00f6nnen erwarten, dass wir diese Politik befolgen.<\/p>\n\n\n\n<p>F\u00fcllen Sie bitte den Zusammenarbeitsbewertungsbogen aus, der auf der Seite <a href=\"https:\/\/www.komet.pl\/wspolpraca\/\">www.komet.pl\/wspolpraca\/<\/a> zur Verf\u00fcgung steht. So k\u00f6nnen wir unsere Qualit\u00e4t \u00fcberpr\u00fcfen und m\u00f6glichst hohe Standards erzielen.<\/p>\n\n\n\n<p>Ihre Gesch\u00e4ftsf\u00fchrung von Komet Sp. z o.o.<\/p>\n\n\n\n<p>Runowo, 01.03.2021 r.\u00a0<\/p>\n","protected":false},"excerpt":{"rendered":"<p>DIE UALIT\u00c4TSPOLITIK BEI KOMET SP. Z O.O. UMFASST: Die Produktausf\u00fchrungs- und die Dienstleistungserbringungsqualit\u00e4t. Die Kundenservicequalit\u00e4t. Die Qualit\u00e4t der Zusammenarbeit mit den Lieferanten. Die Qualit\u00e4t der Arbeit beim Unternehmen. PRODUKTAUSF\u00dcHRUNGS- UND DIENSTLEISTUNGSERBRINGUNGSQUALIT\u00c4T Unsere Organisation, die Fertigkeiten des Teams, die Erfahrung, fachkundige Lieferanten und der entsprechende Maschinenpark erm\u00f6glichen es uns, eine hohe Produkt- und Dienstleistungsqualit\u00e4t zu erzielen, [&hellip;]<\/p>\n","protected":false},"author":1,"featured_media":0,"parent":0,"menu_order":0,"comment_status":"closed","ping_status":"closed","template":"","meta":{"inline_featured_image":false},"yoast_head":"<!-- This site is optimized with the Yoast SEO plugin v19.5.1 - https:\/\/yoast.com\/wordpress\/plugins\/seo\/ -->\n<title>Qualit\u00e4tspolitik - Komet<\/title>\n<meta name=\"robots\" content=\"index, follow, max-snippet:-1, max-image-preview:large, max-video-preview:-1\" \/>\n<link rel=\"canonical\" href=\"https:\/\/komet.pl\/de\/qualitaetspolitik\/\" \/>\n<meta property=\"og:locale\" content=\"de_DE\" \/>\n<meta property=\"og:type\" content=\"article\" \/>\n<meta property=\"og:title\" content=\"Qualit\u00e4tspolitik - Komet\" \/>\n<meta property=\"og:description\" content=\"DIE UALIT\u00c4TSPOLITIK BEI KOMET SP. Z O.O. UMFASST: Die Produktausf\u00fchrungs- und die Dienstleistungserbringungsqualit\u00e4t. Die Kundenservicequalit\u00e4t. Die Qualit\u00e4t der Zusammenarbeit mit den Lieferanten. Die Qualit\u00e4t der Arbeit beim Unternehmen. PRODUKTAUSF\u00dcHRUNGS- UND DIENSTLEISTUNGSERBRINGUNGSQUALIT\u00c4T Unsere Organisation, die Fertigkeiten des Teams, die Erfahrung, fachkundige Lieferanten und der entsprechende Maschinenpark erm\u00f6glichen es uns, eine hohe Produkt- und Dienstleistungsqualit\u00e4t zu erzielen, [&hellip;]\" \/>\n<meta property=\"og:url\" content=\"https:\/\/komet.pl\/de\/qualitaetspolitik\/\" \/>\n<meta property=\"og:site_name\" content=\"Komet\" \/>\n<meta property=\"article:modified_time\" content=\"2021-06-08T17:09:11+00:00\" \/>\n<meta name=\"twitter:card\" content=\"summary_large_image\" \/>\n<meta name=\"twitter:label1\" content=\"Gesch\u00e4tzte Lesezeit\" \/>\n\t<meta name=\"twitter:data1\" content=\"2\u00a0Minuten\" \/>\n<script type=\"application\/ld+json\" class=\"yoast-schema-graph\">{\"@context\":\"https:\/\/schema.org\",\"@graph\":[{\"@type\":\"WebPage\",\"@id\":\"https:\/\/komet.pl\/de\/qualitaetspolitik\/\",\"url\":\"https:\/\/komet.pl\/de\/qualitaetspolitik\/\",\"name\":\"Qualit\u00e4tspolitik - Komet\",\"isPartOf\":{\"@id\":\"https:\/\/komet.pl\/#website\"},\"datePublished\":\"2021-02-28T17:28:45+00:00\",\"dateModified\":\"2021-06-08T17:09:11+00:00\",\"breadcrumb\":{\"@id\":\"https:\/\/komet.pl\/de\/qualitaetspolitik\/#breadcrumb\"},\"inLanguage\":\"de\",\"potentialAction\":[{\"@type\":\"ReadAction\",\"target\":[\"https:\/\/komet.pl\/de\/qualitaetspolitik\/\"]}]},{\"@type\":\"BreadcrumbList\",\"@id\":\"https:\/\/komet.pl\/de\/qualitaetspolitik\/#breadcrumb\",\"itemListElement\":[{\"@type\":\"ListItem\",\"position\":1,\"name\":\"Qualit\u00e4tspolitik\"}]},{\"@type\":\"WebSite\",\"@id\":\"https:\/\/komet.pl\/#website\",\"url\":\"https:\/\/komet.pl\/\",\"name\":\"Komet\",\"description\":\"Partner produkcyjny dla firm. Stal i malowanie proszkowe w jednym miejscu.\",\"potentialAction\":[{\"@type\":\"SearchAction\",\"target\":{\"@type\":\"EntryPoint\",\"urlTemplate\":\"https:\/\/komet.pl\/?s={search_term_string}\"},\"query-input\":\"required name=search_term_string\"}],\"inLanguage\":\"de\"}]}<\/script>\n<!-- \/ Yoast SEO plugin. -->","yoast_head_json":{"title":"Qualit\u00e4tspolitik - Komet","robots":{"index":"index","follow":"follow","max-snippet":"max-snippet:-1","max-image-preview":"max-image-preview:large","max-video-preview":"max-video-preview:-1"},"canonical":"https:\/\/komet.pl\/de\/qualitaetspolitik\/","og_locale":"de_DE","og_type":"article","og_title":"Qualit\u00e4tspolitik - Komet","og_description":"DIE UALIT\u00c4TSPOLITIK BEI KOMET SP. Z O.O. UMFASST: Die Produktausf\u00fchrungs- und die Dienstleistungserbringungsqualit\u00e4t. Die Kundenservicequalit\u00e4t. Die Qualit\u00e4t der Zusammenarbeit mit den Lieferanten. Die Qualit\u00e4t der Arbeit beim Unternehmen. PRODUKTAUSF\u00dcHRUNGS- UND DIENSTLEISTUNGSERBRINGUNGSQUALIT\u00c4T Unsere Organisation, die Fertigkeiten des Teams, die Erfahrung, fachkundige Lieferanten und der entsprechende Maschinenpark erm\u00f6glichen es uns, eine hohe Produkt- und Dienstleistungsqualit\u00e4t zu erzielen, [&hellip;]","og_url":"https:\/\/komet.pl\/de\/qualitaetspolitik\/","og_site_name":"Komet","article_modified_time":"2021-06-08T17:09:11+00:00","twitter_card":"summary_large_image","twitter_misc":{"Gesch\u00e4tzte Lesezeit":"2\u00a0Minuten"},"schema":{"@context":"https:\/\/schema.org","@graph":[{"@type":"WebPage","@id":"https:\/\/komet.pl\/de\/qualitaetspolitik\/","url":"https:\/\/komet.pl\/de\/qualitaetspolitik\/","name":"Qualit\u00e4tspolitik - Komet","isPartOf":{"@id":"https:\/\/komet.pl\/#website"},"datePublished":"2021-02-28T17:28:45+00:00","dateModified":"2021-06-08T17:09:11+00:00","breadcrumb":{"@id":"https:\/\/komet.pl\/de\/qualitaetspolitik\/#breadcrumb"},"inLanguage":"de","potentialAction":[{"@type":"ReadAction","target":["https:\/\/komet.pl\/de\/qualitaetspolitik\/"]}]},{"@type":"BreadcrumbList","@id":"https:\/\/komet.pl\/de\/qualitaetspolitik\/#breadcrumb","itemListElement":[{"@type":"ListItem","position":1,"name":"Qualit\u00e4tspolitik"}]},{"@type":"WebSite","@id":"https:\/\/komet.pl\/#website","url":"https:\/\/komet.pl\/","name":"Komet","description":"Partner produkcyjny dla firm. Stal i malowanie proszkowe w jednym miejscu.","potentialAction":[{"@type":"SearchAction","target":{"@type":"EntryPoint","urlTemplate":"https:\/\/komet.pl\/?s={search_term_string}"},"query-input":"required name=search_term_string"}],"inLanguage":"de"}]}},"_links":{"self":[{"href":"https:\/\/komet.pl\/de\/wp-json\/wp\/v2\/pages\/1333"}],"collection":[{"href":"https:\/\/komet.pl\/de\/wp-json\/wp\/v2\/pages"}],"about":[{"href":"https:\/\/komet.pl\/de\/wp-json\/wp\/v2\/types\/page"}],"author":[{"embeddable":true,"href":"https:\/\/komet.pl\/de\/wp-json\/wp\/v2\/users\/1"}],"replies":[{"embeddable":true,"href":"https:\/\/komet.pl\/de\/wp-json\/wp\/v2\/comments?post=1333"}],"version-history":[{"count":2,"href":"https:\/\/komet.pl\/de\/wp-json\/wp\/v2\/pages\/1333\/revisions"}],"predecessor-version":[{"id":2040,"href":"https:\/\/komet.pl\/de\/wp-json\/wp\/v2\/pages\/1333\/revisions\/2040"}],"wp:attachment":[{"href":"https:\/\/komet.pl\/de\/wp-json\/wp\/v2\/media?parent=1333"}],"curies":[{"name":"wp","href":"https:\/\/api.w.org\/{rel}","templated":true}]}}