{"id":1327,"date":"2021-02-28T18:27:28","date_gmt":"2021-02-28T17:27:28","guid":{"rendered":"https:\/\/komet.pl\/ogolne-warunki-sprzedazy\/"},"modified":"2021-06-08T18:49:25","modified_gmt":"2021-06-08T16:49:25","slug":"allgemeine-geschaeftsbedingungen","status":"publish","type":"page","link":"https:\/\/komet.pl\/de\/allgemeine-geschaeftsbedingungen\/","title":{"rendered":"Allgemeine Gesch\u00e4ftsbedingungen"},"content":{"rendered":"\n<p><strong>ALLGEMEINE BESTIMMUNGEN<\/strong><\/p>\n\n\n\n<p>Allgemeine Gesch\u00e4ftsbedingungen bestimmen Regeln, nach denen die Handelszusammenarbeit in Bezug auf die vom Hersteller Komet Sp. z o.o., ul. Dworcowa 6, 62-035 Runowo, Polen, Steuernummer NIP: PL7772596580, statistische Nr. REGON: 634214090, www.komet.pl, T: (+48) 61 8\u00a0170\u00a0100, F: (+48) 61 8\u00a0179\u00a0050, eingetragen im Unternehmerregister des Landesgerichtsregisters unter der Nummer KRS 0000030388 angebotenen Produkte und Dienstleistungen l\u00e4uft.<\/p>\n\n\n\n<p>Der Hersteller verkauft seine Produkte unter der Marke: Komet, My MODERN Home oder My MODERN Garden, und er produziert und verkauft Produkte und Dienstleistungen gem\u00e4\u00df individuellen Abstimmungen mit Abnehmern.<\/p>\n\n\n\n<p>Produkte des Herstellers und alle Marketingmaterialien und technische Dokumente sind Gegenstand von Eigentums- und\/oder Urheberrechten des Herstellers. Entw\u00fcrfe oder Muster der Abnehmer sind Gegenstand der Eigentums- und\/oder Urheberrechte der Abnehmer.<\/p>\n\n\n\n<p>Die Abwicklung der Handelszusammenarbeit in Bezug auf Produkte und Dienstleistungen bedeutet, dass der Hersteller und die Abnehmer alle Bedingungen dieser Zusammenarbeit kennen und akzeptieren.<\/p>\n\n\n\n<p>Abnehmer willigen darin ein, dass ihre Daten, die der Zusammenarbeitsabwicklung, insbesondere der Auftrags-, bzw. Bestellungsabwicklung dienen, vom Hersteller gesammelt und verarbeitet werden.<\/p>\n\n\n\n<p>Die Abnehmer berechtigen den Hersteller zur \u00dcbergabe der unentbehrlichen Daten an Unternehmer, \u00fcber die der Hersteller die Zusammenarbeit umsetzt (z. B. Transportunternehmen), sowie in Situationen, wenn die Nichtmitteilung dieser Daten die Zusammenarbeit unm\u00f6glich machen w\u00fcrde.<\/p>\n\n\n\n<p>Der Hersteller verpflichtet sich, alle Sorgfalt walten zu lassen, damit seine T\u00e4tigkeiten auf einem m\u00f6glichst hohen Niveau umgesetzt werden.<\/p>\n\n\n\n<p><strong><strong>PRODUKTE UND DIENSTLEISTUNGEN<\/strong><\/strong><\/p>\n\n\n\n<p>Der Hersteller produziert und verkauft seine Produkte und erbringt Leistungen, wobei er alle Sorgfalt walten l\u00e4sst, damit Erwartungen seiner Abnehmer erf\u00fcllt werden.<\/p>\n\n\n\n<p>Wird im Produktionsprozess eine nat\u00fcrliche Komponente verwendet, so l\u00e4sst der Hersteller die M\u00f6glichkeit zu, dass Unterschiede zwischen Produkten (z. B. Farbton, Farbe, Struktur) auftreten.<\/p>\n\n\n\n<p>Der Hersteller erm\u00f6glicht die Bestellung von Einzel- oder Sammelverpackungen f\u00fcr Produkte, sowie f\u00fcr die zu erbringenden Leistungen. Herstellerverpackungen minimieren das Risiko, den Auftragsgegenstand im Transport zu besch\u00e4digen.<\/p>\n\n\n\n<p><strong><strong>PREISE<\/strong><\/strong><\/p>\n\n\n\n<p>Preise von Standardprodukten werden vom Hersteller anhand von Preislisten bestimmt. Preislisten gelten bis zu ihrem Widerruf, bzw. bis der Abnehmer \u00fcber eine Preislistenaktualisierung informiert wird.<\/p>\n\n\n\n<p>Die Preise von Produkten, die keine Standardprodukte sind, werden individuell kalkuliert.<\/p>\n\n\n\n<p>Der Hersteller bestimmt Preisrabatte je nach Menge von Produkten, die Auftragsgegenstand sind und anhand von sonstigen Verkaufsbedingungen.<\/p>\n\n\n\n<p>Alle Preislisten enthalten Nettopreise mit Angabe der W\u00e4hrung, in der ein Angebot unterbreitet wird. F\u00fcr andere L\u00e4nder als Polen wird das Preisangebot in EURO ausgedr\u00fcckt.<\/p>\n\n\n\n<p><strong><strong>BESTELLUNG<\/strong><\/strong><\/p>\n\n\n\n<p>Eine Bestellung soll Abnehmerdaten enthalten (voller Firmenname, Gesch\u00e4ftssitz, Steuernummer, Register- und Kontaktdaten), die Auftragsspezifikation, eine genaue Anschrift des Abhol-\/Lieferortes, m\u00f6gliche Lieferzeit und Angaben zur Person, die befugt ist, die bestellte Ware zu empfangen. Ein Bestellung bedarf der Schriftform (elektronisch). Nach Erhalt einer Bestellung schickt der Hersteller<\/p>\n\n\n\n<p>eine Best\u00e4tigung und er leitet den Produktionsprozess unverz\u00fcglich ein. Wird von einer zuvor abgegebenen Bestellung zur\u00fcckgetreten (Verzicht), so werden die dem Hersteller ggf. \u00fcbergebenen Zahlungen nicht zur\u00fcckerstattet, dar\u00fcber hinaus ist der Hersteller berechtigt, die R\u00fcckzahlung der von ihm getragenen Produktionskosten zu fordern.<\/p>\n\n\n\n<p><strong><strong>PRODUKTR\u00dcCKGABE<\/strong><\/strong><\/p>\n\n\n\n<p>Nach einer Lieferung sieht der Hersteller keine M\u00f6glichkeit vor, die gekauften Produkte zur\u00fcckzugeben.<\/p>\n\n\n\n<p><strong><strong>ZAHLUNGSBEDINGUNGEN<\/strong><\/strong><\/p>\n\n\n\n<p>Produktmuster, Materialproben und alle Produkt- und Dienstleistungsbestellungen mit einem Wert bis 1000 PLN netto (250 EUR) nehmen wir ausschlie\u00dflich nach Erhalt einer vollen Vorauszahlung zur Umsetzung an.<\/p>\n\n\n\n<p>Von Abnehmern, die eine erste Produktbestellung mit einem Wert von \u00fcber 1000 PLN netto (250 EUR) abgeben, verlangen wird eine Vorauszahlung in H\u00f6he von 50% des Bestellungswertes. Diese Bedingungen gelten auch f\u00fcr alle individuellen\/untypischen Projekte, die auf Sonderbestellung eines Abnehmers abgewickelt werden, unabh\u00e4ngig vom Abnehmerstatus.<\/p>\n\n\n\n<p>Feste Abnehmer sind von der Pflicht, eine Vorauszahlung zu leisten, befreit und sie erhalten Sonderzahlungsbedingungen nach besonderen Regeln.<\/p>\n\n\n\n<p>Die akzeptierte Zahlungsform ist eine Bank\u00fcberweisung. Im Fall von Bestellungen mit einem Wert bis 1000 PLN netto ist auch eine Barzahlung bei der Kasse im Gesch\u00e4ftssitz des Unternehmens zul\u00e4ssig.<\/p>\n\n\n\n<p><strong><strong>ZAHLUNGSTERMIN<\/strong><\/strong><\/p>\n\n\n\n<p>Der Zahlungstag ist der Tag der Gutschrift des Bankkontos des Herstellers.<\/p>\n\n\n\n<p>Bei einer versp\u00e4teten Zahlung durch einen Abnehmer ist der Hersteller berechtigt, eine Zinsnote auszustellen.<\/p>\n\n\n\n<p><strong><strong>ABWICKLUNGSFRIST. LIEFERUNG<\/strong><\/strong>.<\/p>\n\n\n\n<p>Die Standardfrist f\u00fcr die Abwicklung von Produktbestellungen (inklusive Lieferung an den Abnehmer\/falls zutreffend) betr\u00e4gt 4 bis 8 Wochen. Wir nehmen Transportleistungen externer Unternehmen in Anspruch, deswegen k\u00f6nnen in Ausnahmef\u00e4llen bestimmte vom Hersteller unabh\u00e4ngige Abweichungen bei der f\u00fcr die Bestellungslieferung vorgesehenen Zeit eintreten. Der Hersteller liefert die bestellte Ware an die vom Abnehmer genannte Adresse, bzw. organisiert der Abnehmer die Abholung einer abgewickelten Bestellung vom Gesch\u00e4ftssitz des Herstellers. Der Abnehmer ist verpflichtet, bei der Lieferung zusammenzuarbeiten und die Abholung der vom Spediteur an die angegebene Adresse gelieferten Produkte zu organisieren. Termin, zu dem Produkte dem Abnehmer zur vereinbarten Zeit und am vereinbarten Ort bereitgestellt werden, ist als Liefertag zu behandeln, auch wenn der Abnehmer die Bestellung nicht empfangen hat. Liefertermine und -perioden k\u00f6nnen ruhen, bis der Abnehmer seinen f\u00e4lligen Zahlungsverpflichtungen dem Hersteller gegen\u00fcber nachgekommen ist, falls eine solche Situation eintritt.<\/p>\n\n\n\n<p><strong><strong>EIGENTUMS\u00dcBERTRAGUNG<\/strong><\/strong><\/p>\n\n\n\n<p>Der Hersteller bleibt der einzige Eigent\u00fcmer der vom Abnehmer bestellten Waren bis zur vollst\u00e4ndigen Bezahlung des Bestellungswertes. Alle nach einer korrekt durch den Hersteller get\u00e4tigten Lieferung entstandenen Kosten tr\u00e4gt der Abnehmer.<\/p>\n\n\n\n<p><strong><strong>GARANTIE<\/strong><\/strong><\/p>\n\n\n\n<p>Der Hersteller erteilt eine 24-monatige Garantie, gerechnet ab dem Tag der Waren-\/Dienstleistungs\u00fcbergabe an den Abnehmer. Eine Garantie darf ein Abnehmer in Anspruch nehmen, der die bestellte Ware\/Dienstleistung vollst\u00e4ndig bezahl hat (der Verkaufsgesch\u00e4ft ist zustande gekommen). Die Garantie umfasst keine M\u00e4ngel, die durch Folgendes entstanden sind: falscher Einsatz und\/oder Nutzung, falsche Bedienung, Lagerung, falsche Montage, Wirkung von externen Faktoren, wie z. B. chemische Faktoren, auf die der Hersteller keinen Einfluss hat. Der Garantie unterliegen keine im Rahmen des normalen Betriebs verschlissenen Produkte. Mehr Informationen zur Garantie finden Sie auf der Seite www.komet.pl\/gwarancje<\/p>\n\n\n\n<p><strong><strong>REKLAMATIONEN<\/strong><\/strong><\/p>\n\n\n\n<p>Die Mengen\u00fcberpr\u00fcfung erfolgt zum Zeitpunkt des Empfangs des Produktes durch den Abnehmer. Der Abnehmer ist verpflichtet, den sichtbaren Zustand der Verpackungen zu \u00fcberpr\u00fcfen. Im Fall von Besch\u00e4digungen ist dies bei der Lieferung auf dem Frachtpapier zu vermerken, es ist auch ein Schadensprotokoll in Anwesenheit des Frachtf\u00fchrers zu erstellen. Anmeldungen von externen Besch\u00e4digungen werden zu einem sp\u00e4teren Zeitpunkt nicht angenommen. Eine qualitative Reklamation kann vom Abnehmer w\u00e4hrend der Geltungsdauer der Garantie gemeldet werden. Der Abnehmer sendet dem Hersteller eine elektronische Reklamationsmeldung \u00fcber das auf der Internetseite <a href=\"https:\/\/www.komet.pl\/wspolpraca\/\">www.komet.pl\/wspolpraca\/<\/a> verf\u00fcgbare Formular, bzw. per E-Mail. Eine Anmeldung muss eine Beschreibung und beigef\u00fcgte Fotodokumentation enthalten, die eine eindeutige Einsch\u00e4tzung der Situation erm\u00f6glicht. Die Haftung des Herstellers umfasst die Pflicht, mangelhafte Produkte zu reparieren, diese auszutauschen, bzw. diese zu ersetzen, wobei der Hersteller hier die Wahl hat. Mechanische Besch\u00e4digungen, die nach der \u00dcbergabe der Produkte entstanden sind, bilden keine Grundlage f\u00fcr eine Reklamationsmeldung. Bei Produkten, die vom Abnehmer oder von Dritten modifiziert wurden, besteht keine M\u00f6glichkeit, eine Reklamation zu melden, es sei denn, dass dies mit Zustimmung des Herstellers erfolgt ist. H\u00d6HERE GEWALT Der Hersteller verpflichtet sich, den Abnehmer unverz\u00fcglich \u00fcber Umst\u00e4nde zu informieren, die einen negativen Einfluss auf die Auftragsabwicklung haben k\u00f6nnen. Ist die Auftragsabwicklung infolge des Eintritts der h\u00f6heren Gewalt nicht m\u00f6glich, so haftet der Hersteller dem Abnehmer gegen\u00fcber nicht f\u00fcr die Nichterf\u00fcllung, bzw. f\u00fcr die nicht termingerechte Erf\u00fcllung seiner Verpflichtungen. Die Parteien k\u00f6nnen vereinbaren, dass die Verpflichtungen der Parteien bis zum Aufh\u00f6ren der h\u00f6heren Gewalt, bzw. bis zum Beheben ihrer Folgen ruhen.<\/p>\n\n\n\n<p><strong><strong>SCHLUSSBESTIMMUNGEN<\/strong><\/strong><\/p>\n\n\n\n<p>Eine \u00c4nderung dieser Bedingungen bedarf zur Vermeidung der Nichtigkeit der Schriftform.\u00a0Eventuelle Streitigkeiten werden die Parteien g\u00fctlich beilegen. Wird innerhalb von 30 Tagen keine Vereinbarung erzielt, so wird ein polnisches, f\u00fcr den Gesch\u00e4ftssitz des Herstellers zust\u00e4ndiges Gericht dar\u00fcber entscheiden.<\/p>\n\n\n\n<p>Allgemeine Gesch\u00e4ftsbedingungen wurden aktualisiert, und sie gelten seit dem 01.03.2021.<\/p>\n\n\n\n<p>Komet Sp. z o.o.<\/p>\n","protected":false},"excerpt":{"rendered":"<p>ALLGEMEINE BESTIMMUNGEN Allgemeine Gesch\u00e4ftsbedingungen bestimmen Regeln, nach denen die Handelszusammenarbeit in Bezug auf die vom Hersteller Komet Sp. z o.o., ul. Dworcowa 6, 62-035 Runowo, Polen, Steuernummer NIP: PL7772596580, statistische Nr. REGON: 634214090, www.komet.pl, T: (+48) 61 8\u00a0170\u00a0100, F: (+48) 61 8\u00a0179\u00a0050, eingetragen im Unternehmerregister des Landesgerichtsregisters unter der Nummer KRS 0000030388 angebotenen Produkte und [&hellip;]<\/p>\n","protected":false},"author":1,"featured_media":0,"parent":0,"menu_order":0,"comment_status":"closed","ping_status":"closed","template":"","meta":{"inline_featured_image":false},"yoast_head":"<!-- This site is optimized with the Yoast SEO plugin v19.5.1 - https:\/\/yoast.com\/wordpress\/plugins\/seo\/ -->\n<title>Allgemeine Gesch\u00e4ftsbedingungen - Komet<\/title>\n<meta name=\"robots\" content=\"index, follow, max-snippet:-1, max-image-preview:large, max-video-preview:-1\" \/>\n<link rel=\"canonical\" href=\"https:\/\/komet.pl\/de\/allgemeine-geschaeftsbedingungen\/\" \/>\n<meta property=\"og:locale\" content=\"de_DE\" \/>\n<meta property=\"og:type\" content=\"article\" \/>\n<meta property=\"og:title\" content=\"Allgemeine Gesch\u00e4ftsbedingungen - Komet\" \/>\n<meta property=\"og:description\" content=\"ALLGEMEINE BESTIMMUNGEN Allgemeine Gesch\u00e4ftsbedingungen bestimmen Regeln, nach denen die Handelszusammenarbeit in Bezug auf die vom Hersteller Komet Sp. z o.o., ul. Dworcowa 6, 62-035 Runowo, Polen, Steuernummer NIP: PL7772596580, statistische Nr. REGON: 634214090, www.komet.pl, T: (+48) 61 8\u00a0170\u00a0100, F: (+48) 61 8\u00a0179\u00a0050, eingetragen im Unternehmerregister des Landesgerichtsregisters unter der Nummer KRS 0000030388 angebotenen Produkte und [&hellip;]\" \/>\n<meta property=\"og:url\" content=\"https:\/\/komet.pl\/de\/allgemeine-geschaeftsbedingungen\/\" \/>\n<meta property=\"og:site_name\" content=\"Komet\" \/>\n<meta property=\"article:modified_time\" content=\"2021-06-08T16:49:25+00:00\" \/>\n<meta name=\"twitter:card\" content=\"summary_large_image\" \/>\n<meta name=\"twitter:label1\" content=\"Gesch\u00e4tzte Lesezeit\" \/>\n\t<meta name=\"twitter:data1\" content=\"6\u00a0Minuten\" \/>\n<script type=\"application\/ld+json\" class=\"yoast-schema-graph\">{\"@context\":\"https:\/\/schema.org\",\"@graph\":[{\"@type\":\"WebPage\",\"@id\":\"https:\/\/komet.pl\/de\/allgemeine-geschaeftsbedingungen\/\",\"url\":\"https:\/\/komet.pl\/de\/allgemeine-geschaeftsbedingungen\/\",\"name\":\"Allgemeine Gesch\u00e4ftsbedingungen - Komet\",\"isPartOf\":{\"@id\":\"https:\/\/komet.pl\/#website\"},\"datePublished\":\"2021-02-28T17:27:28+00:00\",\"dateModified\":\"2021-06-08T16:49:25+00:00\",\"breadcrumb\":{\"@id\":\"https:\/\/komet.pl\/de\/allgemeine-geschaeftsbedingungen\/#breadcrumb\"},\"inLanguage\":\"de\",\"potentialAction\":[{\"@type\":\"ReadAction\",\"target\":[\"https:\/\/komet.pl\/de\/allgemeine-geschaeftsbedingungen\/\"]}]},{\"@type\":\"BreadcrumbList\",\"@id\":\"https:\/\/komet.pl\/de\/allgemeine-geschaeftsbedingungen\/#breadcrumb\",\"itemListElement\":[{\"@type\":\"ListItem\",\"position\":1,\"name\":\"Allgemeine Gesch\u00e4ftsbedingungen\"}]},{\"@type\":\"WebSite\",\"@id\":\"https:\/\/komet.pl\/#website\",\"url\":\"https:\/\/komet.pl\/\",\"name\":\"Komet\",\"description\":\"Partner produkcyjny dla firm. Stal i malowanie proszkowe w jednym miejscu.\",\"potentialAction\":[{\"@type\":\"SearchAction\",\"target\":{\"@type\":\"EntryPoint\",\"urlTemplate\":\"https:\/\/komet.pl\/?s={search_term_string}\"},\"query-input\":\"required name=search_term_string\"}],\"inLanguage\":\"de\"}]}<\/script>\n<!-- \/ Yoast SEO plugin. -->","yoast_head_json":{"title":"Allgemeine Gesch\u00e4ftsbedingungen - Komet","robots":{"index":"index","follow":"follow","max-snippet":"max-snippet:-1","max-image-preview":"max-image-preview:large","max-video-preview":"max-video-preview:-1"},"canonical":"https:\/\/komet.pl\/de\/allgemeine-geschaeftsbedingungen\/","og_locale":"de_DE","og_type":"article","og_title":"Allgemeine Gesch\u00e4ftsbedingungen - Komet","og_description":"ALLGEMEINE BESTIMMUNGEN Allgemeine Gesch\u00e4ftsbedingungen bestimmen Regeln, nach denen die Handelszusammenarbeit in Bezug auf die vom Hersteller Komet Sp. z o.o., ul. Dworcowa 6, 62-035 Runowo, Polen, Steuernummer NIP: PL7772596580, statistische Nr. REGON: 634214090, www.komet.pl, T: (+48) 61 8\u00a0170\u00a0100, F: (+48) 61 8\u00a0179\u00a0050, eingetragen im Unternehmerregister des Landesgerichtsregisters unter der Nummer KRS 0000030388 angebotenen Produkte und [&hellip;]","og_url":"https:\/\/komet.pl\/de\/allgemeine-geschaeftsbedingungen\/","og_site_name":"Komet","article_modified_time":"2021-06-08T16:49:25+00:00","twitter_card":"summary_large_image","twitter_misc":{"Gesch\u00e4tzte Lesezeit":"6\u00a0Minuten"},"schema":{"@context":"https:\/\/schema.org","@graph":[{"@type":"WebPage","@id":"https:\/\/komet.pl\/de\/allgemeine-geschaeftsbedingungen\/","url":"https:\/\/komet.pl\/de\/allgemeine-geschaeftsbedingungen\/","name":"Allgemeine Gesch\u00e4ftsbedingungen - Komet","isPartOf":{"@id":"https:\/\/komet.pl\/#website"},"datePublished":"2021-02-28T17:27:28+00:00","dateModified":"2021-06-08T16:49:25+00:00","breadcrumb":{"@id":"https:\/\/komet.pl\/de\/allgemeine-geschaeftsbedingungen\/#breadcrumb"},"inLanguage":"de","potentialAction":[{"@type":"ReadAction","target":["https:\/\/komet.pl\/de\/allgemeine-geschaeftsbedingungen\/"]}]},{"@type":"BreadcrumbList","@id":"https:\/\/komet.pl\/de\/allgemeine-geschaeftsbedingungen\/#breadcrumb","itemListElement":[{"@type":"ListItem","position":1,"name":"Allgemeine Gesch\u00e4ftsbedingungen"}]},{"@type":"WebSite","@id":"https:\/\/komet.pl\/#website","url":"https:\/\/komet.pl\/","name":"Komet","description":"Partner produkcyjny dla firm. Stal i malowanie proszkowe w jednym miejscu.","potentialAction":[{"@type":"SearchAction","target":{"@type":"EntryPoint","urlTemplate":"https:\/\/komet.pl\/?s={search_term_string}"},"query-input":"required name=search_term_string"}],"inLanguage":"de"}]}},"_links":{"self":[{"href":"https:\/\/komet.pl\/de\/wp-json\/wp\/v2\/pages\/1327"}],"collection":[{"href":"https:\/\/komet.pl\/de\/wp-json\/wp\/v2\/pages"}],"about":[{"href":"https:\/\/komet.pl\/de\/wp-json\/wp\/v2\/types\/page"}],"author":[{"embeddable":true,"href":"https:\/\/komet.pl\/de\/wp-json\/wp\/v2\/users\/1"}],"replies":[{"embeddable":true,"href":"https:\/\/komet.pl\/de\/wp-json\/wp\/v2\/comments?post=1327"}],"version-history":[{"count":2,"href":"https:\/\/komet.pl\/de\/wp-json\/wp\/v2\/pages\/1327\/revisions"}],"predecessor-version":[{"id":2025,"href":"https:\/\/komet.pl\/de\/wp-json\/wp\/v2\/pages\/1327\/revisions\/2025"}],"wp:attachment":[{"href":"https:\/\/komet.pl\/de\/wp-json\/wp\/v2\/media?parent=1327"}],"curies":[{"name":"wp","href":"https:\/\/api.w.org\/{rel}","templated":true}]}}