{"id":1312,"date":"2021-02-28T18:29:01","date_gmt":"2021-02-28T17:29:01","guid":{"rendered":"https:\/\/komet.pl\/gwarancje\/"},"modified":"2021-06-08T18:59:26","modified_gmt":"2021-06-08T16:59:26","slug":"garantien","status":"publish","type":"page","link":"https:\/\/komet.pl\/de\/garantien\/","title":{"rendered":"Garantien"},"content":{"rendered":"\n<p>GARANTIEBEDINGUNGEN PULVERBESCHICHTUNG<\/p>\n\n\n\n<p><strong><strong>Komet Sp. z o.o. erteilt eine Garantie f\u00fcr die Pulverbeschichtung im folgenden Bereich:<\/strong><\/strong><\/p>\n\n\n\n<ul><li>Farben\u00fcbereinstimmung (RAL-Farbe),<\/li><li>Schichtdicke (60-120 ?m; Abweichung bis 20%)<\/li><li>Beschichtungsqualit\u00e4t (Haftigkeit, Fettbest\u00e4ndigkeit, Blasenfreiheit)<\/li><\/ul>\n\n\n\n<p>Die Garantiezeit betr\u00e4gt 2 Jahre und sie beginnt zum Zeitpunkt der Abnahme eines Produktes durch den Auftraggeber.<\/p>\n\n\n\n<p><strong><strong>Die Garantie gilt ausschlie\u00dflich, wenn folgende Bedingungen erf\u00fcllt sind:<\/strong><\/strong><\/p>\n\n\n\n<ul><li>Produkte werden bei Standardwetterbedingungen genutzt und aufbewahrt<\/li><li>Produkte hatten keinen Kontakt zu aggressiv wirkenden Stoffen<\/li><li>zur Lackierung \u00fcbergebene Produkte hatten keine Defekte (Material und Ausf\u00fchrung)<\/li><li>zur Lackierung \u00fcbergebene Produkte hatten keinen Kontakt zu Stoffen, die eine Beschichtungsbesch\u00e4digung verursachen k\u00f6nnten, auch mit Zeitverz\u00f6gerung<\/li><li>w\u00e4hrend des Transportes waren die lackierten Produkte oder Bauteile entsprechend abgesichert<\/li><li>Produkte oder Bauteile wurden w\u00e4hrend Entladung, Montage, Nutzung nicht besch\u00e4digt<\/li><\/ul>\n\n\n\n<p><strong><strong>Die Garantie umfasst Folgendes nicht:<\/strong><\/strong><\/p>\n\n\n\n<ul><li>mechanische und chemische Besch\u00e4digung, die nach der Dienstleistungserbringung entstanden sind<\/li><li>eine mit Verwendung eines vom Auftraggeber gelieferten, bzw. beim Lieferanten, den der Auftraggeber bestimmt hat, eingekauften Pulverlacks erbrachte Dienstleistung<\/li><li>das Umlackieren eines Produktes in eine andere Farbe (Auftragen einer weiteren Schicht)<\/li><li>Beschichtungen auf Produkten, die nicht gem\u00e4\u00df der Kunst ausgef\u00fchrt wurden; darin Verformungen, die infolge von \u00fcberm\u00e4\u00dfigen Konstruktionsspannungen entstanden sind, auch nach gewisser Zeit<\/li><\/ul>\n\n\n\n<ul><li>bei der Montage oder Falschnutzung entstandene Besch\u00e4digungen<\/li><li>infolge der Wirkung h\u00f6herer Gewalt, einer Naturkatastrophe entstandene M\u00e4ngel<\/li><li>nat\u00fcrlicher Verschlei\u00df, bzw. Ver\u00e4nderungen, die mit einem normalen Alterungsprozess einhergehen<\/li><li>\u00fcberm\u00e4\u00dfige Exposition von Produkten oder Bauteilen gegen UV-Strahlung oder Feuchtigkeit (M\u00f6glichkeit der Entstehung von Flecken und Verf\u00e4rbungen)<\/li><li>im Fall von Kontakt mit Materialien, die Korrosion verursachen k\u00f6nnen<\/li><li>subjektive M\u00e4ngel, die keinen Einfluss auf die \u00c4sthetik der erbrachten Dienstleistung haben<\/li><li>mittelbare Anspr\u00fcche, die der Dienstleister nicht beeinflussen kann, z. B. Verlust von Zufriedenheit, Kunden etc.<\/li><\/ul>\n\n\n\n<p><strong><strong>Bewertung der Beschichtungsqualit\u00e4t:<\/strong><\/strong><\/p>\n\n\n\n<ul><li>die Beschichtung wird ausschlie\u00dflich an einer wesentlichen (f\u00fcr den Endbenutzer) sichtbaren Produktoberfl\u00e4che bewertet. Auf die Wesentlichkeit einer Oberfl\u00e4che weist der Auftraggeber vor Beginn der Dienstleistungserbringung. &#8211; Eine wesentliche Fl\u00e4che darf keine Dellen und keine im Lackierprozess schwer zug\u00e4nglichen Stellen enthalten<\/li><li>w\u00e4hrend der Bewertung der Beschichtungsqualit\u00e4t werden alle mechanischen Besch\u00e4digungen und die Art und Weise der Produktnutzung \u00fcberpr\u00fcft, darin ob das Produkt der Wirkung intensiver Wetterfaktoren ausgesetzt wurde.<\/li><\/ul>\n\n\n\n<p><strong><strong>Empfehlungen zur Wartung:<\/strong><\/strong><\/p>\n\n\n\n<ul><li>um gutes Aussehen der Beschichtung beizubehalten, soll man die Produkte bedarfsgem\u00e4\u00df von Verschmutzungen reinigen<\/li><li>in Gebieten, in denen die Beschichtung mit konzentrierten (chemischen) Verunreinigungen in der Atmosph\u00e4re reagieren kann, wie Industriegel\u00e4nde, Seegebiete, ist die Frequenz der Verunreinigungsbeseitigung von Produkten zu erh\u00f6hen<\/li><li>manche Reinigungsmittel k\u00f6nnen Beschichtungsbesch\u00e4digung verursachen. Aggressive Reinigungsmittel k\u00f6nnen den Korrosionsprozess initiieren. Ihre Verwendung ist verboten<\/li><li>zum Beschichtungswaschen empfehlen wir die Verwendung von neutralen Reinigungsmitteln, mit einem pH-Wert zwischen 5 und 8.<\/li><\/ul>\n\n\n\n<p>Diese Garantiebedingungen treten am 01.03.2021 in Kraft.<\/p>\n\n\n\n<p>Komet Sp. z o.o.<\/p>\n","protected":false},"excerpt":{"rendered":"<p>GARANTIEBEDINGUNGEN PULVERBESCHICHTUNG Komet Sp. z o.o. erteilt eine Garantie f\u00fcr die Pulverbeschichtung im folgenden Bereich: Farben\u00fcbereinstimmung (RAL-Farbe), Schichtdicke (60-120 ?m; Abweichung bis 20%) Beschichtungsqualit\u00e4t (Haftigkeit, Fettbest\u00e4ndigkeit, Blasenfreiheit) Die Garantiezeit betr\u00e4gt 2 Jahre und sie beginnt zum Zeitpunkt der Abnahme eines Produktes durch den Auftraggeber. Die Garantie gilt ausschlie\u00dflich, wenn folgende Bedingungen erf\u00fcllt sind: Produkte werden [&hellip;]<\/p>\n","protected":false},"author":1,"featured_media":4372,"parent":0,"menu_order":0,"comment_status":"closed","ping_status":"closed","template":"","meta":{"inline_featured_image":false},"yoast_head":"<!-- This site is optimized with the Yoast SEO plugin v19.5.1 - https:\/\/yoast.com\/wordpress\/plugins\/seo\/ -->\n<title>Garantien - Komet<\/title>\n<meta name=\"robots\" content=\"index, follow, max-snippet:-1, max-image-preview:large, max-video-preview:-1\" \/>\n<link rel=\"canonical\" href=\"https:\/\/komet.pl\/de\/garantien\/\" \/>\n<meta property=\"og:locale\" content=\"de_DE\" \/>\n<meta property=\"og:type\" content=\"article\" \/>\n<meta property=\"og:title\" content=\"Garantien - Komet\" \/>\n<meta property=\"og:description\" content=\"GARANTIEBEDINGUNGEN PULVERBESCHICHTUNG Komet Sp. z o.o. erteilt eine Garantie f\u00fcr die Pulverbeschichtung im folgenden Bereich: Farben\u00fcbereinstimmung (RAL-Farbe), Schichtdicke (60-120 ?m; Abweichung bis 20%) Beschichtungsqualit\u00e4t (Haftigkeit, Fettbest\u00e4ndigkeit, Blasenfreiheit) Die Garantiezeit betr\u00e4gt 2 Jahre und sie beginnt zum Zeitpunkt der Abnahme eines Produktes durch den Auftraggeber. Die Garantie gilt ausschlie\u00dflich, wenn folgende Bedingungen erf\u00fcllt sind: Produkte werden [&hellip;]\" \/>\n<meta property=\"og:url\" content=\"https:\/\/komet.pl\/de\/garantien\/\" \/>\n<meta property=\"og:site_name\" content=\"Komet\" \/>\n<meta property=\"article:modified_time\" content=\"2021-06-08T16:59:26+00:00\" \/>\n<meta name=\"twitter:card\" content=\"summary_large_image\" \/>\n<meta name=\"twitter:label1\" content=\"Gesch\u00e4tzte Lesezeit\" \/>\n\t<meta name=\"twitter:data1\" content=\"2\u00a0Minuten\" \/>\n<script type=\"application\/ld+json\" class=\"yoast-schema-graph\">{\"@context\":\"https:\/\/schema.org\",\"@graph\":[{\"@type\":\"WebPage\",\"@id\":\"https:\/\/komet.pl\/de\/garantien\/\",\"url\":\"https:\/\/komet.pl\/de\/garantien\/\",\"name\":\"Garantien - Komet\",\"isPartOf\":{\"@id\":\"https:\/\/komet.pl\/#website\"},\"datePublished\":\"2021-02-28T17:29:01+00:00\",\"dateModified\":\"2021-06-08T16:59:26+00:00\",\"breadcrumb\":{\"@id\":\"https:\/\/komet.pl\/de\/garantien\/#breadcrumb\"},\"inLanguage\":\"de\",\"potentialAction\":[{\"@type\":\"ReadAction\",\"target\":[\"https:\/\/komet.pl\/de\/garantien\/\"]}]},{\"@type\":\"BreadcrumbList\",\"@id\":\"https:\/\/komet.pl\/de\/garantien\/#breadcrumb\",\"itemListElement\":[{\"@type\":\"ListItem\",\"position\":1,\"name\":\"Garantien\"}]},{\"@type\":\"WebSite\",\"@id\":\"https:\/\/komet.pl\/#website\",\"url\":\"https:\/\/komet.pl\/\",\"name\":\"Komet\",\"description\":\"Partner produkcyjny dla firm. Stal i malowanie proszkowe w jednym miejscu.\",\"potentialAction\":[{\"@type\":\"SearchAction\",\"target\":{\"@type\":\"EntryPoint\",\"urlTemplate\":\"https:\/\/komet.pl\/?s={search_term_string}\"},\"query-input\":\"required name=search_term_string\"}],\"inLanguage\":\"de\"}]}<\/script>\n<!-- \/ Yoast SEO plugin. -->","yoast_head_json":{"title":"Garantien - Komet","robots":{"index":"index","follow":"follow","max-snippet":"max-snippet:-1","max-image-preview":"max-image-preview:large","max-video-preview":"max-video-preview:-1"},"canonical":"https:\/\/komet.pl\/de\/garantien\/","og_locale":"de_DE","og_type":"article","og_title":"Garantien - Komet","og_description":"GARANTIEBEDINGUNGEN PULVERBESCHICHTUNG Komet Sp. z o.o. erteilt eine Garantie f\u00fcr die Pulverbeschichtung im folgenden Bereich: Farben\u00fcbereinstimmung (RAL-Farbe), Schichtdicke (60-120 ?m; Abweichung bis 20%) Beschichtungsqualit\u00e4t (Haftigkeit, Fettbest\u00e4ndigkeit, Blasenfreiheit) Die Garantiezeit betr\u00e4gt 2 Jahre und sie beginnt zum Zeitpunkt der Abnahme eines Produktes durch den Auftraggeber. Die Garantie gilt ausschlie\u00dflich, wenn folgende Bedingungen erf\u00fcllt sind: Produkte werden [&hellip;]","og_url":"https:\/\/komet.pl\/de\/garantien\/","og_site_name":"Komet","article_modified_time":"2021-06-08T16:59:26+00:00","twitter_card":"summary_large_image","twitter_misc":{"Gesch\u00e4tzte Lesezeit":"2\u00a0Minuten"},"schema":{"@context":"https:\/\/schema.org","@graph":[{"@type":"WebPage","@id":"https:\/\/komet.pl\/de\/garantien\/","url":"https:\/\/komet.pl\/de\/garantien\/","name":"Garantien - Komet","isPartOf":{"@id":"https:\/\/komet.pl\/#website"},"datePublished":"2021-02-28T17:29:01+00:00","dateModified":"2021-06-08T16:59:26+00:00","breadcrumb":{"@id":"https:\/\/komet.pl\/de\/garantien\/#breadcrumb"},"inLanguage":"de","potentialAction":[{"@type":"ReadAction","target":["https:\/\/komet.pl\/de\/garantien\/"]}]},{"@type":"BreadcrumbList","@id":"https:\/\/komet.pl\/de\/garantien\/#breadcrumb","itemListElement":[{"@type":"ListItem","position":1,"name":"Garantien"}]},{"@type":"WebSite","@id":"https:\/\/komet.pl\/#website","url":"https:\/\/komet.pl\/","name":"Komet","description":"Partner produkcyjny dla firm. Stal i malowanie proszkowe w jednym miejscu.","potentialAction":[{"@type":"SearchAction","target":{"@type":"EntryPoint","urlTemplate":"https:\/\/komet.pl\/?s={search_term_string}"},"query-input":"required name=search_term_string"}],"inLanguage":"de"}]}},"_links":{"self":[{"href":"https:\/\/komet.pl\/de\/wp-json\/wp\/v2\/pages\/1312"}],"collection":[{"href":"https:\/\/komet.pl\/de\/wp-json\/wp\/v2\/pages"}],"about":[{"href":"https:\/\/komet.pl\/de\/wp-json\/wp\/v2\/types\/page"}],"author":[{"embeddable":true,"href":"https:\/\/komet.pl\/de\/wp-json\/wp\/v2\/users\/1"}],"replies":[{"embeddable":true,"href":"https:\/\/komet.pl\/de\/wp-json\/wp\/v2\/comments?post=1312"}],"version-history":[{"count":2,"href":"https:\/\/komet.pl\/de\/wp-json\/wp\/v2\/pages\/1312\/revisions"}],"predecessor-version":[{"id":2031,"href":"https:\/\/komet.pl\/de\/wp-json\/wp\/v2\/pages\/1312\/revisions\/2031"}],"wp:featuredmedia":[{"embeddable":true,"href":"https:\/\/komet.pl\/de\/wp-json\/wp\/v2\/media\/4372"}],"wp:attachment":[{"href":"https:\/\/komet.pl\/de\/wp-json\/wp\/v2\/media?parent=1312"}],"curies":[{"name":"wp","href":"https:\/\/api.w.org\/{rel}","templated":true}]}}