{"id":1292,"date":"2021-03-09T16:43:09","date_gmt":"2021-03-09T15:43:09","guid":{"rendered":"https:\/\/komet.pl\/spawacz\/"},"modified":"2021-06-08T19:06:55","modified_gmt":"2021-06-08T17:06:55","slug":"schweisser","status":"publish","type":"page","link":"https:\/\/komet.pl\/de\/jobs\/schweisser\/","title":{"rendered":"Schwei\u00dfer"},"content":{"rendered":"\n<p>Arbeitsort: Komet Sp. z o.o.<\/p>\n\n\n\n<p><strong><strong>Stellenbeschreibung<\/strong><\/strong><\/p>\n\n\n\n<ul><li>Schwei\u00dfen von Stahlkonstruktionen im MIG\/MAG-, bzw. WIG-Verfahren,<\/li><li>Arbeit auf Basis von technischen Zeichnungen und Produktkarten,<\/li><li>Kontrolle der hergestellten Teile.<\/li><\/ul>\n\n\n\n<p><strong><strong>Unsere Erwartungen<\/strong><\/strong><\/p>\n\n\n\n<ul><li>Erfahrung als Schwei\u00dfer,<\/li><li>F\u00e4higkeit, Elektrowerkzeuge zu bedienen,<\/li><li>F\u00e4higkeit, technische Zeichnungen zu lesen,<\/li><li>manuelle Fertigkeiten, dreidimensionale Vorstellungskraft,<\/li><li>Genauigkeit, Gewissenhaftigkeit, Pr\u00e4zision,<\/li><li>Teamf\u00e4higkeit.<\/li><\/ul>\n\n\n\n<p><strong><strong>Wir bieten<\/strong><\/strong><\/p>\n\n\n\n<ul><li>eine stabile Einstellung auf Arbeitsvertragsbasis,<\/li><li>sehr gute Arbeitsbedingungen (Arbeitsstellenausstattung, geschlossene und beheizte Halle),<\/li><li>wettbewerbsf\u00e4higen Lohn,<\/li><li>die M\u00f6glichkeit, sich beruflich zu entwickeln.<\/li><\/ul>\n\n\n\n<p><strong><strong>Wir garantieren<\/strong><\/strong><\/p>\n\n\n\n<ul><li>eine Einf\u00fchrungsschulung,<\/li><li>Mitarbeiterparkplatz,<\/li><li>M\u00f6glichkeit, dem Firmenprogramm ?Junges Elternteil? beizutreten,<\/li><li>Mitfinanzierung der Multisport-Karte.<\/li><\/ul>\n\n\n\n<p><strong><strong>Wir sorgen f\u00fcr<\/strong><\/strong><\/p>\n\n\n\n<ul><li>eine gute Stimmung und freundliche Arbeitsbedingungen.<\/li><\/ul>\n","protected":false},"excerpt":{"rendered":"<p>Arbeitsort: Komet Sp. z o.o. Stellenbeschreibung Schwei\u00dfen von Stahlkonstruktionen im MIG\/MAG-, bzw. WIG-Verfahren, Arbeit auf Basis von technischen Zeichnungen und Produktkarten, Kontrolle der hergestellten Teile. Unsere Erwartungen Erfahrung als Schwei\u00dfer, F\u00e4higkeit, Elektrowerkzeuge zu bedienen, F\u00e4higkeit, technische Zeichnungen zu lesen, manuelle Fertigkeiten, dreidimensionale Vorstellungskraft, Genauigkeit, Gewissenhaftigkeit, Pr\u00e4zision, Teamf\u00e4higkeit. Wir bieten eine stabile Einstellung auf Arbeitsvertragsbasis, sehr [&hellip;]<\/p>\n","protected":false},"author":1,"featured_media":1293,"parent":2444,"menu_order":0,"comment_status":"closed","ping_status":"closed","template":"page-strona.php","meta":{"inline_featured_image":false},"yoast_head":"<!-- This site is optimized with the Yoast SEO plugin v19.5.1 - https:\/\/yoast.com\/wordpress\/plugins\/seo\/ -->\n<title>Schwei\u00dfer - Komet<\/title>\n<meta name=\"robots\" content=\"index, follow, max-snippet:-1, max-image-preview:large, max-video-preview:-1\" \/>\n<link rel=\"canonical\" href=\"https:\/\/komet.pl\/de\/jobs\/schweisser\/\" \/>\n<meta property=\"og:locale\" content=\"de_DE\" \/>\n<meta property=\"og:type\" content=\"article\" \/>\n<meta property=\"og:title\" content=\"Schwei\u00dfer - Komet\" \/>\n<meta property=\"og:description\" content=\"Arbeitsort: Komet Sp. z o.o. Stellenbeschreibung Schwei\u00dfen von Stahlkonstruktionen im MIG\/MAG-, bzw. WIG-Verfahren, Arbeit auf Basis von technischen Zeichnungen und Produktkarten, Kontrolle der hergestellten Teile. Unsere Erwartungen Erfahrung als Schwei\u00dfer, F\u00e4higkeit, Elektrowerkzeuge zu bedienen, F\u00e4higkeit, technische Zeichnungen zu lesen, manuelle Fertigkeiten, dreidimensionale Vorstellungskraft, Genauigkeit, Gewissenhaftigkeit, Pr\u00e4zision, Teamf\u00e4higkeit. Wir bieten eine stabile Einstellung auf Arbeitsvertragsbasis, sehr [&hellip;]\" \/>\n<meta property=\"og:url\" content=\"https:\/\/komet.pl\/de\/jobs\/schweisser\/\" \/>\n<meta property=\"og:site_name\" content=\"Komet\" \/>\n<meta property=\"article:modified_time\" content=\"2021-06-08T17:06:55+00:00\" \/>\n<meta property=\"og:image\" content=\"https:\/\/komet.pl\/wp-content\/uploads\/2021\/04\/3A_KonkurencyjneWynagrodzenie-scaled.jpg\" \/>\n\t<meta property=\"og:image:width\" content=\"2560\" \/>\n\t<meta property=\"og:image:height\" content=\"1440\" \/>\n\t<meta property=\"og:image:type\" content=\"image\/jpeg\" \/>\n<meta name=\"twitter:card\" content=\"summary_large_image\" \/>\n<meta name=\"twitter:label1\" content=\"Gesch\u00e4tzte Lesezeit\" \/>\n\t<meta name=\"twitter:data1\" content=\"1\u00a0Minute\" \/>\n<script type=\"application\/ld+json\" class=\"yoast-schema-graph\">{\"@context\":\"https:\/\/schema.org\",\"@graph\":[{\"@type\":\"WebPage\",\"@id\":\"https:\/\/komet.pl\/de\/jobs\/schweisser\/\",\"url\":\"https:\/\/komet.pl\/de\/jobs\/schweisser\/\",\"name\":\"Schwei\u00dfer - Komet\",\"isPartOf\":{\"@id\":\"https:\/\/komet.pl\/#website\"},\"datePublished\":\"2021-03-09T15:43:09+00:00\",\"dateModified\":\"2021-06-08T17:06:55+00:00\",\"breadcrumb\":{\"@id\":\"https:\/\/komet.pl\/de\/jobs\/schweisser\/#breadcrumb\"},\"inLanguage\":\"de\",\"potentialAction\":[{\"@type\":\"ReadAction\",\"target\":[\"https:\/\/komet.pl\/de\/jobs\/schweisser\/\"]}]},{\"@type\":\"BreadcrumbList\",\"@id\":\"https:\/\/komet.pl\/de\/jobs\/schweisser\/#breadcrumb\",\"itemListElement\":[{\"@type\":\"ListItem\",\"position\":1,\"name\":\"Jobs\",\"item\":\"https:\/\/komet.pl\/de\/jobs\/\"},{\"@type\":\"ListItem\",\"position\":2,\"name\":\"Schwei\u00dfer\"}]},{\"@type\":\"WebSite\",\"@id\":\"https:\/\/komet.pl\/#website\",\"url\":\"https:\/\/komet.pl\/\",\"name\":\"Komet\",\"description\":\"Partner produkcyjny dla firm. Stal i malowanie proszkowe w jednym miejscu.\",\"potentialAction\":[{\"@type\":\"SearchAction\",\"target\":{\"@type\":\"EntryPoint\",\"urlTemplate\":\"https:\/\/komet.pl\/?s={search_term_string}\"},\"query-input\":\"required name=search_term_string\"}],\"inLanguage\":\"de\"}]}<\/script>\n<!-- \/ Yoast SEO plugin. -->","yoast_head_json":{"title":"Schwei\u00dfer - Komet","robots":{"index":"index","follow":"follow","max-snippet":"max-snippet:-1","max-image-preview":"max-image-preview:large","max-video-preview":"max-video-preview:-1"},"canonical":"https:\/\/komet.pl\/de\/jobs\/schweisser\/","og_locale":"de_DE","og_type":"article","og_title":"Schwei\u00dfer - Komet","og_description":"Arbeitsort: Komet Sp. z o.o. Stellenbeschreibung Schwei\u00dfen von Stahlkonstruktionen im MIG\/MAG-, bzw. WIG-Verfahren, Arbeit auf Basis von technischen Zeichnungen und Produktkarten, Kontrolle der hergestellten Teile. Unsere Erwartungen Erfahrung als Schwei\u00dfer, F\u00e4higkeit, Elektrowerkzeuge zu bedienen, F\u00e4higkeit, technische Zeichnungen zu lesen, manuelle Fertigkeiten, dreidimensionale Vorstellungskraft, Genauigkeit, Gewissenhaftigkeit, Pr\u00e4zision, Teamf\u00e4higkeit. Wir bieten eine stabile Einstellung auf Arbeitsvertragsbasis, sehr [&hellip;]","og_url":"https:\/\/komet.pl\/de\/jobs\/schweisser\/","og_site_name":"Komet","article_modified_time":"2021-06-08T17:06:55+00:00","og_image":[{"width":2560,"height":1440,"url":"https:\/\/komet.pl\/wp-content\/uploads\/2021\/04\/3A_KonkurencyjneWynagrodzenie-scaled.jpg","type":"image\/jpeg"}],"twitter_card":"summary_large_image","twitter_misc":{"Gesch\u00e4tzte Lesezeit":"1\u00a0Minute"},"schema":{"@context":"https:\/\/schema.org","@graph":[{"@type":"WebPage","@id":"https:\/\/komet.pl\/de\/jobs\/schweisser\/","url":"https:\/\/komet.pl\/de\/jobs\/schweisser\/","name":"Schwei\u00dfer - Komet","isPartOf":{"@id":"https:\/\/komet.pl\/#website"},"datePublished":"2021-03-09T15:43:09+00:00","dateModified":"2021-06-08T17:06:55+00:00","breadcrumb":{"@id":"https:\/\/komet.pl\/de\/jobs\/schweisser\/#breadcrumb"},"inLanguage":"de","potentialAction":[{"@type":"ReadAction","target":["https:\/\/komet.pl\/de\/jobs\/schweisser\/"]}]},{"@type":"BreadcrumbList","@id":"https:\/\/komet.pl\/de\/jobs\/schweisser\/#breadcrumb","itemListElement":[{"@type":"ListItem","position":1,"name":"Jobs","item":"https:\/\/komet.pl\/de\/jobs\/"},{"@type":"ListItem","position":2,"name":"Schwei\u00dfer"}]},{"@type":"WebSite","@id":"https:\/\/komet.pl\/#website","url":"https:\/\/komet.pl\/","name":"Komet","description":"Partner produkcyjny dla firm. Stal i malowanie proszkowe w jednym miejscu.","potentialAction":[{"@type":"SearchAction","target":{"@type":"EntryPoint","urlTemplate":"https:\/\/komet.pl\/?s={search_term_string}"},"query-input":"required name=search_term_string"}],"inLanguage":"de"}]}},"_links":{"self":[{"href":"https:\/\/komet.pl\/de\/wp-json\/wp\/v2\/pages\/1292"}],"collection":[{"href":"https:\/\/komet.pl\/de\/wp-json\/wp\/v2\/pages"}],"about":[{"href":"https:\/\/komet.pl\/de\/wp-json\/wp\/v2\/types\/page"}],"author":[{"embeddable":true,"href":"https:\/\/komet.pl\/de\/wp-json\/wp\/v2\/users\/1"}],"replies":[{"embeddable":true,"href":"https:\/\/komet.pl\/de\/wp-json\/wp\/v2\/comments?post=1292"}],"version-history":[{"count":2,"href":"https:\/\/komet.pl\/de\/wp-json\/wp\/v2\/pages\/1292\/revisions"}],"predecessor-version":[{"id":2038,"href":"https:\/\/komet.pl\/de\/wp-json\/wp\/v2\/pages\/1292\/revisions\/2038"}],"up":[{"embeddable":true,"href":"https:\/\/komet.pl\/de\/wp-json\/wp\/v2\/pages\/2444"}],"wp:featuredmedia":[{"embeddable":true,"href":"https:\/\/komet.pl\/de\/wp-json\/wp\/v2\/media\/1293"}],"wp:attachment":[{"href":"https:\/\/komet.pl\/de\/wp-json\/wp\/v2\/media?parent=1292"}],"curies":[{"name":"wp","href":"https:\/\/api.w.org\/{rel}","templated":true}]}}