{"id":1286,"date":"2021-01-10T16:13:01","date_gmt":"2021-01-10T15:13:01","guid":{"rendered":"https:\/\/komet.pl\/specjalista-ds-eksportu\/"},"modified":"2021-06-08T19:04:54","modified_gmt":"2021-06-08T17:04:54","slug":"exportfachkraft","status":"publish","type":"page","link":"https:\/\/komet.pl\/de\/jobs\/exportfachkraft\/","title":{"rendered":"Exportfachkraft"},"content":{"rendered":"\n<p>Sind Sie an Zusammenarbeit mit ausl\u00e4ndischen Kunden interessiert? Sprechen Sie Fremdsprachen? F\u00e4llt es Ihnen leicht, Kontakte zu kn\u00fcpfen und aufrechtzuerhalten? Engagieren Sie sich stark in Ihre Arbeit? Dann ist unsere Anzeige gerade f\u00fcr Sie&#8230;<\/p>\n\n\n\n<p>Arbeitsort: Komet Sp. z o.o.<\/p>\n\n\n\n<p><strong><strong>Stellenbeschreibung<\/strong><\/strong><\/p>\n\n\n\n<ul><li>B2B-Kunden suchen, Gesch\u00e4ftsbeziehungen eingehen,<\/li><li>Verkauf entwickeln und ausl\u00e4ndische Kunden bedienen,<\/li><li>an Kundenterminen und Handelsmessen teilnehmen,<\/li><li>Angebote vorbereiten, Zusammenarbeitsbedingungen verhandeln, Auftragsabwicklung beaufsichtigen,<\/li><li>mit Technologischer Abteilung bei der Projektabwicklung kooperieren,<\/li><li>Markttrends \u00fcberwachen, Dokumentation f\u00fcr die eigene Abteilung und f\u00fcr die Gesch\u00e4ftsf\u00fchrung erstellen,<\/li><li>Firmenimage und Markenerkennbarkeit auf ausl\u00e4ndischen M\u00e4rkten st\u00e4rken.<\/li><\/ul>\n\n\n\n<p><strong><strong>Unsere Erwartungen<\/strong><\/strong><\/p>\n\n\n\n<ul><li>Ihnen f\u00e4llt es leicht, Kontakte zu kn\u00fcpfen und langfristige Gesch\u00e4ftsbeziehungen aufzubauen,<\/li><li>Sie sind offen, engagiert, motiviert, mit guten Umgangsformen, Sie k\u00f6nnen im Team arbeiten,<\/li><li>Sie sprechen flie\u00dfend Englisch, Deutsch oder Franz\u00f6sisch,<\/li><li>Die Kenntnis einer weiteren Fremdsprache ist ein weiterer Vorteil,<\/li><li>Sie haben mindestens 2 Jahre Erfahrung an einem \u00e4hnlichen Posten,<\/li><li>Sie kennen MS Office-Paket (Excel, Word, Outlook),<\/li><li>Sie k\u00f6nnen Ihre Arbeit gut organisieren, Sie k\u00f6nnen gewissenhaft und selbst\u00e4ndig arbeiten.<\/li><\/ul>\n\n\n\n<p><strong><strong>Wir bieten<\/strong><\/strong><\/p>\n\n\n\n<ul><li>einen Arbeitsvertrag in einem dynamischen Unternehmen,<\/li><li>ein gut eingespieltes Team und einen internationalen Arbeitskontext,<\/li><li>die Teilnahme an der Abwicklung interessanter Projekte,<\/li><li>die M\u00f6glichkeit, sich beruflich zu entwickeln,<\/li><li>flexible Arbeitszeit.<\/li><\/ul>\n\n\n\n<p><strong><strong>Wir garantieren<\/strong><\/strong><\/p>\n\n\n\n<ul><li>unentbehrliche Arbeitswerkzeuge &#8211; PC und Diensthandy,<\/li><li>Einweisung und Einf\u00fchrungsschulung,<\/li><li>Zugang zu den Firmenextras,<\/li><li>guten Kaffee am Arbeitsort &#8211; ohne Limit.<\/li><\/ul>\n\n\n\n<p><strong><strong>Wir sorgen f\u00fcr<\/strong><\/strong><\/p>\n\n\n\n<ul><li>eine gute Stimmung und freundliche Arbeitsbedingungen.<\/li><\/ul>\n","protected":false},"excerpt":{"rendered":"<p>Sind Sie an Zusammenarbeit mit ausl\u00e4ndischen Kunden interessiert? Sprechen Sie Fremdsprachen? F\u00e4llt es Ihnen leicht, Kontakte zu kn\u00fcpfen und aufrechtzuerhalten? Engagieren Sie sich stark in Ihre Arbeit? Dann ist unsere Anzeige gerade f\u00fcr Sie&#8230; Arbeitsort: Komet Sp. z o.o. Stellenbeschreibung B2B-Kunden suchen, Gesch\u00e4ftsbeziehungen eingehen, Verkauf entwickeln und ausl\u00e4ndische Kunden bedienen, an Kundenterminen und Handelsmessen teilnehmen, [&hellip;]<\/p>\n","protected":false},"author":1,"featured_media":1287,"parent":2444,"menu_order":0,"comment_status":"closed","ping_status":"closed","template":"page-strona.php","meta":{"inline_featured_image":false},"yoast_head":"<!-- This site is optimized with the Yoast SEO plugin v19.5.1 - https:\/\/yoast.com\/wordpress\/plugins\/seo\/ -->\n<title>Exportfachkraft - Komet<\/title>\n<meta name=\"robots\" content=\"index, follow, max-snippet:-1, max-image-preview:large, max-video-preview:-1\" \/>\n<link rel=\"canonical\" href=\"https:\/\/komet.pl\/de\/jobs\/exportfachkraft\/\" \/>\n<meta property=\"og:locale\" content=\"de_DE\" \/>\n<meta property=\"og:type\" content=\"article\" \/>\n<meta property=\"og:title\" content=\"Exportfachkraft - Komet\" \/>\n<meta property=\"og:description\" content=\"Sind Sie an Zusammenarbeit mit ausl\u00e4ndischen Kunden interessiert? Sprechen Sie Fremdsprachen? F\u00e4llt es Ihnen leicht, Kontakte zu kn\u00fcpfen und aufrechtzuerhalten? Engagieren Sie sich stark in Ihre Arbeit? Dann ist unsere Anzeige gerade f\u00fcr Sie&#8230; Arbeitsort: Komet Sp. z o.o. Stellenbeschreibung B2B-Kunden suchen, Gesch\u00e4ftsbeziehungen eingehen, Verkauf entwickeln und ausl\u00e4ndische Kunden bedienen, an Kundenterminen und Handelsmessen teilnehmen, [&hellip;]\" \/>\n<meta property=\"og:url\" content=\"https:\/\/komet.pl\/de\/jobs\/exportfachkraft\/\" \/>\n<meta property=\"og:site_name\" content=\"Komet\" \/>\n<meta property=\"article:modified_time\" content=\"2021-06-08T17:04:54+00:00\" \/>\n<meta property=\"og:image\" content=\"https:\/\/komet.pl\/wp-content\/uploads\/2021\/04\/AdobeStock_287005186-scaled.jpeg\" \/>\n\t<meta property=\"og:image:width\" content=\"2560\" \/>\n\t<meta property=\"og:image:height\" content=\"1273\" \/>\n\t<meta property=\"og:image:type\" content=\"image\/jpeg\" \/>\n<meta name=\"twitter:card\" content=\"summary_large_image\" \/>\n<meta name=\"twitter:label1\" content=\"Gesch\u00e4tzte Lesezeit\" \/>\n\t<meta name=\"twitter:data1\" content=\"1\u00a0Minute\" \/>\n<script type=\"application\/ld+json\" class=\"yoast-schema-graph\">{\"@context\":\"https:\/\/schema.org\",\"@graph\":[{\"@type\":\"WebPage\",\"@id\":\"https:\/\/komet.pl\/de\/jobs\/exportfachkraft\/\",\"url\":\"https:\/\/komet.pl\/de\/jobs\/exportfachkraft\/\",\"name\":\"Exportfachkraft - Komet\",\"isPartOf\":{\"@id\":\"https:\/\/komet.pl\/#website\"},\"datePublished\":\"2021-01-10T15:13:01+00:00\",\"dateModified\":\"2021-06-08T17:04:54+00:00\",\"breadcrumb\":{\"@id\":\"https:\/\/komet.pl\/de\/jobs\/exportfachkraft\/#breadcrumb\"},\"inLanguage\":\"de\",\"potentialAction\":[{\"@type\":\"ReadAction\",\"target\":[\"https:\/\/komet.pl\/de\/jobs\/exportfachkraft\/\"]}]},{\"@type\":\"BreadcrumbList\",\"@id\":\"https:\/\/komet.pl\/de\/jobs\/exportfachkraft\/#breadcrumb\",\"itemListElement\":[{\"@type\":\"ListItem\",\"position\":1,\"name\":\"Jobs\",\"item\":\"https:\/\/komet.pl\/de\/jobs\/\"},{\"@type\":\"ListItem\",\"position\":2,\"name\":\"Exportfachkraft\"}]},{\"@type\":\"WebSite\",\"@id\":\"https:\/\/komet.pl\/#website\",\"url\":\"https:\/\/komet.pl\/\",\"name\":\"Komet\",\"description\":\"Partner produkcyjny dla firm. Stal i malowanie proszkowe w jednym miejscu.\",\"potentialAction\":[{\"@type\":\"SearchAction\",\"target\":{\"@type\":\"EntryPoint\",\"urlTemplate\":\"https:\/\/komet.pl\/?s={search_term_string}\"},\"query-input\":\"required name=search_term_string\"}],\"inLanguage\":\"de\"}]}<\/script>\n<!-- \/ Yoast SEO plugin. -->","yoast_head_json":{"title":"Exportfachkraft - Komet","robots":{"index":"index","follow":"follow","max-snippet":"max-snippet:-1","max-image-preview":"max-image-preview:large","max-video-preview":"max-video-preview:-1"},"canonical":"https:\/\/komet.pl\/de\/jobs\/exportfachkraft\/","og_locale":"de_DE","og_type":"article","og_title":"Exportfachkraft - Komet","og_description":"Sind Sie an Zusammenarbeit mit ausl\u00e4ndischen Kunden interessiert? Sprechen Sie Fremdsprachen? F\u00e4llt es Ihnen leicht, Kontakte zu kn\u00fcpfen und aufrechtzuerhalten? Engagieren Sie sich stark in Ihre Arbeit? Dann ist unsere Anzeige gerade f\u00fcr Sie&#8230; Arbeitsort: Komet Sp. z o.o. Stellenbeschreibung B2B-Kunden suchen, Gesch\u00e4ftsbeziehungen eingehen, Verkauf entwickeln und ausl\u00e4ndische Kunden bedienen, an Kundenterminen und Handelsmessen teilnehmen, [&hellip;]","og_url":"https:\/\/komet.pl\/de\/jobs\/exportfachkraft\/","og_site_name":"Komet","article_modified_time":"2021-06-08T17:04:54+00:00","og_image":[{"width":2560,"height":1273,"url":"https:\/\/komet.pl\/wp-content\/uploads\/2021\/04\/AdobeStock_287005186-scaled.jpeg","type":"image\/jpeg"}],"twitter_card":"summary_large_image","twitter_misc":{"Gesch\u00e4tzte Lesezeit":"1\u00a0Minute"},"schema":{"@context":"https:\/\/schema.org","@graph":[{"@type":"WebPage","@id":"https:\/\/komet.pl\/de\/jobs\/exportfachkraft\/","url":"https:\/\/komet.pl\/de\/jobs\/exportfachkraft\/","name":"Exportfachkraft - Komet","isPartOf":{"@id":"https:\/\/komet.pl\/#website"},"datePublished":"2021-01-10T15:13:01+00:00","dateModified":"2021-06-08T17:04:54+00:00","breadcrumb":{"@id":"https:\/\/komet.pl\/de\/jobs\/exportfachkraft\/#breadcrumb"},"inLanguage":"de","potentialAction":[{"@type":"ReadAction","target":["https:\/\/komet.pl\/de\/jobs\/exportfachkraft\/"]}]},{"@type":"BreadcrumbList","@id":"https:\/\/komet.pl\/de\/jobs\/exportfachkraft\/#breadcrumb","itemListElement":[{"@type":"ListItem","position":1,"name":"Jobs","item":"https:\/\/komet.pl\/de\/jobs\/"},{"@type":"ListItem","position":2,"name":"Exportfachkraft"}]},{"@type":"WebSite","@id":"https:\/\/komet.pl\/#website","url":"https:\/\/komet.pl\/","name":"Komet","description":"Partner produkcyjny dla firm. Stal i malowanie proszkowe w jednym miejscu.","potentialAction":[{"@type":"SearchAction","target":{"@type":"EntryPoint","urlTemplate":"https:\/\/komet.pl\/?s={search_term_string}"},"query-input":"required name=search_term_string"}],"inLanguage":"de"}]}},"_links":{"self":[{"href":"https:\/\/komet.pl\/de\/wp-json\/wp\/v2\/pages\/1286"}],"collection":[{"href":"https:\/\/komet.pl\/de\/wp-json\/wp\/v2\/pages"}],"about":[{"href":"https:\/\/komet.pl\/de\/wp-json\/wp\/v2\/types\/page"}],"author":[{"embeddable":true,"href":"https:\/\/komet.pl\/de\/wp-json\/wp\/v2\/users\/1"}],"replies":[{"embeddable":true,"href":"https:\/\/komet.pl\/de\/wp-json\/wp\/v2\/comments?post=1286"}],"version-history":[{"count":2,"href":"https:\/\/komet.pl\/de\/wp-json\/wp\/v2\/pages\/1286\/revisions"}],"predecessor-version":[{"id":2036,"href":"https:\/\/komet.pl\/de\/wp-json\/wp\/v2\/pages\/1286\/revisions\/2036"}],"up":[{"embeddable":true,"href":"https:\/\/komet.pl\/de\/wp-json\/wp\/v2\/pages\/2444"}],"wp:featuredmedia":[{"embeddable":true,"href":"https:\/\/komet.pl\/de\/wp-json\/wp\/v2\/media\/1287"}],"wp:attachment":[{"href":"https:\/\/komet.pl\/de\/wp-json\/wp\/v2\/media?parent=1286"}],"curies":[{"name":"wp","href":"https:\/\/api.w.org\/{rel}","templated":true}]}}